{"id":33737,"date":"2024-10-31T08:15:33","date_gmt":"2024-10-31T07:15:33","guid":{"rendered":"https:\/\/flamencogranada.com\/hoe-kom-ik-bij-los-jardines-de-zoraya\/"},"modified":"2025-06-26T15:00:23","modified_gmt":"2025-06-26T15:00:23","slug":"hoe-kom-ik-bij-los-jardines-de-zoraya","status":"publish","type":"page","link":"https:\/\/flamencogranada.com\/nl\/hoe-kom-ik-bij-los-jardines-de-zoraya\/","title":{"rendered":"Hoe kom ik bij Los Jardines de Zoraya?"},"content":{"rendered":"\t\t<div data-elementor-type=\"wp-page\" data-elementor-id=\"33737\" class=\"elementor elementor-33737 elementor-32591\" data-elementor-post-type=\"page\">\n\t\t\t\t<div class=\"elementor-element elementor-element-56be9e1 e-flex e-con-boxed e-con e-parent\" data-id=\"56be9e1\" data-element_type=\"container\" data-e-type=\"container\" data-settings=\"{&quot;background_background&quot;:&quot;classic&quot;}\">\n\t\t\t\t\t<div class=\"e-con-inner\">\n\t\t\t\t<div class=\"elementor-element elementor-element-87dc4ae elementor-widget elementor-widget-breadcrumbs\" data-id=\"87dc4ae\" data-element_type=\"widget\" data-e-type=\"widget\" data-widget_type=\"breadcrumbs.default\">\n\t\t\t\t<div class=\"elementor-widget-container\">\n\t\t\t\t\t<p id=\"breadcrumbs\"><span><span><a href=\"https:\/\/flamencogranada.com\/nl\/\">Thuis<\/a><\/span><\/span><\/p>\t\t\t\t<\/div>\n\t\t\t\t<\/div>\n\t\t<div class=\"elementor-element elementor-element-f2cb584 e-con-full e-flex e-con e-child\" data-id=\"f2cb584\" data-element_type=\"container\" data-e-type=\"container\">\n\t\t\t\t<div class=\"elementor-element elementor-element-eedf65a elementor-widget elementor-widget-heading\" data-id=\"eedf65a\" data-element_type=\"widget\" data-e-type=\"widget\" data-widget_type=\"heading.default\">\n\t\t\t\t<div class=\"elementor-widget-container\">\n\t\t\t\t\t<h1 class=\"elementor-heading-title elementor-size-default\">Hoe kom ik bij Los Jardines de Zoraya?<\/h1>\t\t\t\t<\/div>\n\t\t\t\t<\/div>\n\t\t\t\t<\/div>\n\t\t\t\t<div class=\"elementor-element elementor-element-1deab9c elementor-widget elementor-widget-spacer\" data-id=\"1deab9c\" data-element_type=\"widget\" data-e-type=\"widget\" data-widget_type=\"spacer.default\">\n\t\t\t\t<div class=\"elementor-widget-container\">\n\t\t\t\t\t\t\t<div class=\"elementor-spacer\">\n\t\t\t<div class=\"elementor-spacer-inner\"><\/div>\n\t\t<\/div>\n\t\t\t\t\t\t<\/div>\n\t\t\t\t<\/div>\n\t\t\t\t\t<\/div>\n\t\t\t\t<\/div>\n\t\t<div class=\"elementor-element elementor-element-57b8f6f e-flex e-con-boxed e-con e-parent\" data-id=\"57b8f6f\" data-element_type=\"container\" data-e-type=\"container\">\n\t\t\t\t\t<div class=\"e-con-inner\">\n\t\t<div class=\"elementor-element elementor-element-e48e7df e-con-full e-flex e-con e-child\" data-id=\"e48e7df\" data-element_type=\"container\" data-e-type=\"container\">\n\t\t\t\t<div class=\"elementor-element elementor-element-40c98ed elementor-widget elementor-widget-text-editor\" data-id=\"40c98ed\" data-element_type=\"widget\" data-e-type=\"widget\" data-widget_type=\"text-editor.default\">\n\t\t\t\t<div class=\"elementor-widget-container\">\n\t\t\t\t\t\t\t\t\t<p>Onze tablao bevindt zich in Calle Panaderos, 32, 18010 Granada, in een van de meest authentieke wijken van de stad, in het hart van het Albaic\u00edn en heel dicht bij het historische centrum van Granada. Het heeft een terras achter de oude moskee van de Albaic\u00edn. We laten een aantal aanwijzingen achter, zodat je ons gemakkelijk kunt vinden vanaf bezienswaardigheden in de buurt:  <\/p>\t\t\t\t\t\t\t\t<\/div>\n\t\t\t\t<\/div>\n\t\t\t\t<\/div>\n\t\t\t\t\t<\/div>\n\t\t\t\t<\/div>\n\t\t<div class=\"elementor-element elementor-element-842f622 e-flex e-con-boxed e-con e-parent\" data-id=\"842f622\" data-element_type=\"container\" data-e-type=\"container\">\n\t\t\t\t\t<div class=\"e-con-inner\">\n\t\t<div class=\"elementor-element elementor-element-7316d5c e-con-full e-flex e-con e-child\" data-id=\"7316d5c\" data-element_type=\"container\" data-e-type=\"container\">\n\t\t\t\t<div class=\"elementor-element elementor-element-2a15557 elementor-widget elementor-widget-google_maps\" data-id=\"2a15557\" data-element_type=\"widget\" data-e-type=\"widget\" data-widget_type=\"google_maps.default\">\n\t\t\t\t<div class=\"elementor-widget-container\">\n\t\t\t\t\t\t\t<div class=\"elementor-custom-embed\">\n\t\t\t<iframe loading=\"lazy\"\n\t\t\t\t\tsrc=\"https:\/\/maps.google.com\/maps?q=C.%20Panaderos%2C%2032%2C%20Albaic%C3%ADn%2C%2018010%20Granada&#038;t=m&#038;z=15&#038;output=embed&#038;iwloc=near\"\n\t\t\t\t\ttitle=\"C. Panaderos, 32, Albaic\u00edn, 18010 Granada\"\n\t\t\t\t\taria-label=\"C. Panaderos, 32, Albaic\u00edn, 18010 Granada\"\n\t\t\t><\/iframe>\n\t\t<\/div>\n\t\t\t\t\t\t<\/div>\n\t\t\t\t<\/div>\n\t\t\t\t<\/div>\n\t\t<div class=\"elementor-element elementor-element-127e033 e-con-full e-flex e-con e-child\" data-id=\"127e033\" data-element_type=\"container\" data-e-type=\"container\">\n\t\t\t\t<div class=\"elementor-element elementor-element-7a6f044 elementor-widget-mobile__width-inherit elementor-widget elementor-widget-text-editor\" data-id=\"7a6f044\" data-element_type=\"widget\" data-e-type=\"widget\" data-widget_type=\"text-editor.default\">\n\t\t\t\t<div class=\"elementor-widget-container\">\n\t\t\t\t\t\t\t\t\t<p><b>Van Plaza Nueva  <\/b><\/p>\t\t\t\t\t\t\t\t<\/div>\n\t\t\t\t<\/div>\n\t\t\t\t<div class=\"elementor-element elementor-element-750e53c elementor-widget-mobile__width-inherit elementor-widget elementor-widget-text-editor\" data-id=\"750e53c\" data-element_type=\"widget\" data-e-type=\"widget\" data-widget_type=\"text-editor.default\">\n\t\t\t\t<div class=\"elementor-widget-container\">\n\t\t\t\t\t\t\t\t\t<ul><li>Wandelen: (17 minuten):  <\/li><\/ul>\t\t\t\t\t\t\t\t<\/div>\n\t\t\t\t<\/div>\n\t\t\t\t<div class=\"elementor-element elementor-element-d55843b elementor-widget elementor-widget-text-editor\" data-id=\"d55843b\" data-element_type=\"widget\" data-e-type=\"widget\" data-widget_type=\"text-editor.default\">\n\t\t\t\t<div class=\"elementor-widget-container\">\n\t\t\t\t\t\t\t\t\t<ol><li style=\"font-weight: 400;\" aria-level=\"1\"><span style=\"font-weight: 400;\">Neem vanaf Plaza Nueva de afslag naar Calle Elvira (linkerhoek vanaf de fontein van Plaza Nueva).<\/span><\/li><li style=\"font-weight: 400;\" aria-level=\"1\"><span style=\"font-weight: 400;\">Ga rechtdoor en loop ongeveer 500 meter langs de Calle Elvira tot je de Arco de Elvira (een grote stenen boog) bereikt.<\/span><\/li><li style=\"font-weight: 400;\" aria-level=\"1\"><span style=\"font-weight: 400;\">Sla linksaf om de Cuesta de San Gregorio op te gaan. Deze straat gaat na ongeveer 200 meter over in Calle Panaderos. <\/span><\/li><\/ol>\t\t\t\t\t\t\t\t<\/div>\n\t\t\t\t<\/div>\n\t\t\t\t<\/div>\n\t\t<div class=\"elementor-element elementor-element-b74fb1e e-con-full e-flex e-con e-child\" data-id=\"b74fb1e\" data-element_type=\"container\" data-e-type=\"container\">\n\t\t\t\t<div class=\"elementor-element elementor-element-a75a8d1 elementor-widget-mobile__width-inherit elementor-widget elementor-widget-text-editor\" data-id=\"a75a8d1\" data-element_type=\"widget\" data-e-type=\"widget\" data-widget_type=\"text-editor.default\">\n\t\t\t\t<div class=\"elementor-widget-container\">\n\t\t\t\t\t\t\t\t\t<ul><li>Met de auto:<\/li><\/ul>\t\t\t\t\t\t\t\t<\/div>\n\t\t\t\t<\/div>\n\t\t\t\t<div class=\"elementor-element elementor-element-469764f elementor-widget elementor-widget-text-editor\" data-id=\"469764f\" data-element_type=\"widget\" data-e-type=\"widget\" data-widget_type=\"text-editor.default\">\n\t\t\t\t<div class=\"elementor-widget-container\">\n\t\t\t\t\t\t\t\t\t<ol><li style=\"font-weight: 400;\" aria-level=\"1\"><span style=\"font-weight: 400;\">Ga vanaf Plaza Nueva richting Calle C\u00e1rcel Baja en sla rechtsaf naar Gran V\u00eda de Col\u00f3n.<\/span><\/li><li style=\"font-weight: 400;\" aria-level=\"1\"><span style=\"font-weight: 400;\">Richting Albaic\u00edn via Cervezas Alhambra naar Carretera de Murcia.<\/span><\/li><li style=\"font-weight: 400;\" aria-level=\"1\"><span style=\"font-weight: 400;\">Parkeer op de parkeerplaats &#8220;San Cristobal&#8221;. Deze parkeerplaats ligt het dichtst bij het Albaic\u00edn en je kunt je er gemakkelijk te voet verplaatsen. <\/span><\/li><li style=\"font-weight: 400;\" aria-level=\"1\"><span style=\"font-weight: 400;\">Te voet vanaf de parkeerplaats: Loop langs de Calle Pag\u00e9s totdat je Cuesta de San Gregorio oversteekt. Loop een paar meter naar beneden en je komt in Calle Panaderos. De wandeling is ongeveer 5-10 minuten bergafwaarts.  <\/span><\/li><\/ol>\t\t\t\t\t\t\t\t<\/div>\n\t\t\t\t<\/div>\n\t\t\t\t<\/div>\n\t\t<div class=\"elementor-element elementor-element-10c47bb e-con-full e-flex e-con e-child\" data-id=\"10c47bb\" data-element_type=\"container\" data-e-type=\"container\">\n\t\t\t\t<div class=\"elementor-element elementor-element-b6d64cb elementor-widget-mobile__width-inherit elementor-widget elementor-widget-text-editor\" data-id=\"b6d64cb\" data-element_type=\"widget\" data-e-type=\"widget\" data-widget_type=\"text-editor.default\">\n\t\t\t\t<div class=\"elementor-widget-container\">\n\t\t\t\t\t\t\t\t\t<ul><li>Met de bus:<\/li><\/ul>\t\t\t\t\t\t\t\t<\/div>\n\t\t\t\t<\/div>\n\t\t\t\t<div class=\"elementor-element elementor-element-54da97e elementor-widget elementor-widget-text-editor\" data-id=\"54da97e\" data-element_type=\"widget\" data-e-type=\"widget\" data-widget_type=\"text-editor.default\">\n\t\t\t\t<div class=\"elementor-widget-container\">\n\t\t\t\t\t\t\t\t\t<ol><li style=\"font-weight: 400;\" aria-level=\"3\"><span style=\"font-weight: 400;\">Ga vanaf Plaza Nueva naar de bushalte Plaza Nueva en neem bus C31 of C32 (specifieke lijnen voor Albaic\u00edn).<\/span><\/li><li style=\"font-weight: 400;\" aria-level=\"3\"><span style=\"font-weight: 400;\">Stap uit bij Placeta del Abad, de dichtstbijzijnde halte bij Calle Panaderos, en ga richting Plaza de San Salvador (richting de kerk van San Salvador).<\/span><\/li><li style=\"font-weight: 400;\" aria-level=\"3\"><span style=\"font-weight: 400;\">Sla linksaf en je ziet ons zodra je de kerk bent gepasseerd.<\/span><\/li><\/ol>\t\t\t\t\t\t\t\t<\/div>\n\t\t\t\t<\/div>\n\t\t\t\t<\/div>\n\t\t<div class=\"elementor-element elementor-element-c930c67 e-con-full e-flex e-con e-child\" data-id=\"c930c67\" data-element_type=\"container\" data-e-type=\"container\">\n\t\t\t\t<div class=\"elementor-element elementor-element-d490d10 elementor-widget-mobile__width-inherit elementor-widget elementor-widget-text-editor\" data-id=\"d490d10\" data-element_type=\"widget\" data-e-type=\"widget\" data-widget_type=\"text-editor.default\">\n\t\t\t\t<div class=\"elementor-widget-container\">\n\t\t\t\t\t\t\t\t\t<p>Van El Paseo de los Tristes  <\/p>\t\t\t\t\t\t\t\t<\/div>\n\t\t\t\t<\/div>\n\t\t\t\t<div class=\"elementor-element elementor-element-4bff48a elementor-widget-mobile__width-inherit elementor-widget elementor-widget-text-editor\" data-id=\"4bff48a\" data-element_type=\"widget\" data-e-type=\"widget\" data-widget_type=\"text-editor.default\">\n\t\t\t\t<div class=\"elementor-widget-container\">\n\t\t\t\t\t\t\t\t\t<ul><li>Wandelen: (17 minuten):  <\/li><\/ul>\t\t\t\t\t\t\t\t<\/div>\n\t\t\t\t<\/div>\n\t\t\t\t<div class=\"elementor-element elementor-element-4faad7a elementor-widget elementor-widget-text-editor\" data-id=\"4faad7a\" data-element_type=\"widget\" data-e-type=\"widget\" data-widget_type=\"text-editor.default\">\n\t\t\t\t<div class=\"elementor-widget-container\">\n\t\t\t\t\t\t\t\t\t<ol><li style=\"font-weight: 400;\" aria-level=\"1\"><span style=\"font-weight: 400;\">Ga vanaf de Paseo de los Tristes de Cuesta del Chapiz op (het is net aan het einde van de Paseo, naast de rivier de Darro).<\/span><\/li><li style=\"font-weight: 400;\" aria-level=\"1\"><span style=\"font-weight: 400;\">Sla na ongeveer 150 meter linksaf de Calle Calderer\u00eda Nueva in en loop omhoog naar Plaza Aliatar.<\/span><\/li><li style=\"font-weight: 400;\" aria-level=\"1\"><span style=\"font-weight: 400;\">Ga vanaf Plaza Aliatar verder in de richting van Cuesta de San Gregorio. Deze straat gaat na een paar meter over in Calle Panaderos. <\/span><\/li><li style=\"font-weight: 400;\" aria-level=\"1\"><span style=\"font-weight: 400;\">Calle Panaderos, 32 ligt een paar meter verderop.<\/span><\/li><\/ol>\t\t\t\t\t\t\t\t<\/div>\n\t\t\t\t<\/div>\n\t\t\t\t<\/div>\n\t\t<div class=\"elementor-element elementor-element-9c512e8 e-con-full e-flex e-con e-child\" data-id=\"9c512e8\" data-element_type=\"container\" data-e-type=\"container\">\n\t\t\t\t<div class=\"elementor-element elementor-element-22cf207 elementor-widget-mobile__width-inherit elementor-widget elementor-widget-text-editor\" data-id=\"22cf207\" data-element_type=\"widget\" data-e-type=\"widget\" data-widget_type=\"text-editor.default\">\n\t\t\t\t<div class=\"elementor-widget-container\">\n\t\t\t\t\t\t\t\t\t<ul><li>Met de bus:<\/li><\/ul>\t\t\t\t\t\t\t\t<\/div>\n\t\t\t\t<\/div>\n\t\t\t\t<div class=\"elementor-element elementor-element-b82f4a0 elementor-widget elementor-widget-text-editor\" data-id=\"b82f4a0\" data-element_type=\"widget\" data-e-type=\"widget\" data-widget_type=\"text-editor.default\">\n\t\t\t\t<div class=\"elementor-widget-container\">\n\t\t\t\t\t\t\t\t\t<ol><li style=\"font-weight: 400;\" aria-level=\"3\"><span style=\"font-weight: 400;\">Ga vanaf Plaza Nueva naar de bushalte Plaza Nueva en neem bus C31 of C32 (specifieke lijnen voor Albaic\u00edn).<\/span><\/li><li style=\"font-weight: 400;\" aria-level=\"3\"><span style=\"font-weight: 400;\">Stap uit bij Placeta del Abad, de dichtstbijzijnde halte bij Calle Panaderos, en ga richting Plaza de San Salvador (richting de kerk van San Salvador).<\/span><\/li><li style=\"font-weight: 400;\" aria-level=\"3\"><span style=\"font-weight: 400;\">Sla linksaf en je ziet ons zodra je de kerk bent gepasseerd.<\/span><\/li><\/ol>\t\t\t\t\t\t\t\t<\/div>\n\t\t\t\t<\/div>\n\t\t\t\t<\/div>\n\t\t\t\t\t<\/div>\n\t\t\t\t<\/div>\n\t\t\t\t<\/div>\n\t\t","protected":false},"excerpt":{"rendered":"<p>Hoe kom ik bij Los Jardines de Zoraya? Onze tablao bevindt zich in Calle Panaderos, 32, 18010 Granada, in een van de meest authentieke wijken van de stad, in het hart van het Albaic\u00edn en heel dicht bij het historische centrum van Granada. Het heeft een terras achter de oude moskee van de Albaic\u00edn. We [&hellip;]<\/p>\n","protected":false},"author":8,"featured_media":0,"parent":0,"menu_order":0,"comment_status":"closed","ping_status":"closed","template":"","meta":{"_acf_changed":false,"footnotes":""},"class_list":["post-33737","page","type-page","status-publish","hentry"],"acf":[],"yoast_head":"<!-- This site is optimized with the Yoast SEO plugin v27.4 - https:\/\/yoast.com\/product\/yoast-seo-wordpress\/ -->\n<title>Routebeschrijving naar onze tablao : Jardines de Zoraya<\/title>\n<meta name=\"description\" content=\"Onze tablao ligt in een zeer centrale wijk, de historische wijk Albaic\u00edn. Ontdek hoe je er komt met deze routebeschrijving. We wachten op je!\" \/>\n<meta name=\"robots\" content=\"index, follow, max-snippet:-1, max-image-preview:large, max-video-preview:-1\" \/>\n<link rel=\"canonical\" href=\"https:\/\/flamencogranada.com\/nl\/hoe-kom-ik-bij-los-jardines-de-zoraya\/\" \/>\n<meta property=\"og:locale\" content=\"nl_NL\" \/>\n<meta property=\"og:type\" content=\"article\" \/>\n<meta property=\"og:title\" content=\"Routebeschrijving naar onze tablao : Jardines de Zoraya\" \/>\n<meta property=\"og:description\" content=\"Onze tablao ligt in een zeer centrale wijk, de historische wijk Albaic\u00edn. Ontdek hoe je er komt met deze routebeschrijving. We wachten op je!\" \/>\n<meta property=\"og:url\" content=\"https:\/\/flamencogranada.com\/nl\/hoe-kom-ik-bij-los-jardines-de-zoraya\/\" \/>\n<meta property=\"og:site_name\" content=\"Jardines de Zoraya\" \/>\n<meta property=\"article:publisher\" content=\"https:\/\/www.facebook.com\/RestauranteFlamencoGranada\/\" \/>\n<meta property=\"article:modified_time\" content=\"2025-06-26T15:00:23+00:00\" \/>\n<meta property=\"og:image\" content=\"https:\/\/flamencogranada.com\/wp-content\/uploads\/2024\/07\/Jardines_Zoraya_Show_granada_flamenco.webp?wsr\" \/>\n\t<meta property=\"og:image:width\" content=\"400\" \/>\n\t<meta property=\"og:image:height\" content=\"250\" \/>\n\t<meta property=\"og:image:type\" content=\"image\/webp\" \/>\n<meta name=\"twitter:card\" content=\"summary_large_image\" \/>\n<meta name=\"twitter:label1\" content=\"Geschatte leestijd\" \/>\n\t<meta name=\"twitter:data1\" content=\"2 minuten\" \/>\n<!-- \/ Yoast SEO plugin. -->","yoast_head_json":{"title":"Routebeschrijving naar onze tablao : Jardines de Zoraya","description":"Onze tablao ligt in een zeer centrale wijk, de historische wijk Albaic\u00edn. Ontdek hoe je er komt met deze routebeschrijving. We wachten op je!","robots":{"index":"index","follow":"follow","max-snippet":"max-snippet:-1","max-image-preview":"max-image-preview:large","max-video-preview":"max-video-preview:-1"},"canonical":"https:\/\/flamencogranada.com\/nl\/hoe-kom-ik-bij-los-jardines-de-zoraya\/","og_locale":"nl_NL","og_type":"article","og_title":"Routebeschrijving naar onze tablao : Jardines de Zoraya","og_description":"Onze tablao ligt in een zeer centrale wijk, de historische wijk Albaic\u00edn. Ontdek hoe je er komt met deze routebeschrijving. We wachten op je!","og_url":"https:\/\/flamencogranada.com\/nl\/hoe-kom-ik-bij-los-jardines-de-zoraya\/","og_site_name":"Jardines de Zoraya","article_publisher":"https:\/\/www.facebook.com\/RestauranteFlamencoGranada\/","article_modified_time":"2025-06-26T15:00:23+00:00","og_image":[{"width":400,"height":250,"url":"https:\/\/flamencogranada.com\/wp-content\/uploads\/2024\/07\/Jardines_Zoraya_Show_granada_flamenco.webp?wsr","type":"image\/webp"}],"twitter_card":"summary_large_image","twitter_misc":{"Geschatte leestijd":"2 minuten"},"schema":{"@context":"https:\/\/schema.org","@graph":[{"@type":"WebPage","@id":"https:\/\/flamencogranada.com\/nl\/hoe-kom-ik-bij-los-jardines-de-zoraya\/","url":"https:\/\/flamencogranada.com\/nl\/hoe-kom-ik-bij-los-jardines-de-zoraya\/","name":"Routebeschrijving naar onze tablao : Jardines de Zoraya","isPartOf":{"@id":"https:\/\/flamencogranada.com\/nl\/#website"},"datePublished":"2024-10-31T07:15:33+00:00","dateModified":"2025-06-26T15:00:23+00:00","description":"Onze tablao ligt in een zeer centrale wijk, de historische wijk Albaic\u00edn. Ontdek hoe je er komt met deze routebeschrijving. We wachten op je!","breadcrumb":{"@id":"https:\/\/flamencogranada.com\/nl\/hoe-kom-ik-bij-los-jardines-de-zoraya\/#breadcrumb"},"inLanguage":"nl-NL","potentialAction":[{"@type":"ReadAction","target":["https:\/\/flamencogranada.com\/nl\/hoe-kom-ik-bij-los-jardines-de-zoraya\/"]}]},{"@type":"BreadcrumbList","@id":"https:\/\/flamencogranada.com\/nl\/hoe-kom-ik-bij-los-jardines-de-zoraya\/#breadcrumb","itemListElement":[{"@type":"ListItem","position":1,"name":"Thuis","item":"https:\/\/flamencogranada.com\/nl\/"},{"@type":"ListItem","position":2,"name":"Hoe kom ik bij Los Jardines de Zoraya?"}]},{"@type":"WebSite","@id":"https:\/\/flamencogranada.com\/nl\/#website","url":"https:\/\/flamencogranada.com\/nl\/","name":"Jardines Zoraya","description":"Aut\u00e9ntico espect\u00e1culo flamenco en Granada para disfrutar del arte y el baile mientras degustas platos andaluces tradicionales en un tablao en el Albaic\u00edn.","publisher":{"@id":"https:\/\/flamencogranada.com\/nl\/#organization"},"alternateName":"Flamenco en Granada","potentialAction":[{"@type":"SearchAction","target":{"@type":"EntryPoint","urlTemplate":"https:\/\/flamencogranada.com\/nl\/?s={search_term_string}"},"query-input":{"@type":"PropertyValueSpecification","valueRequired":true,"valueName":"search_term_string"}}],"inLanguage":"nl-NL"},{"@type":"Organization","@id":"https:\/\/flamencogranada.com\/nl\/#organization","name":"Jardines de Zoraya Flamenco Granada","alternateName":"Jardines de Zoraya","url":"https:\/\/flamencogranada.com\/nl\/","logo":{"@type":"ImageObject","inLanguage":"nl-NL","@id":"https:\/\/flamencogranada.com\/nl\/#\/schema\/logo\/image\/","url":"https:\/\/flamencogranada.com\/wp-content\/uploads\/2024\/06\/logo-invertido.png?wsr","contentUrl":"https:\/\/flamencogranada.com\/wp-content\/uploads\/2024\/06\/logo-invertido.png?wsr","width":208,"height":102,"caption":"Jardines de Zoraya Flamenco Granada"},"image":{"@id":"https:\/\/flamencogranada.com\/nl\/#\/schema\/logo\/image\/"},"sameAs":["https:\/\/www.facebook.com\/RestauranteFlamencoGranada\/","https:\/\/www.instagram.com\/tablaojardinesdezoraya\/","https:\/\/www.tiktok.com\/@flamencogranada"]}]}},"_links":{"self":[{"href":"https:\/\/flamencogranada.com\/nl\/wp-json\/wp\/v2\/pages\/33737","targetHints":{"allow":["GET"]}}],"collection":[{"href":"https:\/\/flamencogranada.com\/nl\/wp-json\/wp\/v2\/pages"}],"about":[{"href":"https:\/\/flamencogranada.com\/nl\/wp-json\/wp\/v2\/types\/page"}],"author":[{"embeddable":true,"href":"https:\/\/flamencogranada.com\/nl\/wp-json\/wp\/v2\/users\/8"}],"replies":[{"embeddable":true,"href":"https:\/\/flamencogranada.com\/nl\/wp-json\/wp\/v2\/comments?post=33737"}],"version-history":[{"count":0,"href":"https:\/\/flamencogranada.com\/nl\/wp-json\/wp\/v2\/pages\/33737\/revisions"}],"wp:attachment":[{"href":"https:\/\/flamencogranada.com\/nl\/wp-json\/wp\/v2\/media?parent=33737"}],"curies":[{"name":"wp","href":"https:\/\/api.w.org\/{rel}","templated":true}]}}