{"id":32852,"date":"2024-11-05T13:23:15","date_gmt":"2024-11-05T12:23:15","guid":{"rendered":"https:\/\/flamencogranada.com\/regala-unesperienza-indimenticabile\/"},"modified":"2026-03-25T20:22:35","modified_gmt":"2026-03-25T19:22:35","slug":"regalo-spettacolo-flamenco","status":"publish","type":"page","link":"https:\/\/flamencogranada.com\/it\/regalo-spettacolo-flamenco\/","title":{"rendered":"Regala un&#8217;esperienza indimenticabile"},"content":{"rendered":"\t\t<div data-elementor-type=\"wp-page\" data-elementor-id=\"32852\" class=\"elementor elementor-32852 elementor-32810\" data-elementor-post-type=\"page\">\n\t\t\t\t<div class=\"elementor-element elementor-element-f3911c9 e-flex e-con-boxed e-con e-parent\" data-id=\"f3911c9\" data-element_type=\"container\" data-e-type=\"container\" data-settings=\"{&quot;background_background&quot;:&quot;classic&quot;}\">\n\t\t\t\t\t<div class=\"e-con-inner\">\n\t\t\t\t<div class=\"elementor-element elementor-element-860c222 elementor-widget elementor-widget-breadcrumbs\" data-id=\"860c222\" data-element_type=\"widget\" data-e-type=\"widget\" data-widget_type=\"breadcrumbs.default\">\n\t\t\t\t<div class=\"elementor-widget-container\">\n\t\t\t\t\t<p id=\"breadcrumbs\"><span><span><a href=\"https:\/\/flamencogranada.com\/it\/\">Casa<\/a><\/span><\/span><\/p>\t\t\t\t<\/div>\n\t\t\t\t<\/div>\n\t\t<div class=\"elementor-element elementor-element-6bf79c3 e-con-full e-flex e-con e-child\" data-id=\"6bf79c3\" data-element_type=\"container\" data-e-type=\"container\">\n\t\t\t\t<div class=\"elementor-element elementor-element-a3e09a9 elementor-widget elementor-widget-heading\" data-id=\"a3e09a9\" data-element_type=\"widget\" data-e-type=\"widget\" data-widget_type=\"heading.default\">\n\t\t\t\t<div class=\"elementor-widget-container\">\n\t\t\t\t\t<h1 class=\"elementor-heading-title elementor-size-default\">Regala un'esperienza indimenticabile<\/h1>\t\t\t\t<\/div>\n\t\t\t\t<\/div>\n\t\t\t\t<\/div>\n\t\t\t\t<div class=\"elementor-element elementor-element-56cf5b3 elementor-widget elementor-widget-spacer\" data-id=\"56cf5b3\" data-element_type=\"widget\" data-e-type=\"widget\" data-widget_type=\"spacer.default\">\n\t\t\t\t<div class=\"elementor-widget-container\">\n\t\t\t\t\t\t\t<div class=\"elementor-spacer\">\n\t\t\t<div class=\"elementor-spacer-inner\"><\/div>\n\t\t<\/div>\n\t\t\t\t\t\t<\/div>\n\t\t\t\t<\/div>\n\t\t\t\t\t<\/div>\n\t\t\t\t<\/div>\n\t\t<div class=\"elementor-element elementor-element-524eeda e-flex e-con-boxed e-con e-parent\" data-id=\"524eeda\" data-element_type=\"container\" data-e-type=\"container\">\n\t\t\t\t\t<div class=\"e-con-inner\">\n\t\t<div class=\"elementor-element elementor-element-8c643ff e-con-full e-flex e-con e-child\" data-id=\"8c643ff\" data-element_type=\"container\" data-e-type=\"container\" data-settings=\"{&quot;background_background&quot;:&quot;classic&quot;}\">\n\t\t\t\t<\/div>\n\t\t<div class=\"elementor-element elementor-element-fefca64 e-con-full e-flex e-con e-child\" data-id=\"fefca64\" data-element_type=\"container\" data-e-type=\"container\">\n\t\t\t\t<div class=\"elementor-element elementor-element-1a14a6e elementor-widget elementor-widget-text-editor\" data-id=\"1a14a6e\" data-element_type=\"widget\" data-e-type=\"widget\" data-widget_type=\"text-editor.default\">\n\t\t\t\t<div class=\"elementor-widget-container\">\n\t\t\t\t\t\t\t\t\t<p>Non c&#8217;\u00e8 niente di meglio che regalare esperienze che possono essere ricordate per tutta la vita, ecco perch\u00e9 noi di Alegria Flamenco ti diamo la possibilit\u00e0 di regalare una serata in un autentico tablao di flamenco con cena inclusa, senza preoccuparti di dover scegliere date specifiche. Lascia ai tuoi ospiti la libert\u00e0 di scegliere quando vivere questa esperienza. <\/p>\n<p>Non sai cosa regalare per un anniversario, un Natale o un matrimonio? Stai cercando un regalo speciale per i tuoi suoceri, amici, partner o familiari? Noi di Alegr\u00eda Flamenco abbiamo creato il regalo ideale per quelle occasioni in cui sei alla ricerca di qualcosa di veramente speciale e originale.  <\/p>\n\t\t\t\t\t\t\t\t<\/div>\n\t\t\t\t<\/div>\n\t\t\t\t<div class=\"elementor-element elementor-element-9e84ab7 elementor-mobile-align-justify elementor-widget-mobile__width-inherit elementor-widget elementor-widget-button\" data-id=\"9e84ab7\" data-element_type=\"widget\" data-e-type=\"widget\" data-widget_type=\"button.default\">\n\t\t\t\t<div class=\"elementor-widget-container\">\n\t\t\t\t\t\t\t\t\t<div class=\"elementor-button-wrapper\">\n\t\t\t\t\t<a class=\"elementor-button elementor-button-link elementor-size-sm\" href=\"https:\/\/show.flamencogranada.com\/es\/850-regala\/5368-regala-espectaculo\">\n\t\t\t\t\t\t<span class=\"elementor-button-content-wrapper\">\n\t\t\t\t\t\t\t\t\t<span class=\"elementor-button-text\">CARTA REGALO<\/span>\n\t\t\t\t\t<\/span>\n\t\t\t\t\t<\/a>\n\t\t\t\t<\/div>\n\t\t\t\t\t\t\t\t<\/div>\n\t\t\t\t<\/div>\n\t\t\t\t<\/div>\n\t\t\t\t\t<\/div>\n\t\t\t\t<\/div>\n\t\t<div class=\"elementor-element elementor-element-80c3cd3 e-flex e-con-boxed e-con e-parent\" data-id=\"80c3cd3\" data-element_type=\"container\" data-e-type=\"container\" data-settings=\"{&quot;background_background&quot;:&quot;classic&quot;}\">\n\t\t\t\t\t<div class=\"e-con-inner\">\n\t\t<div class=\"elementor-element elementor-element-22dbb8a e-con-full e-flex e-con e-child\" data-id=\"22dbb8a\" data-element_type=\"container\" data-e-type=\"container\">\n\t\t<div class=\"elementor-element elementor-element-6ef36b9 e-con-full e-flex e-con e-child\" data-id=\"6ef36b9\" data-element_type=\"container\" data-e-type=\"container\">\n\t\t\t\t<div class=\"elementor-element elementor-element-86d1b60 elementor-widget elementor-widget-heading\" data-id=\"86d1b60\" data-element_type=\"widget\" data-e-type=\"widget\" data-widget_type=\"heading.default\">\n\t\t\t\t<div class=\"elementor-widget-container\">\n\t\t\t\t\t<h2 class=\"elementor-heading-title elementor-size-default\">Sorprenditi con uno spettacolo di flamenco durante la cena<\/h2>\t\t\t\t<\/div>\n\t\t\t\t<\/div>\n\t\t\t\t<div class=\"elementor-element elementor-element-10fbfcf elementor-widget elementor-widget-text-editor\" data-id=\"10fbfcf\" data-element_type=\"widget\" data-e-type=\"widget\" data-widget_type=\"text-editor.default\">\n\t\t\t\t<div class=\"elementor-widget-container\">\n\t\t\t\t\t\t\t\t\t<p>Il nostro spettacolo riunisce rinomati artisti di flamenco, garantendo un&#8217;esperienza unica allo spettatore. Un regalo perfetto per gli amanti del flamenco, ma anche per chiunque voglia vivere una serata diversa e magica. <\/p>\n<p>Inoltre, nel nostro ristorante offriamo un&#8217;ampia variet\u00e0 di piatti tradizionali andalusi e spagnoli, preparati con ingredienti freschi. In questo modo, gli ospiti non solo potranno godere dell&#8217;arte del flamenco, ma anche di un&#8217;esperienza gastronomica che ricorderanno per sempre. <\/p>\n<p>L&#8217;atmosfera sia nel giardino che all&#8217;interno del tablao \u00e8 calda e intima, perfetta per cene con il tuo partner o festeggiamenti con amici e familiari. I Giardini Zoraya sono la cornice ideale per una serata indimenticabile. <\/p>\n\t\t\t\t\t\t\t\t<\/div>\n\t\t\t\t<\/div>\n\t\t\t\t<\/div>\n\t\t<div class=\"elementor-element elementor-element-a5b6221 e-con-full e-flex e-con e-child\" data-id=\"a5b6221\" data-element_type=\"container\" data-e-type=\"container\" data-settings=\"{&quot;background_background&quot;:&quot;slideshow&quot;,&quot;background_slideshow_gallery&quot;:[{&quot;id&quot;:31234,&quot;url&quot;:&quot;https:\\\/\\\/flamencogranada.com\\\/wp-content\\\/uploads\\\/2024\\\/08\\\/salmonrejo-1.jpg&quot;},{&quot;id&quot;:31197,&quot;url&quot;:&quot;https:\\\/\\\/flamencogranada.com\\\/wp-content\\\/uploads\\\/2024\\\/08\\\/croquetas.jpg&quot;},{&quot;id&quot;:31244,&quot;url&quot;:&quot;https:\\\/\\\/flamencogranada.com\\\/wp-content\\\/uploads\\\/2024\\\/08\\\/flamenco-restaurante-malaga6428.webp&quot;},{&quot;id&quot;:31239,&quot;url&quot;:&quot;https:\\\/\\\/flamencogranada.com\\\/wp-content\\\/uploads\\\/2024\\\/08\\\/flamenco-restaurante-malaga-6313.webp&quot;},{&quot;id&quot;:31224,&quot;url&quot;:&quot;https:\\\/\\\/flamencogranada.com\\\/wp-content\\\/uploads\\\/2024\\\/08\\\/flamenco-restaurante-malaga-6417.webp&quot;},{&quot;id&quot;:32824,&quot;url&quot;:&quot;https:\\\/\\\/flamencogranada.com\\\/wp-content\\\/uploads\\\/2024\\\/11\\\/comida_014.jpg&quot;}],&quot;background_slideshow_loop&quot;:&quot;yes&quot;,&quot;background_slideshow_slide_duration&quot;:5000,&quot;background_slideshow_slide_transition&quot;:&quot;fade&quot;,&quot;background_slideshow_transition_duration&quot;:500}\">\n\t\t\t\t<\/div>\n\t\t\t\t<\/div>\n\t\t\t\t\t<\/div>\n\t\t\t\t<\/div>\n\t\t<div class=\"elementor-element elementor-element-7c2f7f3 e-flex e-con-boxed e-con e-parent\" data-id=\"7c2f7f3\" data-element_type=\"container\" data-e-type=\"container\" data-settings=\"{&quot;background_background&quot;:&quot;classic&quot;}\">\n\t\t\t\t\t<div class=\"e-con-inner\">\n\t\t<div class=\"elementor-element elementor-element-dc21605 e-con-full e-flex e-con e-child\" data-id=\"dc21605\" data-element_type=\"container\" data-e-type=\"container\">\n\t\t<div class=\"elementor-element elementor-element-b57f73d e-con-full e-flex e-con e-child\" data-id=\"b57f73d\" data-element_type=\"container\" data-e-type=\"container\">\n\t\t<div class=\"elementor-element elementor-element-e83c45b e-con-full e-flex e-con e-child\" data-id=\"e83c45b\" data-element_type=\"container\" data-e-type=\"container\">\n\t\t\t\t<div class=\"elementor-element elementor-element-ab433de elementor-widget__width-initial elementor-widget elementor-widget-heading\" data-id=\"ab433de\" data-element_type=\"widget\" data-e-type=\"widget\" data-widget_type=\"heading.default\">\n\t\t\t\t<div class=\"elementor-widget-container\">\n\t\t\t\t\t<h2 class=\"elementor-heading-title elementor-size-default\">I passi per regalare uno spettacolo di flamenco<\/h2>\t\t\t\t<\/div>\n\t\t\t\t<\/div>\n\t\t\t\t<div class=\"elementor-element elementor-element-27e284c elementor-widget-mobile__width-inherit elementor-widget elementor-widget-text-editor\" data-id=\"27e284c\" data-element_type=\"widget\" data-e-type=\"widget\" data-widget_type=\"text-editor.default\">\n\t\t\t\t<div class=\"elementor-widget-container\">\n\t\t\t\t\t\t\t\t\tRegalare questa esperienza all&#8217;Alegr\u00eda Flamenco &amp; Gastronom\u00eda \u00e8 molto semplice: scegli il numero di persone che parteciperanno, decidi se includere la cena ed effettua il pagamento.\nIl destinatario pu\u00f2 scegliere il giorno e l&#8217;ora pi\u00f9 adatti per partecipare. Uno spettacolo di flamenco \u00e8 l&#8217;opzione ideale per un amico invisibile, un compleanno o qualsiasi altra occasione speciale. \n\t\t\t\t\t\t\t\t<\/div>\n\t\t\t\t<\/div>\n\t\t\t\t<div class=\"elementor-element elementor-element-8517931 elementor-widget elementor-widget-heading\" data-id=\"8517931\" data-element_type=\"widget\" data-e-type=\"widget\" data-widget_type=\"heading.default\">\n\t\t\t\t<div class=\"elementor-widget-container\">\n\t\t\t\t\t<h3 class=\"elementor-heading-title elementor-size-default\">CONDIZIONI<\/h3>\t\t\t\t<\/div>\n\t\t\t\t<\/div>\n\t\t\t\t<div class=\"elementor-element elementor-element-ee11773 elementor-widget-mobile__width-inherit elementor-widget elementor-widget-text-editor\" data-id=\"ee11773\" data-element_type=\"widget\" data-e-type=\"widget\" data-widget_type=\"text-editor.default\">\n\t\t\t\t<div class=\"elementor-widget-container\">\n\t\t\t\t\t\t\t\t\tLe carte regalo devono essere riscattate entro 12 mesi dall&#8217;acquisto. \u00c8 consigliabile prenotare almeno 3 giorni prima dello spettacolo per garantire la disponibilit\u00e0. La prenotazione \u00e8 obbligatoria prima di partecipare al tablao.  \n\t\t\t\t\t\t\t\t<\/div>\n\t\t\t\t<\/div>\n\t\t\t\t<div class=\"elementor-element elementor-element-f649c8f elementor-align-left elementor-mobile-align-justify elementor-widget elementor-widget-button\" data-id=\"f649c8f\" data-element_type=\"widget\" data-e-type=\"widget\" data-widget_type=\"button.default\">\n\t\t\t\t<div class=\"elementor-widget-container\">\n\t\t\t\t\t\t\t\t\t<div class=\"elementor-button-wrapper\">\n\t\t\t\t\t<a class=\"elementor-button elementor-button-link elementor-size-sm\" href=\"https:\/\/show.flamencogranada.com\/es\/850-regala\/5368-regala-espectaculo\" target=\"_blank\">\n\t\t\t\t\t\t<span class=\"elementor-button-content-wrapper\">\n\t\t\t\t\t\t<span class=\"elementor-button-icon\">\n\t\t\t\t<svg aria-hidden=\"true\" class=\"e-font-icon-svg e-fas-ticket-alt\" viewBox=\"0 0 576 512\" xmlns=\"http:\/\/www.w3.org\/2000\/svg\"><path d=\"M128 160h320v192H128V160zm400 96c0 26.51 21.49 48 48 48v96c0 26.51-21.49 48-48 48H48c-26.51 0-48-21.49-48-48v-96c26.51 0 48-21.49 48-48s-21.49-48-48-48v-96c0-26.51 21.49-48 48-48h480c26.51 0 48 21.49 48 48v96c-26.51 0-48 21.49-48 48zm-48-104c0-13.255-10.745-24-24-24H120c-13.255 0-24 10.745-24 24v208c0 13.255 10.745 24 24 24h336c13.255 0 24-10.745 24-24V152z\"><\/path><\/svg>\t\t\t<\/span>\n\t\t\t\t\t\t\t\t\t<span class=\"elementor-button-text\">prenota ora<\/span>\n\t\t\t\t\t<\/span>\n\t\t\t\t\t<\/a>\n\t\t\t\t<\/div>\n\t\t\t\t\t\t\t\t<\/div>\n\t\t\t\t<\/div>\n\t\t\t\t<\/div>\n\t\t\t\t<\/div>\n\t\t\t\t<\/div>\n\t\t\t\t\t<\/div>\n\t\t\t\t<\/div>\n\t\t\t\t<\/div>\n\t\t","protected":false},"excerpt":{"rendered":"<p>Regala un&#8217;esperienza indimenticabile Non c&#8217;\u00e8 niente di meglio che regalare esperienze che possono essere ricordate per tutta la vita, ecco perch\u00e9 noi di Alegria Flamenco ti diamo la possibilit\u00e0 di regalare una serata in un autentico tablao di flamenco con cena inclusa, senza preoccuparti di dover scegliere date specifiche. Lascia ai tuoi ospiti la libert\u00e0 [&hellip;]<\/p>\n","protected":false},"author":8,"featured_media":0,"parent":0,"menu_order":0,"comment_status":"closed","ping_status":"closed","template":"","meta":{"_acf_changed":false,"footnotes":""},"class_list":["post-32852","page","type-page","status-publish","hentry"],"acf":[],"yoast_head":"<!-- This site is optimized with the Yoast SEO plugin v27.3 - https:\/\/yoast.com\/product\/yoast-seo-wordpress\/ -->\n<title>Regala un&#039;esperienza unica di flamenco | Los Jardines de Zoraya<\/title>\n<meta name=\"description\" content=\"Regala un&#039;esperienza unica di flamenco. Ideale per anniversari, Natale o celebrazioni speciali, \u00e8 il regalo perfetto per ogni occasione.\" \/>\n<meta name=\"robots\" content=\"noindex, follow\" \/>\n<meta property=\"og:locale\" content=\"it_IT\" \/>\n<meta property=\"og:type\" content=\"article\" \/>\n<meta property=\"og:title\" content=\"Regala un&#039;esperienza unica di flamenco | Los Jardines de Zoraya\" \/>\n<meta property=\"og:description\" content=\"Regala un&#039;esperienza unica di flamenco. Ideale per anniversari, Natale o celebrazioni speciali, \u00e8 il regalo perfetto per ogni occasione.\" \/>\n<meta property=\"og:url\" content=\"https:\/\/flamencogranada.com\/it\/regalo-spettacolo-flamenco\/\" \/>\n<meta property=\"og:site_name\" content=\"Jardines de Zoraya\" \/>\n<meta property=\"article:publisher\" content=\"https:\/\/www.facebook.com\/RestauranteFlamencoGranada\/\" \/>\n<meta property=\"article:modified_time\" content=\"2026-03-25T19:22:35+00:00\" \/>\n<meta property=\"og:image\" content=\"https:\/\/flamencogranada.com\/wp-content\/uploads\/2024\/07\/Jardines_Zoraya_Show_granada_flamenco.webp?wsr\" \/>\n\t<meta property=\"og:image:width\" content=\"400\" \/>\n\t<meta property=\"og:image:height\" content=\"250\" \/>\n\t<meta property=\"og:image:type\" content=\"image\/webp\" \/>\n<meta name=\"twitter:card\" content=\"summary_large_image\" \/>\n<meta name=\"twitter:label1\" content=\"Tempo di lettura stimato\" \/>\n\t<meta name=\"twitter:data1\" content=\"2 minuti\" \/>\n<!-- \/ Yoast SEO plugin. -->","yoast_head_json":{"title":"Regala un'esperienza unica di flamenco | Los Jardines de Zoraya","description":"Regala un'esperienza unica di flamenco. Ideale per anniversari, Natale o celebrazioni speciali, \u00e8 il regalo perfetto per ogni occasione.","robots":{"index":"noindex","follow":"follow"},"og_locale":"it_IT","og_type":"article","og_title":"Regala un'esperienza unica di flamenco | Los Jardines de Zoraya","og_description":"Regala un'esperienza unica di flamenco. Ideale per anniversari, Natale o celebrazioni speciali, \u00e8 il regalo perfetto per ogni occasione.","og_url":"https:\/\/flamencogranada.com\/it\/regalo-spettacolo-flamenco\/","og_site_name":"Jardines de Zoraya","article_publisher":"https:\/\/www.facebook.com\/RestauranteFlamencoGranada\/","article_modified_time":"2026-03-25T19:22:35+00:00","og_image":[{"width":400,"height":250,"url":"https:\/\/flamencogranada.com\/wp-content\/uploads\/2024\/07\/Jardines_Zoraya_Show_granada_flamenco.webp?wsr","type":"image\/webp"}],"twitter_card":"summary_large_image","twitter_misc":{"Tempo di lettura stimato":"2 minuti"},"schema":{"@context":"https:\/\/schema.org","@graph":[{"@type":"WebPage","@id":"https:\/\/flamencogranada.com\/it\/regalo-spettacolo-flamenco\/","url":"https:\/\/flamencogranada.com\/it\/regalo-spettacolo-flamenco\/","name":"Regala un'esperienza unica di flamenco | Los Jardines de Zoraya","isPartOf":{"@id":"https:\/\/flamencogranada.com\/it\/#website"},"datePublished":"2024-11-05T12:23:15+00:00","dateModified":"2026-03-25T19:22:35+00:00","description":"Regala un'esperienza unica di flamenco. Ideale per anniversari, Natale o celebrazioni speciali, \u00e8 il regalo perfetto per ogni occasione.","breadcrumb":{"@id":"https:\/\/flamencogranada.com\/it\/regalo-spettacolo-flamenco\/#breadcrumb"},"inLanguage":"it-IT","potentialAction":[{"@type":"ReadAction","target":["https:\/\/flamencogranada.com\/it\/regalo-spettacolo-flamenco\/"]}]},{"@type":"BreadcrumbList","@id":"https:\/\/flamencogranada.com\/it\/regalo-spettacolo-flamenco\/#breadcrumb","itemListElement":[{"@type":"ListItem","position":1,"name":"Casa","item":"https:\/\/flamencogranada.com\/it\/"},{"@type":"ListItem","position":2,"name":"Regala un&#8217;esperienza indimenticabile"}]},{"@type":"WebSite","@id":"https:\/\/flamencogranada.com\/it\/#website","url":"https:\/\/flamencogranada.com\/it\/","name":"Jardines Zoraya","description":"Aut\u00e9ntico espect\u00e1culo flamenco en Granada para disfrutar del arte y el baile mientras degustas platos andaluces tradicionales en un tablao en el Albaic\u00edn.","publisher":{"@id":"https:\/\/flamencogranada.com\/it\/#organization"},"alternateName":"Flamenco en Granada","potentialAction":[{"@type":"SearchAction","target":{"@type":"EntryPoint","urlTemplate":"https:\/\/flamencogranada.com\/it\/?s={search_term_string}"},"query-input":{"@type":"PropertyValueSpecification","valueRequired":true,"valueName":"search_term_string"}}],"inLanguage":"it-IT"},{"@type":"Organization","@id":"https:\/\/flamencogranada.com\/it\/#organization","name":"Jardines de Zoraya Flamenco Granada","alternateName":"Jardines de Zoraya","url":"https:\/\/flamencogranada.com\/it\/","logo":{"@type":"ImageObject","inLanguage":"it-IT","@id":"https:\/\/flamencogranada.com\/it\/#\/schema\/logo\/image\/","url":"https:\/\/flamencogranada.com\/wp-content\/uploads\/2024\/06\/logo-invertido.png?wsr","contentUrl":"https:\/\/flamencogranada.com\/wp-content\/uploads\/2024\/06\/logo-invertido.png?wsr","width":208,"height":102,"caption":"Jardines de Zoraya Flamenco Granada"},"image":{"@id":"https:\/\/flamencogranada.com\/it\/#\/schema\/logo\/image\/"},"sameAs":["https:\/\/www.facebook.com\/RestauranteFlamencoGranada\/","https:\/\/www.instagram.com\/tablaojardinesdezoraya\/","https:\/\/www.tiktok.com\/@flamencogranada"]}]}},"_links":{"self":[{"href":"https:\/\/flamencogranada.com\/it\/wp-json\/wp\/v2\/pages\/32852","targetHints":{"allow":["GET"]}}],"collection":[{"href":"https:\/\/flamencogranada.com\/it\/wp-json\/wp\/v2\/pages"}],"about":[{"href":"https:\/\/flamencogranada.com\/it\/wp-json\/wp\/v2\/types\/page"}],"author":[{"embeddable":true,"href":"https:\/\/flamencogranada.com\/it\/wp-json\/wp\/v2\/users\/8"}],"replies":[{"embeddable":true,"href":"https:\/\/flamencogranada.com\/it\/wp-json\/wp\/v2\/comments?post=32852"}],"version-history":[{"count":1,"href":"https:\/\/flamencogranada.com\/it\/wp-json\/wp\/v2\/pages\/32852\/revisions"}],"predecessor-version":[{"id":37642,"href":"https:\/\/flamencogranada.com\/it\/wp-json\/wp\/v2\/pages\/32852\/revisions\/37642"}],"wp:attachment":[{"href":"https:\/\/flamencogranada.com\/it\/wp-json\/wp\/v2\/media?parent=32852"}],"curies":[{"name":"wp","href":"https:\/\/api.w.org\/{rel}","templated":true}]}}