{"id":32630,"date":"2024-10-31T08:15:33","date_gmt":"2024-10-31T07:15:33","guid":{"rendered":"https:\/\/flamencogranada.com\/come-raggiungere-los-jardines-de-zoraya\/"},"modified":"2024-11-12T12:34:37","modified_gmt":"2024-11-12T12:34:37","slug":"come-raggiungere-los-jardines-de-zoraya","status":"publish","type":"page","link":"https:\/\/flamencogranada.com\/it\/come-raggiungere-los-jardines-de-zoraya\/","title":{"rendered":"Come raggiungere Los Jardines de Zoraya"},"content":{"rendered":"\t\t<div data-elementor-type=\"wp-page\" data-elementor-id=\"32630\" class=\"elementor elementor-32630 elementor-32591\" data-elementor-post-type=\"page\">\n\t\t\t\t<div class=\"elementor-element elementor-element-56be9e1 e-flex e-con-boxed e-con e-parent\" data-id=\"56be9e1\" data-element_type=\"container\" data-e-type=\"container\" data-settings=\"{&quot;background_background&quot;:&quot;classic&quot;}\">\n\t\t\t\t\t<div class=\"e-con-inner\">\n\t\t\t\t<div class=\"elementor-element elementor-element-87dc4ae elementor-widget elementor-widget-breadcrumbs\" data-id=\"87dc4ae\" data-element_type=\"widget\" data-e-type=\"widget\" data-widget_type=\"breadcrumbs.default\">\n\t\t\t\t<div class=\"elementor-widget-container\">\n\t\t\t\t\t<p id=\"breadcrumbs\"><span><span><a href=\"https:\/\/flamencogranada.com\/it\/\">Casa<\/a><\/span><\/span><\/p>\t\t\t\t<\/div>\n\t\t\t\t<\/div>\n\t\t<div class=\"elementor-element elementor-element-f2cb584 e-con-full e-flex e-con e-child\" data-id=\"f2cb584\" data-element_type=\"container\" data-e-type=\"container\">\n\t\t\t\t<div class=\"elementor-element elementor-element-eedf65a elementor-widget elementor-widget-heading\" data-id=\"eedf65a\" data-element_type=\"widget\" data-e-type=\"widget\" data-widget_type=\"heading.default\">\n\t\t\t\t<div class=\"elementor-widget-container\">\n\t\t\t\t\t<h1 class=\"elementor-heading-title elementor-size-default\">Come raggiungere Los Jardines de Zoraya<\/h1>\t\t\t\t<\/div>\n\t\t\t\t<\/div>\n\t\t\t\t<\/div>\n\t\t\t\t<div class=\"elementor-element elementor-element-1deab9c elementor-widget elementor-widget-spacer\" data-id=\"1deab9c\" data-element_type=\"widget\" data-e-type=\"widget\" data-widget_type=\"spacer.default\">\n\t\t\t\t<div class=\"elementor-widget-container\">\n\t\t\t\t\t\t\t<div class=\"elementor-spacer\">\n\t\t\t<div class=\"elementor-spacer-inner\"><\/div>\n\t\t<\/div>\n\t\t\t\t\t\t<\/div>\n\t\t\t\t<\/div>\n\t\t\t\t\t<\/div>\n\t\t\t\t<\/div>\n\t\t<div class=\"elementor-element elementor-element-57b8f6f e-flex e-con-boxed e-con e-parent\" data-id=\"57b8f6f\" data-element_type=\"container\" data-e-type=\"container\">\n\t\t\t\t\t<div class=\"e-con-inner\">\n\t\t<div class=\"elementor-element elementor-element-e48e7df e-con-full e-flex e-con e-child\" data-id=\"e48e7df\" data-element_type=\"container\" data-e-type=\"container\">\n\t\t\t\t<div class=\"elementor-element elementor-element-40c98ed elementor-widget elementor-widget-text-editor\" data-id=\"40c98ed\" data-element_type=\"widget\" data-e-type=\"widget\" data-widget_type=\"text-editor.default\">\n\t\t\t\t<div class=\"elementor-widget-container\">\n\t\t\t\t\t\t\t\t\t<p><span style=\"font-weight: 400;\">Il nostro tablao si trova in Calle Panaderos, 32, 18010 Granada, in una delle zone pi\u00f9 autentiche della citt\u00e0, nel cuore dell&#8217;Albaic\u00edn e molto vicino al centro storico di Granada. Dispone di una terrazza situata dietro l&#8217;antica moschea dell&#8217;Albaic\u00edn. Ti lasciamo alcune indicazioni dai punti di riferimento vicini per trovarci facilmente:<\/span><\/p>\t\t\t\t\t\t\t\t<\/div>\n\t\t\t\t<\/div>\n\t\t\t\t<\/div>\n\t\t\t\t\t<\/div>\n\t\t\t\t<\/div>\n\t\t<div class=\"elementor-element elementor-element-a06fa9f e-flex e-con-boxed e-con e-parent\" data-id=\"a06fa9f\" data-element_type=\"container\" data-e-type=\"container\">\n\t\t\t\t\t<div class=\"e-con-inner\">\n\t\t<div class=\"elementor-element elementor-element-79dcf99 e-con-full e-flex e-con e-child\" data-id=\"79dcf99\" data-element_type=\"container\" data-e-type=\"container\">\n\t\t\t\t<div class=\"elementor-element elementor-element-c448ee3 elementor-widget elementor-widget-google_maps\" data-id=\"c448ee3\" data-element_type=\"widget\" data-e-type=\"widget\" data-widget_type=\"google_maps.default\">\n\t\t\t\t<div class=\"elementor-widget-container\">\n\t\t\t\t\t\t\t<div class=\"elementor-custom-embed\">\n\t\t\t<iframe loading=\"lazy\"\n\t\t\t\t\tsrc=\"https:\/\/maps.google.com\/maps?q=C.%20Panaderos%2C%2032%2C%20Albaic%C3%ADn%2C%2018010%20Granada&#038;t=m&#038;z=15&#038;output=embed&#038;iwloc=near\"\n\t\t\t\t\ttitle=\"C. Panaderos, 32, Albaic\u00edn, 18010 Granada\"\n\t\t\t\t\taria-label=\"C. Panaderos, 32, Albaic\u00edn, 18010 Granada\"\n\t\t\t><\/iframe>\n\t\t<\/div>\n\t\t\t\t\t\t<\/div>\n\t\t\t\t<\/div>\n\t\t\t\t<\/div>\n\t\t<div class=\"elementor-element elementor-element-fb088c8 e-con-full e-flex e-con e-child\" data-id=\"fb088c8\" data-element_type=\"container\" data-e-type=\"container\">\n\t\t\t\t<div class=\"elementor-element elementor-element-c0e731f elementor-widget-mobile__width-inherit elementor-widget elementor-widget-text-editor\" data-id=\"c0e731f\" data-element_type=\"widget\" data-e-type=\"widget\" data-widget_type=\"text-editor.default\">\n\t\t\t\t<div class=\"elementor-widget-container\">\n\t\t\t\t\t\t\t\t\tDalla Plaza Nueva (7 minuti a piedi): \n\t\t\t\t\t\t\t\t<\/div>\n\t\t\t\t<\/div>\n\t\t\t\t<div class=\"elementor-element elementor-element-4aa562e elementor-widget-mobile__width-inherit elementor-widget elementor-widget-text-editor\" data-id=\"4aa562e\" data-element_type=\"widget\" data-e-type=\"widget\" data-widget_type=\"text-editor.default\">\n\t\t\t\t<div class=\"elementor-widget-container\">\n\t\t\t\t\t\t\t\t\t<ul><li>Caminando: (17 minutos): <\/li><\/ul>\t\t\t\t\t\t\t\t<\/div>\n\t\t\t\t<\/div>\n\t\t\t\t<div class=\"elementor-element elementor-element-3c463f6 elementor-widget elementor-widget-text-editor\" data-id=\"3c463f6\" data-element_type=\"widget\" data-e-type=\"widget\" data-widget_type=\"text-editor.default\">\n\t\t\t\t<div class=\"elementor-widget-container\">\n\t\t\t\t\t\t\t\t\t<ol><li style=\"font-weight: 400;\" aria-level=\"2\"><span style=\"font-weight: 400;\">Dirigiti verso est lungo Carrera del Darro.\u00a0<\/span><\/li><li style=\"font-weight: 400;\" aria-level=\"2\"><span style=\"font-weight: 400;\">Gira a sinistra su Calle Elvira, continua dritto e poi prendi Calle Panaderos. Ci troverai al numero 32.<\/span><\/li><\/ol>\t\t\t\t\t\t\t\t<\/div>\n\t\t\t\t<\/div>\n\t\t\t\t<\/div>\n\t\t<div class=\"elementor-element elementor-element-b0fcfd8 e-con-full e-flex e-con e-child\" data-id=\"b0fcfd8\" data-element_type=\"container\" data-e-type=\"container\">\n\t\t\t\t<div class=\"elementor-element elementor-element-36599d0 elementor-widget-mobile__width-inherit elementor-widget elementor-widget-text-editor\" data-id=\"36599d0\" data-element_type=\"widget\" data-e-type=\"widget\" data-widget_type=\"text-editor.default\">\n\t\t\t\t<div class=\"elementor-widget-container\">\n\t\t\t\t\t\t\t\t\tDal Paseo de los Tristes (10 minuti a piedi): \n\t\t\t\t\t\t\t\t<\/div>\n\t\t\t\t<\/div>\n\t\t\t\t<div class=\"elementor-element elementor-element-2a13ad5 elementor-widget-mobile__width-inherit elementor-widget elementor-widget-text-editor\" data-id=\"2a13ad5\" data-element_type=\"widget\" data-e-type=\"widget\" data-widget_type=\"text-editor.default\">\n\t\t\t\t<div class=\"elementor-widget-container\">\n\t\t\t\t\t\t\t\t\t<ul><li>Caminando: (17 minutos): <\/li><\/ul>\t\t\t\t\t\t\t\t<\/div>\n\t\t\t\t<\/div>\n\t\t\t\t<div class=\"elementor-element elementor-element-49e200a elementor-widget elementor-widget-text-editor\" data-id=\"49e200a\" data-element_type=\"widget\" data-e-type=\"widget\" data-widget_type=\"text-editor.default\">\n\t\t\t\t<div class=\"elementor-widget-container\">\n\t\t\t\t\t\t\t\t\t<ol><li style=\"font-weight: 400;\" aria-level=\"2\"><span style=\"font-weight: 400;\">Cammina verso ovest lungo il Paseo de los Tristes, continua lungo Carrera del Darro e poi gira a sinistra su Calle Elvira.\u00a0<\/span><\/li><li style=\"font-weight: 400;\" aria-level=\"2\"><span style=\"font-weight: 400;\">Da l\u00ec, prendi Calle Panaderos e ci vedrai al numero 32.<\/span><\/li><\/ol>\t\t\t\t\t\t\t\t<\/div>\n\t\t\t\t<\/div>\n\t\t\t\t<\/div>\n\t\t<div class=\"elementor-element elementor-element-9b8a5c2 e-con-full e-flex e-con e-child\" data-id=\"9b8a5c2\" data-element_type=\"container\" data-e-type=\"container\">\n\t\t\t\t<div class=\"elementor-element elementor-element-c8befdb elementor-widget-mobile__width-inherit elementor-widget elementor-widget-text-editor\" data-id=\"c8befdb\" data-element_type=\"widget\" data-e-type=\"widget\" data-widget_type=\"text-editor.default\">\n\t\t\t\t<div class=\"elementor-widget-container\">\n\t\t\t\t\t\t\t\t\tDall&#8217;Alhambra (15 minuti a piedi): \n\t\t\t\t\t\t\t\t<\/div>\n\t\t\t\t<\/div>\n\t\t\t\t<div class=\"elementor-element elementor-element-54babd9 elementor-widget elementor-widget-text-editor\" data-id=\"54babd9\" data-element_type=\"widget\" data-e-type=\"widget\" data-widget_type=\"text-editor.default\">\n\t\t\t\t<div class=\"elementor-widget-container\">\n\t\t\t\t\t\t\t\t\t<ol><li style=\"font-weight: 400;\" aria-level=\"2\"><span style=\"font-weight: 400;\">Scendi per la Cuesta de los Chinos fino a Plaza Nueva.\u00a0<\/span><\/li><li style=\"font-weight: 400;\" aria-level=\"2\"><span style=\"font-weight: 400;\">Da l\u00ec, segui Carrera del Darro e prendi Calle Elvira, dove puoi girare verso Calle Panaderos fino a trovare il numero 32.<\/span><\/li><\/ol>\t\t\t\t\t\t\t\t<\/div>\n\t\t\t\t<\/div>\n\t\t\t\t<\/div>\n\t\t<div class=\"elementor-element elementor-element-da8dfed e-con-full e-flex e-con e-child\" data-id=\"da8dfed\" data-element_type=\"container\" data-e-type=\"container\">\n\t\t\t\t<div class=\"elementor-element elementor-element-e5676c2 elementor-widget-mobile__width-inherit elementor-widget elementor-widget-text-editor\" data-id=\"e5676c2\" data-element_type=\"widget\" data-e-type=\"widget\" data-widget_type=\"text-editor.default\">\n\t\t\t\t<div class=\"elementor-widget-container\">\n\t\t\t\t\t\t\t\t\tDalla Cattedrale di Granada (8 minuti a piedi): \n\t\t\t\t\t\t\t\t<\/div>\n\t\t\t\t<\/div>\n\t\t\t\t<div class=\"elementor-element elementor-element-b269871 elementor-widget elementor-widget-text-editor\" data-id=\"b269871\" data-element_type=\"widget\" data-e-type=\"widget\" data-widget_type=\"text-editor.default\">\n\t\t\t\t<div class=\"elementor-widget-container\">\n\t\t\t\t\t\t\t\t\t<ol><li style=\"font-weight: 400;\" aria-level=\"2\"><span style=\"font-weight: 400;\">Dirigiti verso nord-est lungo Gran V\u00eda de Col\u00f3n, poi gira a sinistra su Calle Elvira.\u00a0<\/span><\/li><li style=\"font-weight: 400;\" aria-level=\"2\"><span style=\"font-weight: 400;\">Continua dritto e gira in Calle Panaderos fino a raggiungere il numero 32.<\/span><\/li><\/ol>\t\t\t\t\t\t\t\t<\/div>\n\t\t\t\t<\/div>\n\t\t\t\t<\/div>\n\t\t\t\t\t<\/div>\n\t\t\t\t<\/div>\n\t\t\t\t<\/div>\n\t\t","protected":false},"excerpt":{"rendered":"<p>Come raggiungere Los Jardines de Zoraya Il nostro tablao si trova in Calle Panaderos, 32, 18010 Granada, in una delle zone pi\u00f9 autentiche della citt\u00e0, nel cuore dell&#8217;Albaic\u00edn e molto vicino al centro storico di Granada. Dispone di una terrazza situata dietro l&#8217;antica moschea dell&#8217;Albaic\u00edn. Ti lasciamo alcune indicazioni dai punti di riferimento vicini per [&hellip;]<\/p>\n","protected":false},"author":8,"featured_media":0,"parent":0,"menu_order":0,"comment_status":"closed","ping_status":"closed","template":"","meta":{"_acf_changed":false,"footnotes":""},"class_list":["post-32630","page","type-page","status-publish","hentry"],"acf":[],"yoast_head":"<!-- This site is optimized with the Yoast SEO plugin v27.3 - https:\/\/yoast.com\/product\/yoast-seo-wordpress\/ -->\n<title>Indicazioni per il nostro tablao : Jardines de Zoraya<\/title>\n<meta name=\"description\" content=\"Il nostro tablao si trova in una zona molto centrale, lo storico quartiere di Albaic\u00edn. Scopri come raggiungerci con queste indicazioni. Vi aspettiamo!\" \/>\n<meta name=\"robots\" content=\"index, follow, max-snippet:-1, max-image-preview:large, max-video-preview:-1\" \/>\n<link rel=\"canonical\" href=\"https:\/\/flamencogranada.com\/it\/come-raggiungere-los-jardines-de-zoraya\/\" \/>\n<meta property=\"og:locale\" content=\"it_IT\" \/>\n<meta property=\"og:type\" content=\"article\" \/>\n<meta property=\"og:title\" content=\"Indicazioni per il nostro tablao : Jardines de Zoraya\" \/>\n<meta property=\"og:description\" content=\"Il nostro tablao si trova in una zona molto centrale, lo storico quartiere di Albaic\u00edn. Scopri come raggiungerci con queste indicazioni. Vi aspettiamo!\" \/>\n<meta property=\"og:url\" content=\"https:\/\/flamencogranada.com\/it\/come-raggiungere-los-jardines-de-zoraya\/\" \/>\n<meta property=\"og:site_name\" content=\"Jardines de Zoraya\" \/>\n<meta property=\"article:publisher\" content=\"https:\/\/www.facebook.com\/RestauranteFlamencoGranada\/\" \/>\n<meta property=\"article:modified_time\" content=\"2024-11-12T12:34:37+00:00\" \/>\n<meta property=\"og:image\" content=\"https:\/\/flamencogranada.com\/wp-content\/uploads\/2024\/07\/Jardines_Zoraya_Show_granada_flamenco.webp?wsr\" \/>\n\t<meta property=\"og:image:width\" content=\"400\" \/>\n\t<meta property=\"og:image:height\" content=\"250\" \/>\n\t<meta property=\"og:image:type\" content=\"image\/webp\" \/>\n<meta name=\"twitter:card\" content=\"summary_large_image\" \/>\n<meta name=\"twitter:label1\" content=\"Tempo di lettura stimato\" \/>\n\t<meta name=\"twitter:data1\" content=\"2 minuti\" \/>\n<!-- \/ Yoast SEO plugin. -->","yoast_head_json":{"title":"Indicazioni per il nostro tablao : Jardines de Zoraya","description":"Il nostro tablao si trova in una zona molto centrale, lo storico quartiere di Albaic\u00edn. Scopri come raggiungerci con queste indicazioni. Vi aspettiamo!","robots":{"index":"index","follow":"follow","max-snippet":"max-snippet:-1","max-image-preview":"max-image-preview:large","max-video-preview":"max-video-preview:-1"},"canonical":"https:\/\/flamencogranada.com\/it\/come-raggiungere-los-jardines-de-zoraya\/","og_locale":"it_IT","og_type":"article","og_title":"Indicazioni per il nostro tablao : Jardines de Zoraya","og_description":"Il nostro tablao si trova in una zona molto centrale, lo storico quartiere di Albaic\u00edn. Scopri come raggiungerci con queste indicazioni. Vi aspettiamo!","og_url":"https:\/\/flamencogranada.com\/it\/come-raggiungere-los-jardines-de-zoraya\/","og_site_name":"Jardines de Zoraya","article_publisher":"https:\/\/www.facebook.com\/RestauranteFlamencoGranada\/","article_modified_time":"2024-11-12T12:34:37+00:00","og_image":[{"width":400,"height":250,"url":"https:\/\/flamencogranada.com\/wp-content\/uploads\/2024\/07\/Jardines_Zoraya_Show_granada_flamenco.webp?wsr","type":"image\/webp"}],"twitter_card":"summary_large_image","twitter_misc":{"Tempo di lettura stimato":"2 minuti"},"schema":{"@context":"https:\/\/schema.org","@graph":[{"@type":"WebPage","@id":"https:\/\/flamencogranada.com\/it\/come-raggiungere-los-jardines-de-zoraya\/","url":"https:\/\/flamencogranada.com\/it\/come-raggiungere-los-jardines-de-zoraya\/","name":"Indicazioni per il nostro tablao : Jardines de Zoraya","isPartOf":{"@id":"https:\/\/flamencogranada.com\/it\/#website"},"datePublished":"2024-10-31T07:15:33+00:00","dateModified":"2024-11-12T12:34:37+00:00","description":"Il nostro tablao si trova in una zona molto centrale, lo storico quartiere di Albaic\u00edn. Scopri come raggiungerci con queste indicazioni. Vi aspettiamo!","breadcrumb":{"@id":"https:\/\/flamencogranada.com\/it\/come-raggiungere-los-jardines-de-zoraya\/#breadcrumb"},"inLanguage":"it-IT","potentialAction":[{"@type":"ReadAction","target":["https:\/\/flamencogranada.com\/it\/come-raggiungere-los-jardines-de-zoraya\/"]}]},{"@type":"BreadcrumbList","@id":"https:\/\/flamencogranada.com\/it\/come-raggiungere-los-jardines-de-zoraya\/#breadcrumb","itemListElement":[{"@type":"ListItem","position":1,"name":"Casa","item":"https:\/\/flamencogranada.com\/it\/"},{"@type":"ListItem","position":2,"name":"Come raggiungere Los Jardines de Zoraya"}]},{"@type":"WebSite","@id":"https:\/\/flamencogranada.com\/it\/#website","url":"https:\/\/flamencogranada.com\/it\/","name":"Jardines Zoraya","description":"Aut\u00e9ntico espect\u00e1culo flamenco en Granada para disfrutar del arte y el baile mientras degustas platos andaluces tradicionales en un tablao en el Albaic\u00edn.","publisher":{"@id":"https:\/\/flamencogranada.com\/it\/#organization"},"alternateName":"Flamenco en Granada","potentialAction":[{"@type":"SearchAction","target":{"@type":"EntryPoint","urlTemplate":"https:\/\/flamencogranada.com\/it\/?s={search_term_string}"},"query-input":{"@type":"PropertyValueSpecification","valueRequired":true,"valueName":"search_term_string"}}],"inLanguage":"it-IT"},{"@type":"Organization","@id":"https:\/\/flamencogranada.com\/it\/#organization","name":"Jardines de Zoraya Flamenco Granada","alternateName":"Jardines de Zoraya","url":"https:\/\/flamencogranada.com\/it\/","logo":{"@type":"ImageObject","inLanguage":"it-IT","@id":"https:\/\/flamencogranada.com\/it\/#\/schema\/logo\/image\/","url":"https:\/\/flamencogranada.com\/wp-content\/uploads\/2024\/06\/logo-invertido.png?wsr","contentUrl":"https:\/\/flamencogranada.com\/wp-content\/uploads\/2024\/06\/logo-invertido.png?wsr","width":208,"height":102,"caption":"Jardines de Zoraya Flamenco Granada"},"image":{"@id":"https:\/\/flamencogranada.com\/it\/#\/schema\/logo\/image\/"},"sameAs":["https:\/\/www.facebook.com\/RestauranteFlamencoGranada\/","https:\/\/www.instagram.com\/tablaojardinesdezoraya\/","https:\/\/www.tiktok.com\/@flamencogranada"]}]}},"_links":{"self":[{"href":"https:\/\/flamencogranada.com\/it\/wp-json\/wp\/v2\/pages\/32630","targetHints":{"allow":["GET"]}}],"collection":[{"href":"https:\/\/flamencogranada.com\/it\/wp-json\/wp\/v2\/pages"}],"about":[{"href":"https:\/\/flamencogranada.com\/it\/wp-json\/wp\/v2\/types\/page"}],"author":[{"embeddable":true,"href":"https:\/\/flamencogranada.com\/it\/wp-json\/wp\/v2\/users\/8"}],"replies":[{"embeddable":true,"href":"https:\/\/flamencogranada.com\/it\/wp-json\/wp\/v2\/comments?post=32630"}],"version-history":[{"count":0,"href":"https:\/\/flamencogranada.com\/it\/wp-json\/wp\/v2\/pages\/32630\/revisions"}],"wp:attachment":[{"href":"https:\/\/flamencogranada.com\/it\/wp-json\/wp\/v2\/media?parent=32630"}],"curies":[{"name":"wp","href":"https:\/\/api.w.org\/{rel}","templated":true}]}}