{"id":32515,"date":"2024-10-30T08:40:00","date_gmt":"2024-10-30T07:40:00","guid":{"rendered":"https:\/\/flamencogranada.com\/i-nostri-tablao\/"},"modified":"2026-03-23T08:52:32","modified_gmt":"2026-03-23T07:52:32","slug":"i-nostri-tablao","status":"publish","type":"page","link":"https:\/\/flamencogranada.com\/it\/i-nostri-tablao\/","title":{"rendered":"I nostri tablao"},"content":{"rendered":"\t\t<div data-elementor-type=\"wp-page\" data-elementor-id=\"32515\" class=\"elementor elementor-32515 elementor-32474\" data-elementor-post-type=\"page\">\n\t\t\t\t<div class=\"elementor-element elementor-element-c68213e e-flex e-con-boxed e-con e-parent\" data-id=\"c68213e\" data-element_type=\"container\" data-e-type=\"container\" data-settings=\"{&quot;background_background&quot;:&quot;classic&quot;}\">\n\t\t\t\t\t<div class=\"e-con-inner\">\n\t\t<div class=\"elementor-element elementor-element-66fc55f e-con-full e-flex e-con e-child\" data-id=\"66fc55f\" data-element_type=\"container\" data-e-type=\"container\">\n\t\t\t\t<\/div>\n\t\t<div class=\"elementor-element elementor-element-ef6fac9 e-con-full e-flex e-con e-child\" data-id=\"ef6fac9\" data-element_type=\"container\" data-e-type=\"container\">\n\t\t\t\t<div class=\"elementor-element elementor-element-dcab36a elementor-widget elementor-widget-heading\" data-id=\"dcab36a\" data-element_type=\"widget\" data-e-type=\"widget\" data-widget_type=\"heading.default\">\n\t\t\t\t<div class=\"elementor-widget-container\">\n\t\t\t\t\t<h1 class=\"elementor-heading-title elementor-size-default\">I NOSTRI TABLAOS A MALAGA E GRANADA<\/h1>\t\t\t\t<\/div>\n\t\t\t\t<\/div>\n\t\t\t\t<div class=\"elementor-element elementor-element-4462ece elementor-widget elementor-widget-text-editor\" data-id=\"4462ece\" data-element_type=\"widget\" data-e-type=\"widget\" data-widget_type=\"text-editor.default\">\n\t\t\t\t<div class=\"elementor-widget-container\">\n\t\t\t\t\t\t\t\t\tAbbiamo un totale di tre tablaos che offrono spettacoli giornalieri durante tutta la giornata, oltre a diverse attivit\u00e0 complementari per farti vivere un&#8217;esperienza di flamenco unica. Tutti i nostri tablaos possono ospitare ogni tipo di evento per gruppi, da quelli pi\u00f9 informali come gli anniversari a quelli pi\u00f9 formali come gli afterwork. \n\t\t\t\t\t\t\t\t<\/div>\n\t\t\t\t<\/div>\n\t\t\t\t<\/div>\n\t\t\t\t\t<\/div>\n\t\t\t\t<\/div>\n\t\t<div class=\"elementor-element elementor-element-0dab40c e-flex e-con-boxed e-con e-parent\" data-id=\"0dab40c\" data-element_type=\"container\" data-e-type=\"container\">\n\t\t\t\t\t<div class=\"e-con-inner\">\n\t\t<div class=\"elementor-element elementor-element-4ccf29c e-con-full e-flex e-con e-child\" data-id=\"4ccf29c\" data-element_type=\"container\" data-e-type=\"container\" data-settings=\"{&quot;background_background&quot;:&quot;slideshow&quot;,&quot;background_slideshow_gallery&quot;:[{&quot;id&quot;:32480,&quot;url&quot;:&quot;https:\\\/\\\/flamencogranada.com\\\/wp-content\\\/uploads\\\/2024\\\/10\\\/cante-baile-guitarra-flamenco-palacio-scaled.jpg&quot;},{&quot;id&quot;:32485,&quot;url&quot;:&quot;https:\\\/\\\/flamencogranada.com\\\/wp-content\\\/uploads\\\/2024\\\/10\\\/flamenco-en-palacio-teatro-scaled.jpg&quot;}],&quot;background_slideshow_loop&quot;:&quot;yes&quot;,&quot;background_slideshow_slide_duration&quot;:5000,&quot;background_slideshow_slide_transition&quot;:&quot;fade&quot;,&quot;background_slideshow_transition_duration&quot;:500}\">\n\t\t\t\t<\/div>\n\t\t<div class=\"elementor-element elementor-element-74a7c26 e-con-full e-flex e-con e-child\" data-id=\"74a7c26\" data-element_type=\"container\" data-e-type=\"container\">\n\t\t\t\t<div class=\"elementor-element elementor-element-a4feb53 elementor-widget-mobile__width-inherit elementor-widget elementor-widget-heading\" data-id=\"a4feb53\" data-element_type=\"widget\" data-e-type=\"widget\" data-widget_type=\"heading.default\">\n\t\t\t\t<div class=\"elementor-widget-container\">\n\t\t\t\t\t<h2 class=\"elementor-heading-title elementor-size-default\">Palazzo del Flamenco a Granada<\/h2>\t\t\t\t<\/div>\n\t\t\t\t<\/div>\n\t\t\t\t<div class=\"elementor-element elementor-element-6b38d3f elementor-widget-mobile__width-inherit elementor-icon-list--layout-traditional elementor-list-item-link-full_width elementor-widget elementor-widget-icon-list\" data-id=\"6b38d3f\" data-element_type=\"widget\" data-e-type=\"widget\" data-widget_type=\"icon-list.default\">\n\t\t\t\t<div class=\"elementor-widget-container\">\n\t\t\t\t\t\t\t<ul class=\"elementor-icon-list-items\">\n\t\t\t\t\t\t\t<li class=\"elementor-icon-list-item\">\n\t\t\t\t\t\t\t\t\t\t\t<span class=\"elementor-icon-list-icon\">\n\t\t\t\t\t\t\t<svg aria-hidden=\"true\" class=\"e-font-icon-svg e-fas-map-marker-alt\" viewBox=\"0 0 384 512\" xmlns=\"http:\/\/www.w3.org\/2000\/svg\"><path d=\"M172.268 501.67C26.97 291.031 0 269.413 0 192 0 85.961 85.961 0 192 0s192 85.961 192 192c0 77.413-26.97 99.031-172.268 309.67-9.535 13.774-29.93 13.773-39.464 0zM192 272c44.183 0 80-35.817 80-80s-35.817-80-80-80-80 35.817-80 80 35.817 80 80 80z\"><\/path><\/svg>\t\t\t\t\t\t<\/span>\n\t\t\t\t\t\t\t\t\t\t<span class=\"elementor-icon-list-text\">Grenada<\/span>\n\t\t\t\t\t\t\t\t\t<\/li>\n\t\t\t\t\t\t<\/ul>\n\t\t\t\t\t\t<\/div>\n\t\t\t\t<\/div>\n\t\t\t\t<div class=\"elementor-element elementor-element-0567eda elementor-widget elementor-widget-text-editor\" data-id=\"0567eda\" data-element_type=\"widget\" data-e-type=\"widget\" data-widget_type=\"text-editor.default\">\n\t\t\t\t<div class=\"elementor-widget-container\">\n\t\t\t\t\t\t\t\t\t<p><span style=\"font-weight: 400;\">Il tablao Flamenco Palacio \u00e8 probabilmente quello con la location pi\u00f9 speciale, in quanto \u00e8 l&#8217;unico tablao di flamenco di Granada situato in un palazzo, nello specifico nel Palacio de los Olvidados, un edificio del XVI secolo ai piedi dell&#8217;Alhambra. Goditi uno spettacolo di flamenco mentre bevi un drink al nostro bar. Offriamo anche la possibilit\u00e0 di organizzare eventi in questo ambiente unico ed esclusivo.  <\/span><\/p>\n\t\t\t\t\t\t\t\t<\/div>\n\t\t\t\t<\/div>\n\t\t\t\t<div class=\"elementor-element elementor-element-5f235c5 elementor-mobile-align-justify elementor-widget elementor-widget-button\" data-id=\"5f235c5\" data-element_type=\"widget\" data-e-type=\"widget\" data-widget_type=\"button.default\">\n\t\t\t\t<div class=\"elementor-widget-container\">\n\t\t\t\t\t\t\t\t\t<div class=\"elementor-button-wrapper\">\n\t\t\t\t\t<a class=\"elementor-button elementor-button-link elementor-size-sm\" href=\"https:\/\/flamencoenpalacio.com\/it\/\" target=\"_blank\">\n\t\t\t\t\t\t<span class=\"elementor-button-content-wrapper\">\n\t\t\t\t\t\t\t\t\t<span class=\"elementor-button-text\">Visita il sito<\/span>\n\t\t\t\t\t<\/span>\n\t\t\t\t\t<\/a>\n\t\t\t\t<\/div>\n\t\t\t\t\t\t\t\t<\/div>\n\t\t\t\t<\/div>\n\t\t\t\t<\/div>\n\t\t\t\t\t<\/div>\n\t\t\t\t<\/div>\n\t\t<div class=\"elementor-element elementor-element-d318538 e-flex e-con-boxed e-con e-parent\" data-id=\"d318538\" data-element_type=\"container\" data-e-type=\"container\">\n\t\t\t\t\t<div class=\"e-con-inner\">\n\t\t<div class=\"elementor-element elementor-element-fcde3ee e-con-full e-flex e-con e-child\" data-id=\"fcde3ee\" data-element_type=\"container\" data-e-type=\"container\">\n\t\t\t\t<div class=\"elementor-element elementor-element-5e4291f elementor-widget-mobile__width-inherit elementor-widget elementor-widget-heading\" data-id=\"5e4291f\" data-element_type=\"widget\" data-e-type=\"widget\" data-widget_type=\"heading.default\">\n\t\t\t\t<div class=\"elementor-widget-container\">\n\t\t\t\t\t<h2 class=\"elementor-heading-title elementor-size-default\">Flamenco ad Alegria Flamenco &amp; Gastronomia<\/h2>\t\t\t\t<\/div>\n\t\t\t\t<\/div>\n\t\t\t\t<div class=\"elementor-element elementor-element-2eb7e91 elementor-widget-mobile__width-inherit elementor-icon-list--layout-traditional elementor-list-item-link-full_width elementor-widget elementor-widget-icon-list\" data-id=\"2eb7e91\" data-element_type=\"widget\" data-e-type=\"widget\" data-widget_type=\"icon-list.default\">\n\t\t\t\t<div class=\"elementor-widget-container\">\n\t\t\t\t\t\t\t<ul class=\"elementor-icon-list-items\">\n\t\t\t\t\t\t\t<li class=\"elementor-icon-list-item\">\n\t\t\t\t\t\t\t\t\t\t\t<span class=\"elementor-icon-list-icon\">\n\t\t\t\t\t\t\t<svg aria-hidden=\"true\" class=\"e-font-icon-svg e-fas-map-marker-alt\" viewBox=\"0 0 384 512\" xmlns=\"http:\/\/www.w3.org\/2000\/svg\"><path d=\"M172.268 501.67C26.97 291.031 0 269.413 0 192 0 85.961 85.961 0 192 0s192 85.961 192 192c0 77.413-26.97 99.031-172.268 309.67-9.535 13.774-29.93 13.773-39.464 0zM192 272c44.183 0 80-35.817 80-80s-35.817-80-80-80-80 35.817-80 80 35.817 80 80 80z\"><\/path><\/svg>\t\t\t\t\t\t<\/span>\n\t\t\t\t\t\t\t\t\t\t<span class=\"elementor-icon-list-text\">Malaga<\/span>\n\t\t\t\t\t\t\t\t\t<\/li>\n\t\t\t\t\t\t<\/ul>\n\t\t\t\t\t\t<\/div>\n\t\t\t\t<\/div>\n\t\t\t\t<div class=\"elementor-element elementor-element-4f960c7 elementor-widget elementor-widget-text-editor\" data-id=\"4f960c7\" data-element_type=\"widget\" data-e-type=\"widget\" data-widget_type=\"text-editor.default\">\n\t\t\t\t<div class=\"elementor-widget-container\">\n\t\t\t\t\t\t\t\t\t<p>L&#8217;Alegria Flamenco offre uno spettacolo di grande successo a Malaga. Nonostante abbia una media di 3-4 spettacoli di flamenco al giorno, \u00e8 sempre pieno e la maggior parte degli spettacoli registra il tutto esaurito. Nel suo ristorante puoi trovare un menu con piatti tipici andalusi per assaggiare la migliore gastronomia spagnola prima dello spettacolo. L&#8217;Alegr\u00eda offre anche un&#8217;esperienza di flamenco coinvolgente grazie ai corsi di iniziazione al flamenco.    <\/p>\n\t\t\t\t\t\t\t\t<\/div>\n\t\t\t\t<\/div>\n\t\t\t\t<div class=\"elementor-element elementor-element-3fe1b6b elementor-mobile-align-justify elementor-widget elementor-widget-button\" data-id=\"3fe1b6b\" data-element_type=\"widget\" data-e-type=\"widget\" data-widget_type=\"button.default\">\n\t\t\t\t<div class=\"elementor-widget-container\">\n\t\t\t\t\t\t\t\t\t<div class=\"elementor-button-wrapper\">\n\t\t\t\t\t<a class=\"elementor-button elementor-button-link elementor-size-sm\" href=\"https:\/\/flamencomalaga.com\/it\/\" target=\"_blank\">\n\t\t\t\t\t\t<span class=\"elementor-button-content-wrapper\">\n\t\t\t\t\t\t\t\t\t<span class=\"elementor-button-text\">Visita il sito<\/span>\n\t\t\t\t\t<\/span>\n\t\t\t\t\t<\/a>\n\t\t\t\t<\/div>\n\t\t\t\t\t\t\t\t<\/div>\n\t\t\t\t<\/div>\n\t\t\t\t<\/div>\n\t\t<div class=\"elementor-element elementor-element-5ccf7cc e-con-full e-flex e-con e-child\" data-id=\"5ccf7cc\" data-element_type=\"container\" data-e-type=\"container\" data-settings=\"{&quot;background_background&quot;:&quot;slideshow&quot;,&quot;background_slideshow_gallery&quot;:[{&quot;id&quot;:32490,&quot;url&quot;:&quot;https:\\\/\\\/flamencogranada.com\\\/wp-content\\\/uploads\\\/2024\\\/10\\\/restaurante-flamenco-malaga.jpg&quot;},{&quot;id&quot;:32495,&quot;url&quot;:&quot;https:\\\/\\\/flamencogranada.com\\\/wp-content\\\/uploads\\\/2024\\\/10\\\/teatro-flamenco-malaga.jpg&quot;}],&quot;background_slideshow_loop&quot;:&quot;yes&quot;,&quot;background_slideshow_slide_duration&quot;:5000,&quot;background_slideshow_slide_transition&quot;:&quot;fade&quot;,&quot;background_slideshow_transition_duration&quot;:500}\">\n\t\t\t\t<\/div>\n\t\t\t\t\t<\/div>\n\t\t\t\t<\/div>\n\t\t<div class=\"elementor-element elementor-element-5f12d57 e-flex e-con-boxed e-con e-parent\" data-id=\"5f12d57\" data-element_type=\"container\" data-e-type=\"container\">\n\t\t\t\t\t<div class=\"e-con-inner\">\n\t\t<div class=\"elementor-element elementor-element-24a6f71 e-con-full e-flex e-con e-child\" data-id=\"24a6f71\" data-element_type=\"container\" data-e-type=\"container\" data-settings=\"{&quot;background_background&quot;:&quot;slideshow&quot;,&quot;background_slideshow_gallery&quot;:[{&quot;id&quot;:30229,&quot;url&quot;:&quot;https:\\\/\\\/flamencogranada.com\\\/wp-content\\\/uploads\\\/2024\\\/07\\\/jardin_5-1-1.jpg&quot;},{&quot;id&quot;:30512,&quot;url&quot;:&quot;https:\\\/\\\/flamencogranada.com\\\/wp-content\\\/uploads\\\/2024\\\/07\\\/jardin_28-1-1-1.jpg&quot;}],&quot;background_slideshow_loop&quot;:&quot;yes&quot;,&quot;background_slideshow_slide_duration&quot;:5000,&quot;background_slideshow_slide_transition&quot;:&quot;fade&quot;,&quot;background_slideshow_transition_duration&quot;:500}\">\n\t\t\t\t<\/div>\n\t\t<div class=\"elementor-element elementor-element-5a65e04 e-con-full e-flex e-con e-child\" data-id=\"5a65e04\" data-element_type=\"container\" data-e-type=\"container\">\n\t\t\t\t<div class=\"elementor-element elementor-element-7a5a800 elementor-widget-mobile__width-inherit elementor-widget elementor-widget-heading\" data-id=\"7a5a800\" data-element_type=\"widget\" data-e-type=\"widget\" data-widget_type=\"heading.default\">\n\t\t\t\t<div class=\"elementor-widget-container\">\n\t\t\t\t\t<h2 class=\"elementor-heading-title elementor-size-default\">I Giardini di Zoraya<\/h2>\t\t\t\t<\/div>\n\t\t\t\t<\/div>\n\t\t\t\t<div class=\"elementor-element elementor-element-9f4c257 elementor-widget-mobile__width-inherit elementor-icon-list--layout-traditional elementor-list-item-link-full_width elementor-widget elementor-widget-icon-list\" data-id=\"9f4c257\" data-element_type=\"widget\" data-e-type=\"widget\" data-widget_type=\"icon-list.default\">\n\t\t\t\t<div class=\"elementor-widget-container\">\n\t\t\t\t\t\t\t<ul class=\"elementor-icon-list-items\">\n\t\t\t\t\t\t\t<li class=\"elementor-icon-list-item\">\n\t\t\t\t\t\t\t\t\t\t\t<span class=\"elementor-icon-list-icon\">\n\t\t\t\t\t\t\t<svg aria-hidden=\"true\" class=\"e-font-icon-svg e-fas-map-marker-alt\" viewBox=\"0 0 384 512\" xmlns=\"http:\/\/www.w3.org\/2000\/svg\"><path d=\"M172.268 501.67C26.97 291.031 0 269.413 0 192 0 85.961 85.961 0 192 0s192 85.961 192 192c0 77.413-26.97 99.031-172.268 309.67-9.535 13.774-29.93 13.773-39.464 0zM192 272c44.183 0 80-35.817 80-80s-35.817-80-80-80-80 35.817-80 80 35.817 80 80 80z\"><\/path><\/svg>\t\t\t\t\t\t<\/span>\n\t\t\t\t\t\t\t\t\t\t<span class=\"elementor-icon-list-text\">Grenada<\/span>\n\t\t\t\t\t\t\t\t\t<\/li>\n\t\t\t\t\t\t<\/ul>\n\t\t\t\t\t\t<\/div>\n\t\t\t\t<\/div>\n\t\t\t\t<div class=\"elementor-element elementor-element-ba6098b elementor-widget elementor-widget-text-editor\" data-id=\"ba6098b\" data-element_type=\"widget\" data-e-type=\"widget\" data-widget_type=\"text-editor.default\">\n\t\t\t\t<div class=\"elementor-widget-container\">\n\t\t\t\t\t\t\t\t\tIn questo tablao potrai vivere un&#8217;esperienza di flamenco unica nel cuore dell&#8217;Albaic\u00edn, a due passi dal centro storico di Granada. La sua terrazza \u00e8 uno spazio romantico e intimo dove poter bere o cenare, situato dietro l&#8217;antica moschea dell&#8217;Albaic\u00edn. Anche l&#8217;offerta gastronomica de Los Jardines de Zoraya non \u00e8 da meno. La tranquillit\u00e0 di questa terrazza crea un&#8217;atmosfera magica dove sicuramente trascorrerai una serata indimenticabile.    \n\t\t\t\t\t\t\t\t<\/div>\n\t\t\t\t<\/div>\n\t\t\t\t<div class=\"elementor-element elementor-element-2279f80 elementor-mobile-align-justify elementor-widget elementor-widget-button\" data-id=\"2279f80\" data-element_type=\"widget\" data-e-type=\"widget\" data-widget_type=\"button.default\">\n\t\t\t\t<div class=\"elementor-widget-container\">\n\t\t\t\t\t\t\t\t\t<div class=\"elementor-button-wrapper\">\n\t\t\t\t\t<a class=\"elementor-button elementor-button-link elementor-size-sm\" href=\"https:\/\/show.flamencogranada.com\/it\/838-web-tablao\/4721-biglietto-spettacolo-flamenco\" target=\"_blank\">\n\t\t\t\t\t\t<span class=\"elementor-button-content-wrapper\">\n\t\t\t\t\t\t\t\t\t<span class=\"elementor-button-text\">Riserva<\/span>\n\t\t\t\t\t<\/span>\n\t\t\t\t\t<\/a>\n\t\t\t\t<\/div>\n\t\t\t\t\t\t\t\t<\/div>\n\t\t\t\t<\/div>\n\t\t\t\t<\/div>\n\t\t\t\t\t<\/div>\n\t\t\t\t<\/div>\n\t\t\t\t<\/div>\n\t\t","protected":false},"excerpt":{"rendered":"<p>I NOSTRI TABLAOS A MALAGA E GRANADA Abbiamo un totale di tre tablaos che offrono spettacoli giornalieri durante tutta la giornata, oltre a diverse attivit\u00e0 complementari per farti vivere un&#8217;esperienza di flamenco unica. Tutti i nostri tablaos possono ospitare ogni tipo di evento per gruppi, da quelli pi\u00f9 informali come gli anniversari a quelli pi\u00f9 [&hellip;]<\/p>\n","protected":false},"author":8,"featured_media":0,"parent":0,"menu_order":0,"comment_status":"closed","ping_status":"closed","template":"","meta":{"_acf_changed":false,"footnotes":""},"class_list":["post-32515","page","type-page","status-publish","hentry"],"acf":[],"yoast_head":"<!-- This site is optimized with the Yoast SEO plugin v27.4 - https:\/\/yoast.com\/product\/yoast-seo-wordpress\/ -->\n<title>I nostri tablaos a Malaga e Granada | Jardines de Zoraya<\/title>\n<meta name=\"description\" content=\"Scopri tutti i nostri tablaos e ristoranti con spettacoli di flamenco a Malaga e Granada. Tutti con spettacoli giornalieri e attivit\u00e0 diverse.\" \/>\n<meta name=\"robots\" content=\"noindex, follow\" \/>\n<meta property=\"og:locale\" content=\"it_IT\" \/>\n<meta property=\"og:type\" content=\"article\" \/>\n<meta property=\"og:title\" content=\"I nostri tablaos a Malaga e Granada | Jardines de Zoraya\" \/>\n<meta property=\"og:description\" content=\"Scopri tutti i nostri tablaos e ristoranti con spettacoli di flamenco a Malaga e Granada. Tutti con spettacoli giornalieri e attivit\u00e0 diverse.\" \/>\n<meta property=\"og:url\" content=\"https:\/\/flamencogranada.com\/it\/i-nostri-tablao\/\" \/>\n<meta property=\"og:site_name\" content=\"Jardines de Zoraya\" \/>\n<meta property=\"article:publisher\" content=\"https:\/\/www.facebook.com\/RestauranteFlamencoGranada\/\" \/>\n<meta property=\"article:modified_time\" content=\"2026-03-23T07:52:32+00:00\" \/>\n<meta property=\"og:image\" content=\"https:\/\/flamencogranada.com\/wp-content\/uploads\/2024\/07\/Jardines_Zoraya_Show_granada_flamenco.webp?wsr\" \/>\n\t<meta property=\"og:image:width\" content=\"400\" \/>\n\t<meta property=\"og:image:height\" content=\"250\" \/>\n\t<meta property=\"og:image:type\" content=\"image\/webp\" \/>\n<meta name=\"twitter:card\" content=\"summary_large_image\" \/>\n<meta name=\"twitter:label1\" content=\"Tempo di lettura stimato\" \/>\n\t<meta name=\"twitter:data1\" content=\"2 minuti\" \/>\n<!-- \/ Yoast SEO plugin. -->","yoast_head_json":{"title":"I nostri tablaos a Malaga e Granada | Jardines de Zoraya","description":"Scopri tutti i nostri tablaos e ristoranti con spettacoli di flamenco a Malaga e Granada. Tutti con spettacoli giornalieri e attivit\u00e0 diverse.","robots":{"index":"noindex","follow":"follow"},"og_locale":"it_IT","og_type":"article","og_title":"I nostri tablaos a Malaga e Granada | Jardines de Zoraya","og_description":"Scopri tutti i nostri tablaos e ristoranti con spettacoli di flamenco a Malaga e Granada. Tutti con spettacoli giornalieri e attivit\u00e0 diverse.","og_url":"https:\/\/flamencogranada.com\/it\/i-nostri-tablao\/","og_site_name":"Jardines de Zoraya","article_publisher":"https:\/\/www.facebook.com\/RestauranteFlamencoGranada\/","article_modified_time":"2026-03-23T07:52:32+00:00","og_image":[{"width":400,"height":250,"url":"https:\/\/flamencogranada.com\/wp-content\/uploads\/2024\/07\/Jardines_Zoraya_Show_granada_flamenco.webp?wsr","type":"image\/webp"}],"twitter_card":"summary_large_image","twitter_misc":{"Tempo di lettura stimato":"2 minuti"},"schema":{"@context":"https:\/\/schema.org","@graph":[{"@type":"WebPage","@id":"https:\/\/flamencogranada.com\/it\/i-nostri-tablao\/","url":"https:\/\/flamencogranada.com\/it\/i-nostri-tablao\/","name":"I nostri tablaos a Malaga e Granada | Jardines de Zoraya","isPartOf":{"@id":"https:\/\/flamencogranada.com\/it\/#website"},"datePublished":"2024-10-30T07:40:00+00:00","dateModified":"2026-03-23T07:52:32+00:00","description":"Scopri tutti i nostri tablaos e ristoranti con spettacoli di flamenco a Malaga e Granada. Tutti con spettacoli giornalieri e attivit\u00e0 diverse.","breadcrumb":{"@id":"https:\/\/flamencogranada.com\/it\/i-nostri-tablao\/#breadcrumb"},"inLanguage":"it-IT","potentialAction":[{"@type":"ReadAction","target":["https:\/\/flamencogranada.com\/it\/i-nostri-tablao\/"]}]},{"@type":"BreadcrumbList","@id":"https:\/\/flamencogranada.com\/it\/i-nostri-tablao\/#breadcrumb","itemListElement":[{"@type":"ListItem","position":1,"name":"Casa","item":"https:\/\/flamencogranada.com\/it\/"},{"@type":"ListItem","position":2,"name":"I nostri tablao"}]},{"@type":"WebSite","@id":"https:\/\/flamencogranada.com\/it\/#website","url":"https:\/\/flamencogranada.com\/it\/","name":"Jardines Zoraya","description":"Aut\u00e9ntico espect\u00e1culo flamenco en Granada para disfrutar del arte y el baile mientras degustas platos andaluces tradicionales en un tablao en el Albaic\u00edn.","publisher":{"@id":"https:\/\/flamencogranada.com\/it\/#organization"},"alternateName":"Flamenco en Granada","potentialAction":[{"@type":"SearchAction","target":{"@type":"EntryPoint","urlTemplate":"https:\/\/flamencogranada.com\/it\/?s={search_term_string}"},"query-input":{"@type":"PropertyValueSpecification","valueRequired":true,"valueName":"search_term_string"}}],"inLanguage":"it-IT"},{"@type":"Organization","@id":"https:\/\/flamencogranada.com\/it\/#organization","name":"Jardines de Zoraya Flamenco Granada","alternateName":"Jardines de Zoraya","url":"https:\/\/flamencogranada.com\/it\/","logo":{"@type":"ImageObject","inLanguage":"it-IT","@id":"https:\/\/flamencogranada.com\/it\/#\/schema\/logo\/image\/","url":"https:\/\/flamencogranada.com\/wp-content\/uploads\/2024\/06\/logo-invertido.png?wsr","contentUrl":"https:\/\/flamencogranada.com\/wp-content\/uploads\/2024\/06\/logo-invertido.png?wsr","width":208,"height":102,"caption":"Jardines de Zoraya Flamenco Granada"},"image":{"@id":"https:\/\/flamencogranada.com\/it\/#\/schema\/logo\/image\/"},"sameAs":["https:\/\/www.facebook.com\/RestauranteFlamencoGranada\/","https:\/\/www.instagram.com\/tablaojardinesdezoraya\/","https:\/\/www.tiktok.com\/@flamencogranada"]}]}},"_links":{"self":[{"href":"https:\/\/flamencogranada.com\/it\/wp-json\/wp\/v2\/pages\/32515","targetHints":{"allow":["GET"]}}],"collection":[{"href":"https:\/\/flamencogranada.com\/it\/wp-json\/wp\/v2\/pages"}],"about":[{"href":"https:\/\/flamencogranada.com\/it\/wp-json\/wp\/v2\/types\/page"}],"author":[{"embeddable":true,"href":"https:\/\/flamencogranada.com\/it\/wp-json\/wp\/v2\/users\/8"}],"replies":[{"embeddable":true,"href":"https:\/\/flamencogranada.com\/it\/wp-json\/wp\/v2\/comments?post=32515"}],"version-history":[{"count":1,"href":"https:\/\/flamencogranada.com\/it\/wp-json\/wp\/v2\/pages\/32515\/revisions"}],"predecessor-version":[{"id":37431,"href":"https:\/\/flamencogranada.com\/it\/wp-json\/wp\/v2\/pages\/32515\/revisions\/37431"}],"wp:attachment":[{"href":"https:\/\/flamencogranada.com\/it\/wp-json\/wp\/v2\/media?parent=32515"}],"curies":[{"name":"wp","href":"https:\/\/api.w.org\/{rel}","templated":true}]}}