{"id":28263,"date":"2024-06-25T15:48:38","date_gmt":"2024-06-25T15:48:38","guid":{"rendered":"https:\/\/flamencogranada.com\/informativa-sulla-privacy\/"},"modified":"2026-03-25T20:25:12","modified_gmt":"2026-03-25T19:25:12","slug":"informativa-sulla-privacy","status":"publish","type":"page","link":"https:\/\/flamencogranada.com\/it\/informativa-sulla-privacy\/","title":{"rendered":"Informativa sulla privacy"},"content":{"rendered":"\n<p><strong>IT &#8211; Nome della societ\u00e0<\/strong>: Flamenco Granada SLU (Jardines de Zoraya)<br\/><strong>Sede legale<\/strong>: <a href=\"https:\/\/goo.gl\/maps\/u31oar4cKDCFEqpH7\" target=\"_blank\" rel=\"noreferrer noopener\">Calle Panaderos, 32, 18010 Granada (Spagna)<\/a><br\/> CIF: B-72397219<br\/><strong>Telefono<\/strong>: <a href=\"tel:0034958206266\" target=\"_blank\" rel=\"noreferrer noopener\">0034 958 206 266<\/a> E-mail: <a href=\"mailto:info@jardinesdezoraya.com\" target=\"_blank\" rel=\"noreferrer noopener\">info@jardinesdezoraya.com<\/a><\/p>\n\n<p>In conformit\u00e0 con la Legge Organica 15\/1999, del 13 dicembre, sulla Protezione dei Dati Personali (LOPD), si informano gli utenti che i dati personali eventualmente forniti attraverso i moduli di questo sito web saranno inseriti negli archivi registrati presso l&#8217;Agenzia Spagnola per la Protezione dei Dati, di propriet\u00e0 e responsabilit\u00e0 di Miguel Moreno Riojas, S.L., al fine di poter rispondere a qualsiasi domanda venga posta attraverso tali moduli. A tal fine, e in conformit\u00e0 con il Real Decreto 1720\/2007, del 21 dicembre, Miguel Moreno Riojas, S.L. adotter\u00e0 le opportune misure di sicurezza per i dati personali forniti dagli utenti e utilizzer\u00e0 i mezzi e le misure tecniche per prevenire la perdita, l&#8217;abuso, l&#8217;alterazione, l&#8217;accesso non autorizzato e il furto degli stessi. Inoltre, vi informiamo che i CV ricevuti tramite questo sito web saranno conservati per un periodo massimo di sei mesi dal ricevimento. Se dopo questo periodo non \u00e8 stato incluso in nessuna procedura di selezione, viene distrutto.   <\/p>\n\n<p>Per quanto riguarda la pubblicazione di dati personali su blog e social network che possono condividere questo sito web, i dati personali possono essere trattati allo scopo di rispondere ai commenti e migliorare i nostri servizi. La politica sulla privacy \u00e8 quella stabilita dalle entit\u00e0 responsabili di tali siti. Miguel Moreno Riojas, S.L. non \u00e8 responsabile delle informazioni personali che ciascun utente pu\u00f2 pubblicare. Iscrivendovi alla nostra newsletter riceverete informazioni sulle nostre attivit\u00e0, eventi, offerte, ecc. \u00c8 possibile annullare l&#8217;iscrizione inviando un&#8217;e-mail indicando nell&#8217;oggetto che non si desidera pi\u00f9 ricevere questa newsletter e chiedendo di essere rimossi dalla mailing list.    <\/p>\n\n<p>Sul nostro sito web e sui social network potremo pubblicare foto dei nostri eventi, dello staff, ecc. con l&#8217;idea di far conoscere la nostra azienda e migliorare i nostri servizi. Nel caso in cui l&#8217;utente sia in grado di lasciarne uno, pu\u00f2 chiederci di rimuoverlo allegandone una copia. Tale copia sar\u00e0 sufficiente come &#8220;screenshot&#8221; per identificare correttamente l&#8217;immagine.  <\/p>\n\n<p>I vostri dati personali non saranno trasmessi a terze persone, societ\u00e0 o enti, ad eccezione di coloro che, per obblighi di legge, sono tenuti a farlo. Gli utenti possono in qualsiasi momento esercitare i diritti di accesso, rettifica, opposizione e cancellazione dei propri dati personali, in conformit\u00e0 con le disposizioni della legislazione vigente in materia di protezione dei dati personali, scrivendo alla nostra societ\u00e0 per posta o per e-mail, allegando una copia del proprio documento di identit\u00e0 nazionale. <\/p>\n","protected":false},"excerpt":{"rendered":"<p>IT &#8211; Nome della societ\u00e0: Flamenco Granada SLU (Jardines de Zoraya)Sede legale: Calle Panaderos, 32, 18010 Granada (Spagna) CIF: B-72397219Telefono: 0034 958 206 266 E-mail: info@jardinesdezoraya.com In conformit\u00e0 con la Legge Organica 15\/1999, del 13 dicembre, sulla Protezione dei Dati Personali (LOPD), si informano gli utenti che i dati personali eventualmente forniti attraverso i moduli [&hellip;]<\/p>\n","protected":false},"author":8,"featured_media":0,"parent":0,"menu_order":0,"comment_status":"closed","ping_status":"closed","template":"","meta":{"_acf_changed":false,"footnotes":""},"class_list":["post-28263","page","type-page","status-publish","hentry"],"acf":[],"yoast_head":"<!-- This site is optimized with the Yoast SEO plugin v27.4 - https:\/\/yoast.com\/product\/yoast-seo-wordpress\/ -->\n<title>Informativa sulla privacy | Jardines de Zoraya<\/title>\n<meta name=\"robots\" content=\"noindex, nofollow\" \/>\n<meta property=\"og:locale\" content=\"it_IT\" \/>\n<meta property=\"og:type\" content=\"article\" \/>\n<meta property=\"og:title\" content=\"Informativa sulla privacy | Jardines de Zoraya\" \/>\n<meta property=\"og:description\" content=\"IT &#8211; Nome della societ\u00e0: Flamenco Granada SLU (Jardines de Zoraya)Sede legale: Calle Panaderos, 32, 18010 Granada (Spagna) CIF: B-72397219Telefono: 0034 958 206 266 E-mail: info@jardinesdezoraya.com In conformit\u00e0 con la Legge Organica 15\/1999, del 13 dicembre, sulla Protezione dei Dati Personali (LOPD), si informano gli utenti che i dati personali eventualmente forniti attraverso i moduli [&hellip;]\" \/>\n<meta property=\"og:url\" content=\"https:\/\/flamencogranada.com\/it\/informativa-sulla-privacy\/\" \/>\n<meta property=\"og:site_name\" content=\"Jardines de Zoraya\" \/>\n<meta property=\"article:publisher\" content=\"https:\/\/www.facebook.com\/RestauranteFlamencoGranada\/\" \/>\n<meta property=\"article:modified_time\" content=\"2026-03-25T19:25:12+00:00\" \/>\n<meta property=\"og:image\" content=\"https:\/\/flamencogranada.com\/wp-content\/uploads\/2024\/07\/Jardines_Zoraya_Show_granada_flamenco.webp?wsr\" \/>\n\t<meta property=\"og:image:width\" content=\"400\" \/>\n\t<meta property=\"og:image:height\" content=\"250\" \/>\n\t<meta property=\"og:image:type\" content=\"image\/webp\" \/>\n<meta name=\"twitter:card\" content=\"summary_large_image\" \/>\n<meta name=\"twitter:label1\" content=\"Tempo di lettura stimato\" \/>\n\t<meta name=\"twitter:data1\" content=\"2 minuti\" \/>\n<!-- \/ Yoast SEO plugin. -->","yoast_head_json":{"title":"Informativa sulla privacy | Jardines de Zoraya","robots":{"index":"noindex","follow":"nofollow"},"og_locale":"it_IT","og_type":"article","og_title":"Informativa sulla privacy | Jardines de Zoraya","og_description":"IT &#8211; Nome della societ\u00e0: Flamenco Granada SLU (Jardines de Zoraya)Sede legale: Calle Panaderos, 32, 18010 Granada (Spagna) CIF: B-72397219Telefono: 0034 958 206 266 E-mail: info@jardinesdezoraya.com In conformit\u00e0 con la Legge Organica 15\/1999, del 13 dicembre, sulla Protezione dei Dati Personali (LOPD), si informano gli utenti che i dati personali eventualmente forniti attraverso i moduli [&hellip;]","og_url":"https:\/\/flamencogranada.com\/it\/informativa-sulla-privacy\/","og_site_name":"Jardines de Zoraya","article_publisher":"https:\/\/www.facebook.com\/RestauranteFlamencoGranada\/","article_modified_time":"2026-03-25T19:25:12+00:00","og_image":[{"width":400,"height":250,"url":"https:\/\/flamencogranada.com\/wp-content\/uploads\/2024\/07\/Jardines_Zoraya_Show_granada_flamenco.webp?wsr","type":"image\/webp"}],"twitter_card":"summary_large_image","twitter_misc":{"Tempo di lettura stimato":"2 minuti"},"schema":{"@context":"https:\/\/schema.org","@graph":[{"@type":"WebPage","@id":"https:\/\/flamencogranada.com\/it\/informativa-sulla-privacy\/","url":"https:\/\/flamencogranada.com\/it\/informativa-sulla-privacy\/","name":"Informativa sulla privacy | Jardines de Zoraya","isPartOf":{"@id":"https:\/\/flamencogranada.com\/it\/#website"},"datePublished":"2024-06-25T15:48:38+00:00","dateModified":"2026-03-25T19:25:12+00:00","breadcrumb":{"@id":"https:\/\/flamencogranada.com\/it\/informativa-sulla-privacy\/#breadcrumb"},"inLanguage":"it-IT","potentialAction":[{"@type":"ReadAction","target":["https:\/\/flamencogranada.com\/it\/informativa-sulla-privacy\/"]}]},{"@type":"BreadcrumbList","@id":"https:\/\/flamencogranada.com\/it\/informativa-sulla-privacy\/#breadcrumb","itemListElement":[{"@type":"ListItem","position":1,"name":"Casa","item":"https:\/\/flamencogranada.com\/it\/"},{"@type":"ListItem","position":2,"name":"Informativa sulla privacy"}]},{"@type":"WebSite","@id":"https:\/\/flamencogranada.com\/it\/#website","url":"https:\/\/flamencogranada.com\/it\/","name":"Jardines Zoraya","description":"Aut\u00e9ntico espect\u00e1culo flamenco en Granada para disfrutar del arte y el baile mientras degustas platos andaluces tradicionales en un tablao en el Albaic\u00edn.","publisher":{"@id":"https:\/\/flamencogranada.com\/it\/#organization"},"alternateName":"Flamenco en Granada","potentialAction":[{"@type":"SearchAction","target":{"@type":"EntryPoint","urlTemplate":"https:\/\/flamencogranada.com\/it\/?s={search_term_string}"},"query-input":{"@type":"PropertyValueSpecification","valueRequired":true,"valueName":"search_term_string"}}],"inLanguage":"it-IT"},{"@type":"Organization","@id":"https:\/\/flamencogranada.com\/it\/#organization","name":"Jardines de Zoraya Flamenco Granada","alternateName":"Jardines de Zoraya","url":"https:\/\/flamencogranada.com\/it\/","logo":{"@type":"ImageObject","inLanguage":"it-IT","@id":"https:\/\/flamencogranada.com\/it\/#\/schema\/logo\/image\/","url":"https:\/\/flamencogranada.com\/wp-content\/uploads\/2024\/06\/logo-invertido.png?wsr","contentUrl":"https:\/\/flamencogranada.com\/wp-content\/uploads\/2024\/06\/logo-invertido.png?wsr","width":208,"height":102,"caption":"Jardines de Zoraya Flamenco Granada"},"image":{"@id":"https:\/\/flamencogranada.com\/it\/#\/schema\/logo\/image\/"},"sameAs":["https:\/\/www.facebook.com\/RestauranteFlamencoGranada\/","https:\/\/www.instagram.com\/tablaojardinesdezoraya\/","https:\/\/www.tiktok.com\/@flamencogranada"]}]}},"_links":{"self":[{"href":"https:\/\/flamencogranada.com\/it\/wp-json\/wp\/v2\/pages\/28263","targetHints":{"allow":["GET"]}}],"collection":[{"href":"https:\/\/flamencogranada.com\/it\/wp-json\/wp\/v2\/pages"}],"about":[{"href":"https:\/\/flamencogranada.com\/it\/wp-json\/wp\/v2\/types\/page"}],"author":[{"embeddable":true,"href":"https:\/\/flamencogranada.com\/it\/wp-json\/wp\/v2\/users\/8"}],"replies":[{"embeddable":true,"href":"https:\/\/flamencogranada.com\/it\/wp-json\/wp\/v2\/comments?post=28263"}],"version-history":[{"count":1,"href":"https:\/\/flamencogranada.com\/it\/wp-json\/wp\/v2\/pages\/28263\/revisions"}],"predecessor-version":[{"id":37654,"href":"https:\/\/flamencogranada.com\/it\/wp-json\/wp\/v2\/pages\/28263\/revisions\/37654"}],"wp:attachment":[{"href":"https:\/\/flamencogranada.com\/it\/wp-json\/wp\/v2\/media?parent=28263"}],"curies":[{"name":"wp","href":"https:\/\/api.w.org\/{rel}","templated":true}]}}