{"id":28235,"date":"2024-06-25T15:48:23","date_gmt":"2024-06-25T15:48:23","guid":{"rendered":"https:\/\/flamencogranada.com\/avviso-legale\/"},"modified":"2026-03-25T19:49:39","modified_gmt":"2026-03-25T18:49:39","slug":"avviso-legale","status":"publish","type":"page","link":"https:\/\/flamencogranada.com\/it\/avviso-legale\/","title":{"rendered":"Avviso legale"},"content":{"rendered":"\n<p><strong>Nome dell&#8217;azienda<\/strong>: Flamenco Granada SLU (Jardines de Zoraya)<br\/><strong>Indirizzo registrato<\/strong>: <a href=\"https:\/\/goo.gl\/maps\/u31oar4cKDCFEqpH7\" target=\"_blank\" rel=\"noreferrer noopener\">Calle Panaderos, 32, 18010 Granada (Spagna)<\/a><br\/> CIF: B-72397219<br\/><strong>Telefono<\/strong>: <a href=\"tel:0034958206266\" target=\"_blank\" rel=\"noreferrer noopener\">0034 958 206 266<\/a> <br\/><strong>E-mail:<\/strong> <a href=\"mailto:info@jardinesdezoraya.com\" target=\"_blank\" rel=\"noreferrer noopener\">info@jardinesdezoraya.com<\/a><\/p>\n\n<h3 class=\"wp-block-heading\">Oggetto<\/h3>\n\n<p>Flamenco Granada SLU (d&#8217;ora in poi il provider), responsabile del sito web, mette a disposizione degli utenti il presente documento con il quale intende rispettare gli obblighi previsti dalla Legge 34\/2002, dei Servizi della Societ\u00e0 dell&#8217;Informazione e del Commercio Elettronico (LSSI-CE), e informare tutti gli utenti del sito web in merito alle condizioni di utilizzo del sito web Qualsiasi persona che acceda a questo sito web assume il ruolo di utente, impegnandosi all&#8217;osservanza e all&#8217;applicazione delle disposizioni del presente documento, nonch\u00e9 di qualsiasi altra disposizione legale applicabile.<\/p>\n\n<p>Il fornitore si riserva il diritto di modificare qualsiasi tipo di informazione che possa apparire sul sito web, senza alcun obbligo di preavviso o di informazione agli utenti, intendendo come sufficiente la pubblicazione sul sito web del fornitore.<\/p>\n\n<h3 class=\"wp-block-heading\">Responsabilit\u00e0<\/h3>\n\n<p>Il fornitore declina ogni responsabilit\u00e0 per le informazioni pubblicate sul proprio sito web, nel caso in cui tali informazioni siano state manipolate o introdotte da terzi esterni allo stesso. Questo sito utilizza i &#8220;cookie&#8221;, che sono file di testo collocati sul vostro computer, per aiutare il sito ad analizzare come gli utenti utilizzano il sito. L&#8217;utilizzo di questi file \u00e8 descritto nella scheda &#8220;Politica dei cookie&#8221;. L&#8217;utente pu\u00f2 rifiutare il trattamento dei dati o delle informazioni rifiutando l&#8217;uso dei cookie selezionando l&#8217;impostazione appropriata sul proprio browser; tuttavia, si noti che in tal caso potrebbe non essere in grado di utilizzare tutte le funzionalit\u00e0 di questo sito web. Dal sito web del cliente \u00e8 possibile che si venga reindirizzati a contenuti di siti web di terzi. Poich\u00e9 il fornitore non pu\u00f2 sempre controllare i contenuti introdotti da terzi sul suo sito, non si assume alcuna responsabilit\u00e0 per tali contenuti. In ogni caso, il fornitore dichiara che rimuover\u00e0 immediatamente qualsiasi contenuto che possa contravvenire alla legislazione nazionale o internazionale, alla morale o all&#8217;ordine pubblico, eliminando immediatamente il reindirizzamento a tale sito web e informando le autorit\u00e0 competenti del contenuto in questione.      <\/p>\n\n<p>Il fornitore non \u00e8 responsabile delle informazioni e dei contenuti memorizzati, inclusi, a titolo esemplificativo, forum, chat, blog, commenti, social network o qualsiasi altro mezzo che consenta a terzi di pubblicare contenuti in modo indipendente sul sito web del fornitore. Tuttavia, in conformit\u00e0 con le disposizioni degli artt. 11 e 16 della LSSI-CE, il provider si mette a disposizione di tutti gli utenti, delle autorit\u00e0 e delle forze di sicurezza e collabora attivamente alla rimozione o al blocco di tutti i contenuti che potrebbero pregiudicare o contravvenire alla legislazione nazionale o internazionale, ai diritti di terzi o al buon costume e all&#8217;ordine pubblico. Nel caso in cui l&#8217;utente ritenga che sul sito web siano presenti contenuti suscettibili di questa classificazione, \u00e8 pregato di comunicarlo immediatamente all&#8217;amministratore del sito. Questo sito web \u00e8 stato esaminato e testato per garantirne il corretto funzionamento. In linea di principio, il corretto funzionamento pu\u00f2 essere garantito 365 giorni all&#8217;anno, 24 ore al giorno. Tuttavia, il fornitore non esclude l&#8217;esistenza di alcuni errori di programmazione o il verificarsi di cause di forza maggiore, catastrofi naturali, scioperi o circostanze simili che rendano impossibile l&#8217;accesso al sito web.     <\/p>\n\n<h3 class=\"wp-block-heading\">Propriet\u00e0 intellettuale e industriale<\/h3>\n\n<p>Il sito web, compresi, a titolo esemplificativo e non esaustivo, la programmazione, la redazione, la compilazione e gli altri elementi necessari al suo funzionamento, i disegni, i loghi, i testi e\/o la grafica sono di propriet\u00e0 del fornitore o, se del caso, sono concessi in licenza o espressamente autorizzati dagli autori.<\/p>\n\n<p>Indipendentemente dallo scopo per cui sono stati concepiti, la riproduzione totale o parziale, l&#8217;uso, lo sfruttamento, la distribuzione e la commercializzazione richiedono in ogni caso la previa autorizzazione scritta del fornitore. Qualsiasi utilizzo non preventivamente autorizzato dal fornitore sar\u00e0 considerato una grave violazione dei diritti di propriet\u00e0 intellettuale o industriale dell&#8217;autore. <\/p>\n\n<p>I disegni, i loghi, i testi e\/o la grafica che non appartengono al fornitore e che possono apparire sul sito web appartengono ai rispettivi proprietari, i quali sono responsabili di ogni eventuale controversia che possa sorgere in merito. In tutti i casi, il fornitore deve avere la sua autorizzazione preventiva. <\/p>\n\n<p>Il fornitore autorizza espressamente i terzi a reindirizzare direttamente ai contenuti specifici del sito web, e in ogni caso deve reindirizzare al sito web principale del fornitore.<\/p>\n\n<p>Il fornitore riconosce i corrispondenti diritti di propriet\u00e0 industriale e intellettuale a favore dei loro proprietari, e la loro semplice menzione o apparizione sul sito web non implica l&#8217;esistenza di alcun diritto o responsabilit\u00e0 del fornitore in merito agli stessi, n\u00e9 alcun avallo, sponsorizzazione o raccomandazione da parte dello stesso.<\/p>\n\n<h3 class=\"wp-block-heading\">Legge applicabile e giurisdizione<\/h3>\n\n<p>Per la risoluzione di tutte le controversie o questioni relative al presente sito web o alle attivit\u00e0 in esso svolte, si applicher\u00e0 la legislazione spagnola, alla quale le parti si sottomettono espressamente, e i Tribunali di Granada saranno competenti per la risoluzione di tutte le controversie derivanti o connesse al suo utilizzo, ove applicabile.<\/p>\n\n<p><\/p>\n","protected":false},"excerpt":{"rendered":"<p>Nome dell&#8217;azienda: Flamenco Granada SLU (Jardines de Zoraya)Indirizzo registrato: Calle Panaderos, 32, 18010 Granada (Spagna) CIF: B-72397219Telefono: 0034 958 206 266 E-mail: info@jardinesdezoraya.com Oggetto Flamenco Granada SLU (d&#8217;ora in poi il provider), responsabile del sito web, mette a disposizione degli utenti il presente documento con il quale intende rispettare gli obblighi previsti dalla Legge 34\/2002, [&hellip;]<\/p>\n","protected":false},"author":8,"featured_media":0,"parent":0,"menu_order":0,"comment_status":"closed","ping_status":"closed","template":"","meta":{"_acf_changed":false,"footnotes":""},"class_list":["post-28235","page","type-page","status-publish","hentry"],"acf":[],"yoast_head":"<!-- This site is optimized with the Yoast SEO plugin v27.4 - https:\/\/yoast.com\/product\/yoast-seo-wordpress\/ -->\n<title>Avviso legale | Jardines de Zoraya<\/title>\n<meta name=\"robots\" content=\"noindex, nofollow\" \/>\n<meta property=\"og:locale\" content=\"it_IT\" \/>\n<meta property=\"og:type\" content=\"article\" \/>\n<meta property=\"og:title\" content=\"Avviso legale | Jardines de Zoraya\" \/>\n<meta property=\"og:description\" content=\"Nome dell&#8217;azienda: Flamenco Granada SLU (Jardines de Zoraya)Indirizzo registrato: Calle Panaderos, 32, 18010 Granada (Spagna) CIF: B-72397219Telefono: 0034 958 206 266 E-mail: info@jardinesdezoraya.com Oggetto Flamenco Granada SLU (d&#8217;ora in poi il provider), responsabile del sito web, mette a disposizione degli utenti il presente documento con il quale intende rispettare gli obblighi previsti dalla Legge 34\/2002, [&hellip;]\" \/>\n<meta property=\"og:url\" content=\"https:\/\/flamencogranada.com\/it\/avviso-legale\/\" \/>\n<meta property=\"og:site_name\" content=\"Jardines de Zoraya\" \/>\n<meta property=\"article:publisher\" content=\"https:\/\/www.facebook.com\/RestauranteFlamencoGranada\/\" \/>\n<meta property=\"article:modified_time\" content=\"2026-03-25T18:49:39+00:00\" \/>\n<meta property=\"og:image\" content=\"https:\/\/flamencogranada.com\/wp-content\/uploads\/2024\/07\/Jardines_Zoraya_Show_granada_flamenco.webp?wsr\" \/>\n\t<meta property=\"og:image:width\" content=\"400\" \/>\n\t<meta property=\"og:image:height\" content=\"250\" \/>\n\t<meta property=\"og:image:type\" content=\"image\/webp\" \/>\n<meta name=\"twitter:card\" content=\"summary_large_image\" \/>\n<meta name=\"twitter:label1\" content=\"Tempo di lettura stimato\" \/>\n\t<meta name=\"twitter:data1\" content=\"4 minuti\" \/>\n<!-- \/ Yoast SEO plugin. -->","yoast_head_json":{"title":"Avviso legale | Jardines de Zoraya","robots":{"index":"noindex","follow":"nofollow"},"og_locale":"it_IT","og_type":"article","og_title":"Avviso legale | Jardines de Zoraya","og_description":"Nome dell&#8217;azienda: Flamenco Granada SLU (Jardines de Zoraya)Indirizzo registrato: Calle Panaderos, 32, 18010 Granada (Spagna) CIF: B-72397219Telefono: 0034 958 206 266 E-mail: info@jardinesdezoraya.com Oggetto Flamenco Granada SLU (d&#8217;ora in poi il provider), responsabile del sito web, mette a disposizione degli utenti il presente documento con il quale intende rispettare gli obblighi previsti dalla Legge 34\/2002, [&hellip;]","og_url":"https:\/\/flamencogranada.com\/it\/avviso-legale\/","og_site_name":"Jardines de Zoraya","article_publisher":"https:\/\/www.facebook.com\/RestauranteFlamencoGranada\/","article_modified_time":"2026-03-25T18:49:39+00:00","og_image":[{"width":400,"height":250,"url":"https:\/\/flamencogranada.com\/wp-content\/uploads\/2024\/07\/Jardines_Zoraya_Show_granada_flamenco.webp?wsr","type":"image\/webp"}],"twitter_card":"summary_large_image","twitter_misc":{"Tempo di lettura stimato":"4 minuti"},"schema":{"@context":"https:\/\/schema.org","@graph":[{"@type":"WebPage","@id":"https:\/\/flamencogranada.com\/it\/avviso-legale\/","url":"https:\/\/flamencogranada.com\/it\/avviso-legale\/","name":"Avviso legale | Jardines de Zoraya","isPartOf":{"@id":"https:\/\/flamencogranada.com\/it\/#website"},"datePublished":"2024-06-25T15:48:23+00:00","dateModified":"2026-03-25T18:49:39+00:00","breadcrumb":{"@id":"https:\/\/flamencogranada.com\/it\/avviso-legale\/#breadcrumb"},"inLanguage":"it-IT","potentialAction":[{"@type":"ReadAction","target":["https:\/\/flamencogranada.com\/it\/avviso-legale\/"]}]},{"@type":"BreadcrumbList","@id":"https:\/\/flamencogranada.com\/it\/avviso-legale\/#breadcrumb","itemListElement":[{"@type":"ListItem","position":1,"name":"Casa","item":"https:\/\/flamencogranada.com\/it\/"},{"@type":"ListItem","position":2,"name":"Avviso legale"}]},{"@type":"WebSite","@id":"https:\/\/flamencogranada.com\/it\/#website","url":"https:\/\/flamencogranada.com\/it\/","name":"Jardines Zoraya","description":"Aut\u00e9ntico espect\u00e1culo flamenco en Granada para disfrutar del arte y el baile mientras degustas platos andaluces tradicionales en un tablao en el Albaic\u00edn.","publisher":{"@id":"https:\/\/flamencogranada.com\/it\/#organization"},"alternateName":"Flamenco en Granada","potentialAction":[{"@type":"SearchAction","target":{"@type":"EntryPoint","urlTemplate":"https:\/\/flamencogranada.com\/it\/?s={search_term_string}"},"query-input":{"@type":"PropertyValueSpecification","valueRequired":true,"valueName":"search_term_string"}}],"inLanguage":"it-IT"},{"@type":"Organization","@id":"https:\/\/flamencogranada.com\/it\/#organization","name":"Jardines de Zoraya Flamenco Granada","alternateName":"Jardines de Zoraya","url":"https:\/\/flamencogranada.com\/it\/","logo":{"@type":"ImageObject","inLanguage":"it-IT","@id":"https:\/\/flamencogranada.com\/it\/#\/schema\/logo\/image\/","url":"https:\/\/flamencogranada.com\/wp-content\/uploads\/2024\/06\/logo-invertido.png?wsr","contentUrl":"https:\/\/flamencogranada.com\/wp-content\/uploads\/2024\/06\/logo-invertido.png?wsr","width":208,"height":102,"caption":"Jardines de Zoraya Flamenco Granada"},"image":{"@id":"https:\/\/flamencogranada.com\/it\/#\/schema\/logo\/image\/"},"sameAs":["https:\/\/www.facebook.com\/RestauranteFlamencoGranada\/","https:\/\/www.instagram.com\/tablaojardinesdezoraya\/","https:\/\/www.tiktok.com\/@flamencogranada"]}]}},"_links":{"self":[{"href":"https:\/\/flamencogranada.com\/it\/wp-json\/wp\/v2\/pages\/28235","targetHints":{"allow":["GET"]}}],"collection":[{"href":"https:\/\/flamencogranada.com\/it\/wp-json\/wp\/v2\/pages"}],"about":[{"href":"https:\/\/flamencogranada.com\/it\/wp-json\/wp\/v2\/types\/page"}],"author":[{"embeddable":true,"href":"https:\/\/flamencogranada.com\/it\/wp-json\/wp\/v2\/users\/8"}],"replies":[{"embeddable":true,"href":"https:\/\/flamencogranada.com\/it\/wp-json\/wp\/v2\/comments?post=28235"}],"version-history":[{"count":1,"href":"https:\/\/flamencogranada.com\/it\/wp-json\/wp\/v2\/pages\/28235\/revisions"}],"predecessor-version":[{"id":37623,"href":"https:\/\/flamencogranada.com\/it\/wp-json\/wp\/v2\/pages\/28235\/revisions\/37623"}],"wp:attachment":[{"href":"https:\/\/flamencogranada.com\/it\/wp-json\/wp\/v2\/media?parent=28235"}],"curies":[{"name":"wp","href":"https:\/\/api.w.org\/{rel}","templated":true}]}}