{"id":32848,"date":"2024-11-05T13:23:15","date_gmt":"2024-11-05T12:23:15","guid":{"rendered":"https:\/\/flamencogranada.com\/offrez-une-experience-inoubliable\/"},"modified":"2026-03-25T20:22:19","modified_gmt":"2026-03-25T19:22:19","slug":"lier-cadeau-spectacle-flamenco","status":"publish","type":"page","link":"https:\/\/flamencogranada.com\/fr\/lier-cadeau-spectacle-flamenco\/","title":{"rendered":"Offrez une exp\u00e9rience inoubliable"},"content":{"rendered":"\t\t<div data-elementor-type=\"wp-page\" data-elementor-id=\"32848\" class=\"elementor elementor-32848 elementor-32810\" data-elementor-post-type=\"page\">\n\t\t\t\t<div class=\"elementor-element elementor-element-f3911c9 e-flex e-con-boxed e-con e-parent\" data-id=\"f3911c9\" data-element_type=\"container\" data-e-type=\"container\" data-settings=\"{&quot;background_background&quot;:&quot;classic&quot;}\">\n\t\t\t\t\t<div class=\"e-con-inner\">\n\t\t\t\t<div class=\"elementor-element elementor-element-860c222 elementor-widget elementor-widget-breadcrumbs\" data-id=\"860c222\" data-element_type=\"widget\" data-e-type=\"widget\" data-widget_type=\"breadcrumbs.default\">\n\t\t\t\t<div class=\"elementor-widget-container\">\n\t\t\t\t\t<p id=\"breadcrumbs\"><span><span><a href=\"https:\/\/flamencogranada.com\/fr\/\">Accueil<\/a><\/span><\/span><\/p>\t\t\t\t<\/div>\n\t\t\t\t<\/div>\n\t\t<div class=\"elementor-element elementor-element-6bf79c3 e-con-full e-flex e-con e-child\" data-id=\"6bf79c3\" data-element_type=\"container\" data-e-type=\"container\">\n\t\t\t\t<div class=\"elementor-element elementor-element-a3e09a9 elementor-widget elementor-widget-heading\" data-id=\"a3e09a9\" data-element_type=\"widget\" data-e-type=\"widget\" data-widget_type=\"heading.default\">\n\t\t\t\t<div class=\"elementor-widget-container\">\n\t\t\t\t\t<h1 class=\"elementor-heading-title elementor-size-default\">Offrez une exp\u00e9rience inoubliable<\/h1>\t\t\t\t<\/div>\n\t\t\t\t<\/div>\n\t\t\t\t<\/div>\n\t\t\t\t<div class=\"elementor-element elementor-element-56cf5b3 elementor-widget elementor-widget-spacer\" data-id=\"56cf5b3\" data-element_type=\"widget\" data-e-type=\"widget\" data-widget_type=\"spacer.default\">\n\t\t\t\t<div class=\"elementor-widget-container\">\n\t\t\t\t\t\t\t<div class=\"elementor-spacer\">\n\t\t\t<div class=\"elementor-spacer-inner\"><\/div>\n\t\t<\/div>\n\t\t\t\t\t\t<\/div>\n\t\t\t\t<\/div>\n\t\t\t\t\t<\/div>\n\t\t\t\t<\/div>\n\t\t<div class=\"elementor-element elementor-element-524eeda e-flex e-con-boxed e-con e-parent\" data-id=\"524eeda\" data-element_type=\"container\" data-e-type=\"container\">\n\t\t\t\t\t<div class=\"e-con-inner\">\n\t\t<div class=\"elementor-element elementor-element-8c643ff e-con-full e-flex e-con e-child\" data-id=\"8c643ff\" data-element_type=\"container\" data-e-type=\"container\" data-settings=\"{&quot;background_background&quot;:&quot;classic&quot;}\">\n\t\t\t\t<\/div>\n\t\t<div class=\"elementor-element elementor-element-fefca64 e-con-full e-flex e-con e-child\" data-id=\"fefca64\" data-element_type=\"container\" data-e-type=\"container\">\n\t\t\t\t<div class=\"elementor-element elementor-element-1a14a6e elementor-widget elementor-widget-text-editor\" data-id=\"1a14a6e\" data-element_type=\"widget\" data-e-type=\"widget\" data-widget_type=\"text-editor.default\">\n\t\t\t\t<div class=\"elementor-widget-container\">\n\t\t\t\t\t\t\t\t\t<p>Il n&rsquo;y a rien de mieux que d&rsquo;offrir des exp\u00e9riences dont on se souvient toute sa vie. C&rsquo;est pourquoi, chez Alegria Flamenco, nous vous offrons la possibilit\u00e9 d&rsquo;offrir une nuit dans un authentique tablao flamenco avec d\u00eener inclus, sans avoir \u00e0 vous soucier de choisir des dates pr\u00e9cises. Donnez \u00e0 vos invit\u00e9s la libert\u00e9 de choisir quand ils souhaitent vivre cette exp\u00e9rience. <\/p>\n<p>Vous ne savez pas quoi offrir pour un anniversaire, No\u00ebl ou un mariage ? Vous cherchez un cadeau sp\u00e9cial pour vos beaux-parents, vos amis, votre partenaire ou votre famille ? Chez Alegr\u00eda Flamenco, nous avons cr\u00e9\u00e9 le cadeau id\u00e9al pour ces occasions o\u00f9 vous recherchez quelque chose de vraiment sp\u00e9cial et original.  <\/p>\n\t\t\t\t\t\t\t\t<\/div>\n\t\t\t\t<\/div>\n\t\t\t\t<div class=\"elementor-element elementor-element-9e84ab7 elementor-mobile-align-justify elementor-widget-mobile__width-inherit elementor-widget elementor-widget-button\" data-id=\"9e84ab7\" data-element_type=\"widget\" data-e-type=\"widget\" data-widget_type=\"button.default\">\n\t\t\t\t<div class=\"elementor-widget-container\">\n\t\t\t\t\t\t\t\t\t<div class=\"elementor-button-wrapper\">\n\t\t\t\t\t<a class=\"elementor-button elementor-button-link elementor-size-sm\" href=\"https:\/\/show.flamencogranada.com\/es\/850-regala\/5368-regala-espectaculo\">\n\t\t\t\t\t\t<span class=\"elementor-button-content-wrapper\">\n\t\t\t\t\t\t\t\t\t<span class=\"elementor-button-text\">CARTE CADEAU<\/span>\n\t\t\t\t\t<\/span>\n\t\t\t\t\t<\/a>\n\t\t\t\t<\/div>\n\t\t\t\t\t\t\t\t<\/div>\n\t\t\t\t<\/div>\n\t\t\t\t<\/div>\n\t\t\t\t\t<\/div>\n\t\t\t\t<\/div>\n\t\t<div class=\"elementor-element elementor-element-80c3cd3 e-flex e-con-boxed e-con e-parent\" data-id=\"80c3cd3\" data-element_type=\"container\" data-e-type=\"container\" data-settings=\"{&quot;background_background&quot;:&quot;classic&quot;}\">\n\t\t\t\t\t<div class=\"e-con-inner\">\n\t\t<div class=\"elementor-element elementor-element-22dbb8a e-con-full e-flex e-con e-child\" data-id=\"22dbb8a\" data-element_type=\"container\" data-e-type=\"container\">\n\t\t<div class=\"elementor-element elementor-element-6ef36b9 e-con-full e-flex e-con e-child\" data-id=\"6ef36b9\" data-element_type=\"container\" data-e-type=\"container\">\n\t\t\t\t<div class=\"elementor-element elementor-element-86d1b60 elementor-widget elementor-widget-heading\" data-id=\"86d1b60\" data-element_type=\"widget\" data-e-type=\"widget\" data-widget_type=\"heading.default\">\n\t\t\t\t<div class=\"elementor-widget-container\">\n\t\t\t\t\t<h2 class=\"elementor-heading-title elementor-size-default\">Surprenez vos invit\u00e9s avec un spectacle de flamenco pendant le d\u00eener<\/h2>\t\t\t\t<\/div>\n\t\t\t\t<\/div>\n\t\t\t\t<div class=\"elementor-element elementor-element-10fbfcf elementor-widget elementor-widget-text-editor\" data-id=\"10fbfcf\" data-element_type=\"widget\" data-e-type=\"widget\" data-widget_type=\"text-editor.default\">\n\t\t\t\t<div class=\"elementor-widget-container\">\n\t\t\t\t\t\t\t\t\t<p>Notre spectacle r\u00e9unit des artistes de flamenco renomm\u00e9s, garantissant une exp\u00e9rience unique pour le spectateur. Un cadeau parfait pour les amateurs de flamenco, mais aussi pour tous ceux qui veulent vivre une nuit diff\u00e9rente et magique. <\/p>\n<p>En outre, notre restaurant propose une grande vari\u00e9t\u00e9 de plats traditionnels andalous et espagnols, pr\u00e9par\u00e9s avec des ingr\u00e9dients frais. Ainsi, les clients ne profiteront pas seulement de l&rsquo;art du flamenco, mais aussi d&rsquo;une exp\u00e9rience gastronomique dont ils se souviendront toujours. <\/p>\n<p>L&rsquo;atmosph\u00e8re, tant dans le jardin qu&rsquo;\u00e0 l&rsquo;int\u00e9rieur du tablao, est chaleureuse et intime, parfaite pour les d\u00eeners en amoureux ou les f\u00eates entre amis et en famille. Les jardins de Zoraya sont le cadre id\u00e9al pour une soir\u00e9e inoubliable. <\/p>\n\t\t\t\t\t\t\t\t<\/div>\n\t\t\t\t<\/div>\n\t\t\t\t<\/div>\n\t\t<div class=\"elementor-element elementor-element-a5b6221 e-con-full e-flex e-con e-child\" data-id=\"a5b6221\" data-element_type=\"container\" data-e-type=\"container\" data-settings=\"{&quot;background_background&quot;:&quot;slideshow&quot;,&quot;background_slideshow_gallery&quot;:[{&quot;id&quot;:31236,&quot;url&quot;:&quot;https:\\\/\\\/flamencogranada.com\\\/wp-content\\\/uploads\\\/2024\\\/08\\\/salmonrejo-1.jpg&quot;},{&quot;id&quot;:31195,&quot;url&quot;:&quot;https:\\\/\\\/flamencogranada.com\\\/wp-content\\\/uploads\\\/2024\\\/08\\\/croquetas.jpg&quot;},{&quot;id&quot;:31246,&quot;url&quot;:&quot;https:\\\/\\\/flamencogranada.com\\\/wp-content\\\/uploads\\\/2024\\\/08\\\/flamenco-restaurante-malaga6428.webp&quot;},{&quot;id&quot;:31241,&quot;url&quot;:&quot;https:\\\/\\\/flamencogranada.com\\\/wp-content\\\/uploads\\\/2024\\\/08\\\/flamenco-restaurante-malaga-6313.webp&quot;},{&quot;id&quot;:31226,&quot;url&quot;:&quot;https:\\\/\\\/flamencogranada.com\\\/wp-content\\\/uploads\\\/2024\\\/08\\\/flamenco-restaurante-malaga-6417.webp&quot;},{&quot;id&quot;:32822,&quot;url&quot;:&quot;https:\\\/\\\/flamencogranada.com\\\/wp-content\\\/uploads\\\/2024\\\/11\\\/comida_014.jpg&quot;}],&quot;background_slideshow_loop&quot;:&quot;yes&quot;,&quot;background_slideshow_slide_duration&quot;:5000,&quot;background_slideshow_slide_transition&quot;:&quot;fade&quot;,&quot;background_slideshow_transition_duration&quot;:500}\">\n\t\t\t\t<\/div>\n\t\t\t\t<\/div>\n\t\t\t\t\t<\/div>\n\t\t\t\t<\/div>\n\t\t<div class=\"elementor-element elementor-element-7c2f7f3 e-flex e-con-boxed e-con e-parent\" data-id=\"7c2f7f3\" data-element_type=\"container\" data-e-type=\"container\" data-settings=\"{&quot;background_background&quot;:&quot;classic&quot;}\">\n\t\t\t\t\t<div class=\"e-con-inner\">\n\t\t<div class=\"elementor-element elementor-element-dc21605 e-con-full e-flex e-con e-child\" data-id=\"dc21605\" data-element_type=\"container\" data-e-type=\"container\">\n\t\t<div class=\"elementor-element elementor-element-b57f73d e-con-full e-flex e-con e-child\" data-id=\"b57f73d\" data-element_type=\"container\" data-e-type=\"container\">\n\t\t<div class=\"elementor-element elementor-element-e83c45b e-con-full e-flex e-con e-child\" data-id=\"e83c45b\" data-element_type=\"container\" data-e-type=\"container\">\n\t\t\t\t<div class=\"elementor-element elementor-element-ab433de elementor-widget__width-initial elementor-widget elementor-widget-heading\" data-id=\"ab433de\" data-element_type=\"widget\" data-e-type=\"widget\" data-widget_type=\"heading.default\">\n\t\t\t\t<div class=\"elementor-widget-container\">\n\t\t\t\t\t<h2 class=\"elementor-heading-title elementor-size-default\">Marche \u00e0 suivre pour offrir un spectacle de flamenco<\/h2>\t\t\t\t<\/div>\n\t\t\t\t<\/div>\n\t\t\t\t<div class=\"elementor-element elementor-element-27e284c elementor-widget-mobile__width-inherit elementor-widget elementor-widget-text-editor\" data-id=\"27e284c\" data-element_type=\"widget\" data-e-type=\"widget\" data-widget_type=\"text-editor.default\">\n\t\t\t\t<div class=\"elementor-widget-container\">\n\t\t\t\t\t\t\t\t\tOffrir cette exp\u00e9rience \u00e0 Alegr\u00eda Flamenco &amp; Gastronom\u00eda est tr\u00e8s simple : choisissez le nombre de personnes qui y assisteront, d\u00e9cidez si vous voulez inclure le d\u00eener et effectuez le paiement.\nLe b\u00e9n\u00e9ficiaire peut choisir le jour et l&rsquo;heure qui lui conviennent le mieux. Un spectacle de flamenco est une option id\u00e9ale pour un ami invisible, un anniversaire ou toute autre occasion sp\u00e9ciale. \n\t\t\t\t\t\t\t\t<\/div>\n\t\t\t\t<\/div>\n\t\t\t\t<div class=\"elementor-element elementor-element-8517931 elementor-widget elementor-widget-heading\" data-id=\"8517931\" data-element_type=\"widget\" data-e-type=\"widget\" data-widget_type=\"heading.default\">\n\t\t\t\t<div class=\"elementor-widget-container\">\n\t\t\t\t\t<h3 class=\"elementor-heading-title elementor-size-default\">cONDITIONS<\/h3>\t\t\t\t<\/div>\n\t\t\t\t<\/div>\n\t\t\t\t<div class=\"elementor-element elementor-element-ee11773 elementor-widget-mobile__width-inherit elementor-widget elementor-widget-text-editor\" data-id=\"ee11773\" data-element_type=\"widget\" data-e-type=\"widget\" data-widget_type=\"text-editor.default\">\n\t\t\t\t<div class=\"elementor-widget-container\">\n\t\t\t\t\t\t\t\t\tLes cartes-cadeaux doivent \u00eatre utilis\u00e9es dans les 12 mois suivant leur achat. Il est conseill\u00e9 de r\u00e9server au moins 3 jours avant le spectacle pour garantir la disponibilit\u00e9. La r\u00e9servation est obligatoire avant d&rsquo;assister au tablao.  \n\t\t\t\t\t\t\t\t<\/div>\n\t\t\t\t<\/div>\n\t\t\t\t<div class=\"elementor-element elementor-element-f649c8f elementor-align-left elementor-mobile-align-justify elementor-widget elementor-widget-button\" data-id=\"f649c8f\" data-element_type=\"widget\" data-e-type=\"widget\" data-widget_type=\"button.default\">\n\t\t\t\t<div class=\"elementor-widget-container\">\n\t\t\t\t\t\t\t\t\t<div class=\"elementor-button-wrapper\">\n\t\t\t\t\t<a class=\"elementor-button elementor-button-link elementor-size-sm\" href=\"https:\/\/show.flamencogranada.com\/es\/850-regala\/5368-regala-espectaculo\" target=\"_blank\">\n\t\t\t\t\t\t<span class=\"elementor-button-content-wrapper\">\n\t\t\t\t\t\t<span class=\"elementor-button-icon\">\n\t\t\t\t<svg aria-hidden=\"true\" class=\"e-font-icon-svg e-fas-ticket-alt\" viewBox=\"0 0 576 512\" xmlns=\"http:\/\/www.w3.org\/2000\/svg\"><path d=\"M128 160h320v192H128V160zm400 96c0 26.51 21.49 48 48 48v96c0 26.51-21.49 48-48 48H48c-26.51 0-48-21.49-48-48v-96c26.51 0 48-21.49 48-48s-21.49-48-48-48v-96c0-26.51 21.49-48 48-48h480c26.51 0 48 21.49 48 48v96c-26.51 0-48 21.49-48 48zm-48-104c0-13.255-10.745-24-24-24H120c-13.255 0-24 10.745-24 24v208c0 13.255 10.745 24 24 24h336c13.255 0 24-10.745 24-24V152z\"><\/path><\/svg>\t\t\t<\/span>\n\t\t\t\t\t\t\t\t\t<span class=\"elementor-button-text\">R\u00e9servez d\u00e8s maintenant<\/span>\n\t\t\t\t\t<\/span>\n\t\t\t\t\t<\/a>\n\t\t\t\t<\/div>\n\t\t\t\t\t\t\t\t<\/div>\n\t\t\t\t<\/div>\n\t\t\t\t<\/div>\n\t\t\t\t<\/div>\n\t\t\t\t<\/div>\n\t\t\t\t\t<\/div>\n\t\t\t\t<\/div>\n\t\t\t\t<\/div>\n\t\t","protected":false},"excerpt":{"rendered":"<p>Offrez une exp\u00e9rience inoubliable Il n&rsquo;y a rien de mieux que d&rsquo;offrir des exp\u00e9riences dont on se souvient toute sa vie. C&rsquo;est pourquoi, chez Alegria Flamenco, nous vous offrons la possibilit\u00e9 d&rsquo;offrir une nuit dans un authentique tablao flamenco avec d\u00eener inclus, sans avoir \u00e0 vous soucier de choisir des dates pr\u00e9cises. Donnez \u00e0 vos [&hellip;]<\/p>\n","protected":false},"author":8,"featured_media":0,"parent":0,"menu_order":0,"comment_status":"closed","ping_status":"closed","template":"","meta":{"_acf_changed":false,"footnotes":""},"class_list":["post-32848","page","type-page","status-publish","hentry"],"acf":[],"yoast_head":"<!-- This site is optimized with the Yoast SEO plugin v27.3 - https:\/\/yoast.com\/product\/yoast-seo-wordpress\/ -->\n<title>Offrez une exp\u00e9rience unique de flamenco \u00e0 Los Jardines de Zoraya.<\/title>\n<meta name=\"description\" content=\"Offrez une exp\u00e9rience unique de flamenco. Id\u00e9al pour les anniversaires, No\u00ebl ou les c\u00e9l\u00e9brations sp\u00e9ciales, c&#039;est le cadeau parfait pour toutes les occasions.\" \/>\n<meta name=\"robots\" content=\"noindex, follow\" \/>\n<meta property=\"og:locale\" content=\"fr_FR\" \/>\n<meta property=\"og:type\" content=\"article\" \/>\n<meta property=\"og:title\" content=\"Offrez une exp\u00e9rience unique de flamenco \u00e0 Los Jardines de Zoraya.\" \/>\n<meta property=\"og:description\" content=\"Offrez une exp\u00e9rience unique de flamenco. Id\u00e9al pour les anniversaires, No\u00ebl ou les c\u00e9l\u00e9brations sp\u00e9ciales, c&#039;est le cadeau parfait pour toutes les occasions.\" \/>\n<meta property=\"og:url\" content=\"https:\/\/flamencogranada.com\/fr\/lier-cadeau-spectacle-flamenco\/\" \/>\n<meta property=\"og:site_name\" content=\"Jardines de Zoraya\" \/>\n<meta property=\"article:publisher\" content=\"https:\/\/www.facebook.com\/RestauranteFlamencoGranada\/\" \/>\n<meta property=\"article:modified_time\" content=\"2026-03-25T19:22:19+00:00\" \/>\n<meta property=\"og:image\" content=\"https:\/\/flamencogranada.com\/wp-content\/uploads\/2024\/07\/Jardines_Zoraya_Show_granada_flamenco.webp?wsr\" \/>\n\t<meta property=\"og:image:width\" content=\"400\" \/>\n\t<meta property=\"og:image:height\" content=\"250\" \/>\n\t<meta property=\"og:image:type\" content=\"image\/webp\" \/>\n<meta name=\"twitter:card\" content=\"summary_large_image\" \/>\n<meta name=\"twitter:label1\" content=\"Dur\u00e9e de lecture estim\u00e9e\" \/>\n\t<meta name=\"twitter:data1\" content=\"2 minutes\" \/>\n<!-- \/ Yoast SEO plugin. -->","yoast_head_json":{"title":"Offrez une exp\u00e9rience unique de flamenco \u00e0 Los Jardines de Zoraya.","description":"Offrez une exp\u00e9rience unique de flamenco. Id\u00e9al pour les anniversaires, No\u00ebl ou les c\u00e9l\u00e9brations sp\u00e9ciales, c'est le cadeau parfait pour toutes les occasions.","robots":{"index":"noindex","follow":"follow"},"og_locale":"fr_FR","og_type":"article","og_title":"Offrez une exp\u00e9rience unique de flamenco \u00e0 Los Jardines de Zoraya.","og_description":"Offrez une exp\u00e9rience unique de flamenco. Id\u00e9al pour les anniversaires, No\u00ebl ou les c\u00e9l\u00e9brations sp\u00e9ciales, c'est le cadeau parfait pour toutes les occasions.","og_url":"https:\/\/flamencogranada.com\/fr\/lier-cadeau-spectacle-flamenco\/","og_site_name":"Jardines de Zoraya","article_publisher":"https:\/\/www.facebook.com\/RestauranteFlamencoGranada\/","article_modified_time":"2026-03-25T19:22:19+00:00","og_image":[{"width":400,"height":250,"url":"https:\/\/flamencogranada.com\/wp-content\/uploads\/2024\/07\/Jardines_Zoraya_Show_granada_flamenco.webp?wsr","type":"image\/webp"}],"twitter_card":"summary_large_image","twitter_misc":{"Dur\u00e9e de lecture estim\u00e9e":"2 minutes"},"schema":{"@context":"https:\/\/schema.org","@graph":[{"@type":"WebPage","@id":"https:\/\/flamencogranada.com\/fr\/lier-cadeau-spectacle-flamenco\/","url":"https:\/\/flamencogranada.com\/fr\/lier-cadeau-spectacle-flamenco\/","name":"Offrez une exp\u00e9rience unique de flamenco \u00e0 Los Jardines de Zoraya.","isPartOf":{"@id":"https:\/\/flamencogranada.com\/fr\/#website"},"datePublished":"2024-11-05T12:23:15+00:00","dateModified":"2026-03-25T19:22:19+00:00","description":"Offrez une exp\u00e9rience unique de flamenco. Id\u00e9al pour les anniversaires, No\u00ebl ou les c\u00e9l\u00e9brations sp\u00e9ciales, c'est le cadeau parfait pour toutes les occasions.","breadcrumb":{"@id":"https:\/\/flamencogranada.com\/fr\/lier-cadeau-spectacle-flamenco\/#breadcrumb"},"inLanguage":"fr-FR","potentialAction":[{"@type":"ReadAction","target":["https:\/\/flamencogranada.com\/fr\/lier-cadeau-spectacle-flamenco\/"]}]},{"@type":"BreadcrumbList","@id":"https:\/\/flamencogranada.com\/fr\/lier-cadeau-spectacle-flamenco\/#breadcrumb","itemListElement":[{"@type":"ListItem","position":1,"name":"Accueil","item":"https:\/\/flamencogranada.com\/fr\/"},{"@type":"ListItem","position":2,"name":"Offrez une exp\u00e9rience inoubliable"}]},{"@type":"WebSite","@id":"https:\/\/flamencogranada.com\/fr\/#website","url":"https:\/\/flamencogranada.com\/fr\/","name":"Jardines Zoraya","description":"Aut\u00e9ntico espect\u00e1culo flamenco en Granada para disfrutar del arte y el baile mientras degustas platos andaluces tradicionales en un tablao en el Albaic\u00edn.","publisher":{"@id":"https:\/\/flamencogranada.com\/fr\/#organization"},"alternateName":"Flamenco en Granada","potentialAction":[{"@type":"SearchAction","target":{"@type":"EntryPoint","urlTemplate":"https:\/\/flamencogranada.com\/fr\/?s={search_term_string}"},"query-input":{"@type":"PropertyValueSpecification","valueRequired":true,"valueName":"search_term_string"}}],"inLanguage":"fr-FR"},{"@type":"Organization","@id":"https:\/\/flamencogranada.com\/fr\/#organization","name":"Jardines de Zoraya Flamenco Granada","alternateName":"Jardines de Zoraya","url":"https:\/\/flamencogranada.com\/fr\/","logo":{"@type":"ImageObject","inLanguage":"fr-FR","@id":"https:\/\/flamencogranada.com\/fr\/#\/schema\/logo\/image\/","url":"https:\/\/flamencogranada.com\/wp-content\/uploads\/2024\/06\/logo-invertido.png?wsr","contentUrl":"https:\/\/flamencogranada.com\/wp-content\/uploads\/2024\/06\/logo-invertido.png?wsr","width":208,"height":102,"caption":"Jardines de Zoraya Flamenco Granada"},"image":{"@id":"https:\/\/flamencogranada.com\/fr\/#\/schema\/logo\/image\/"},"sameAs":["https:\/\/www.facebook.com\/RestauranteFlamencoGranada\/","https:\/\/www.instagram.com\/tablaojardinesdezoraya\/","https:\/\/www.tiktok.com\/@flamencogranada"]}]}},"_links":{"self":[{"href":"https:\/\/flamencogranada.com\/fr\/wp-json\/wp\/v2\/pages\/32848","targetHints":{"allow":["GET"]}}],"collection":[{"href":"https:\/\/flamencogranada.com\/fr\/wp-json\/wp\/v2\/pages"}],"about":[{"href":"https:\/\/flamencogranada.com\/fr\/wp-json\/wp\/v2\/types\/page"}],"author":[{"embeddable":true,"href":"https:\/\/flamencogranada.com\/fr\/wp-json\/wp\/v2\/users\/8"}],"replies":[{"embeddable":true,"href":"https:\/\/flamencogranada.com\/fr\/wp-json\/wp\/v2\/comments?post=32848"}],"version-history":[{"count":1,"href":"https:\/\/flamencogranada.com\/fr\/wp-json\/wp\/v2\/pages\/32848\/revisions"}],"predecessor-version":[{"id":37640,"href":"https:\/\/flamencogranada.com\/fr\/wp-json\/wp\/v2\/pages\/32848\/revisions\/37640"}],"wp:attachment":[{"href":"https:\/\/flamencogranada.com\/fr\/wp-json\/wp\/v2\/media?parent=32848"}],"curies":[{"name":"wp","href":"https:\/\/api.w.org\/{rel}","templated":true}]}}