{"id":32626,"date":"2024-10-31T08:15:33","date_gmt":"2024-10-31T07:15:33","guid":{"rendered":"https:\/\/flamencogranada.com\/comment-arriver-a-los-jardines-de-zoraya\/"},"modified":"2025-07-15T10:20:30","modified_gmt":"2025-07-15T08:20:30","slug":"comment-arriver-a-los-jardines-de-zoraya","status":"publish","type":"page","link":"https:\/\/flamencogranada.com\/fr\/comment-arriver-a-los-jardines-de-zoraya\/","title":{"rendered":"Comment arriver \u00e0 Los Jardines de Zoraya"},"content":{"rendered":"\t\t<div data-elementor-type=\"wp-page\" data-elementor-id=\"32626\" class=\"elementor elementor-32626 elementor-32591\" data-elementor-post-type=\"page\">\n\t\t\t\t<div class=\"elementor-element elementor-element-56be9e1 e-flex e-con-boxed e-con e-parent\" data-id=\"56be9e1\" data-element_type=\"container\" data-e-type=\"container\" data-settings=\"{&quot;background_background&quot;:&quot;classic&quot;}\">\n\t\t\t\t\t<div class=\"e-con-inner\">\n\t\t\t\t<div class=\"elementor-element elementor-element-87dc4ae elementor-widget elementor-widget-breadcrumbs\" data-id=\"87dc4ae\" data-element_type=\"widget\" data-e-type=\"widget\" data-widget_type=\"breadcrumbs.default\">\n\t\t\t\t<div class=\"elementor-widget-container\">\n\t\t\t\t\t<p id=\"breadcrumbs\"><span><span><a href=\"https:\/\/flamencogranada.com\/fr\/\">Accueil<\/a><\/span><\/span><\/p>\t\t\t\t<\/div>\n\t\t\t\t<\/div>\n\t\t<div class=\"elementor-element elementor-element-f2cb584 e-con-full e-flex e-con e-child\" data-id=\"f2cb584\" data-element_type=\"container\" data-e-type=\"container\">\n\t\t\t\t<div class=\"elementor-element elementor-element-eedf65a elementor-widget elementor-widget-heading\" data-id=\"eedf65a\" data-element_type=\"widget\" data-e-type=\"widget\" data-widget_type=\"heading.default\">\n\t\t\t\t<div class=\"elementor-widget-container\">\n\t\t\t\t\t<h1 class=\"elementor-heading-title elementor-size-default\">Comment arriver \u00e0 Los Jardines de Zoraya<\/h1>\t\t\t\t<\/div>\n\t\t\t\t<\/div>\n\t\t\t\t<\/div>\n\t\t\t\t<div class=\"elementor-element elementor-element-1deab9c elementor-widget elementor-widget-spacer\" data-id=\"1deab9c\" data-element_type=\"widget\" data-e-type=\"widget\" data-widget_type=\"spacer.default\">\n\t\t\t\t<div class=\"elementor-widget-container\">\n\t\t\t\t\t\t\t<div class=\"elementor-spacer\">\n\t\t\t<div class=\"elementor-spacer-inner\"><\/div>\n\t\t<\/div>\n\t\t\t\t\t\t<\/div>\n\t\t\t\t<\/div>\n\t\t\t\t\t<\/div>\n\t\t\t\t<\/div>\n\t\t<div class=\"elementor-element elementor-element-57b8f6f e-flex e-con-boxed e-con e-parent\" data-id=\"57b8f6f\" data-element_type=\"container\" data-e-type=\"container\">\n\t\t\t\t\t<div class=\"e-con-inner\">\n\t\t<div class=\"elementor-element elementor-element-e48e7df e-con-full e-flex e-con e-child\" data-id=\"e48e7df\" data-element_type=\"container\" data-e-type=\"container\">\n\t\t\t\t<div class=\"elementor-element elementor-element-40c98ed elementor-widget elementor-widget-text-editor\" data-id=\"40c98ed\" data-element_type=\"widget\" data-e-type=\"widget\" data-widget_type=\"text-editor.default\">\n\t\t\t\t<div class=\"elementor-widget-container\">\n\t\t\t\t\t\t\t\t\t<p><span style=\"font-weight: 400;\">Notre tablao est situ\u00e9 au Calle Panaderos, 32, 18010 Grenade, dans l&rsquo;un des quartiers les plus authentiques de la ville, au c\u0153ur de l&rsquo;Albaic\u00edn et tr\u00e8s pr\u00e8s du centre historique de Grenade. Il dispose d&rsquo;une terrasse situ\u00e9e derri\u00e8re l&rsquo;ancienne mosqu\u00e9e de l&rsquo;Albaic\u00edn. Voici quelques indications depuis des points de rep\u00e8re proches pour nous trouver facilement:<\/span><\/p>\t\t\t\t\t\t\t\t<\/div>\n\t\t\t\t<\/div>\n\t\t\t\t<\/div>\n\t\t\t\t\t<\/div>\n\t\t\t\t<\/div>\n\t\t<div class=\"elementor-element elementor-element-10a92ed e-flex e-con-boxed e-con e-parent\" data-id=\"10a92ed\" data-element_type=\"container\" data-e-type=\"container\">\n\t\t\t\t\t<div class=\"e-con-inner\">\n\t\t<div class=\"elementor-element elementor-element-829de87 e-con-full e-flex e-con e-child\" data-id=\"829de87\" data-element_type=\"container\" data-e-type=\"container\">\n\t\t\t\t<div class=\"elementor-element elementor-element-d7a02e8 elementor-widget elementor-widget-google_maps\" data-id=\"d7a02e8\" data-element_type=\"widget\" data-e-type=\"widget\" data-widget_type=\"google_maps.default\">\n\t\t\t\t<div class=\"elementor-widget-container\">\n\t\t\t\t\t\t\t<div class=\"elementor-custom-embed\">\n\t\t\t<iframe loading=\"lazy\"\n\t\t\t\t\tsrc=\"https:\/\/maps.google.com\/maps?q=C.%20Panaderos%2C%2032%2C%20Albaic%C3%ADn%2C%2018010%20Granada&#038;t=m&#038;z=15&#038;output=embed&#038;iwloc=near\"\n\t\t\t\t\ttitle=\"C. Panaderos, 32, Albaic\u00edn, 18010 Granada\"\n\t\t\t\t\taria-label=\"C. Panaderos, 32, Albaic\u00edn, 18010 Granada\"\n\t\t\t><\/iframe>\n\t\t<\/div>\n\t\t\t\t\t\t<\/div>\n\t\t\t\t<\/div>\n\t\t\t\t<\/div>\n\t\t<div class=\"elementor-element elementor-element-cc8b653 e-con-full e-flex e-con e-child\" data-id=\"cc8b653\" data-element_type=\"container\" data-e-type=\"container\">\n\t\t\t\t<div class=\"elementor-element elementor-element-a28b857 elementor-widget-mobile__width-inherit elementor-widget elementor-widget-text-editor\" data-id=\"a28b857\" data-element_type=\"widget\" data-e-type=\"widget\" data-widget_type=\"text-editor.default\">\n\t\t\t\t<div class=\"elementor-widget-container\">\n\t\t\t\t\t\t\t\t\tDepuis la Plaza Nueva (15 minutes \u00e0 pied) :\u00a0\t\t\t\t\t\t\t\t<\/div>\n\t\t\t\t<\/div>\n\t\t\t\t<div class=\"elementor-element elementor-element-dd9cc5d elementor-widget elementor-widget-text-editor\" data-id=\"dd9cc5d\" data-element_type=\"widget\" data-e-type=\"widget\" data-widget_type=\"text-editor.default\">\n\t\t\t\t<div class=\"elementor-widget-container\">\n\t\t\t\t\t\t\t\t\t<ol><li style=\"font-weight: 400;\" aria-level=\"2\"><span style=\"font-weight: 400;\">Dirigez-vous vers l&rsquo;est par la Carrera del Darro.\u00a0<\/span><\/li><li style=\"font-weight: 400;\" aria-level=\"2\"><span style=\"font-weight: 400;\">Tournez \u00e0 gauche dans la Calle Elvira, continuez tout droit et prenez la Calle Panaderos. Vous nous trouverez au num\u00e9ro 32.<\/span><\/li><\/ol>\t\t\t\t\t\t\t\t<\/div>\n\t\t\t\t<\/div>\n\t\t\t\t<\/div>\n\t\t<div class=\"elementor-element elementor-element-65667f6 e-con-full e-flex e-con e-child\" data-id=\"65667f6\" data-element_type=\"container\" data-e-type=\"container\">\n\t\t\t\t<div class=\"elementor-element elementor-element-df25d4d elementor-widget-mobile__width-inherit elementor-widget elementor-widget-text-editor\" data-id=\"df25d4d\" data-element_type=\"widget\" data-e-type=\"widget\" data-widget_type=\"text-editor.default\">\n\t\t\t\t<div class=\"elementor-widget-container\">\n\t\t\t\t\t\t\t\t\tDepuis le Paseo de los Tristes (10 minutes \u00e0 pied) :\u00a0\t\t\t\t\t\t\t\t<\/div>\n\t\t\t\t<\/div>\n\t\t\t\t<div class=\"elementor-element elementor-element-16e740e elementor-widget elementor-widget-text-editor\" data-id=\"16e740e\" data-element_type=\"widget\" data-e-type=\"widget\" data-widget_type=\"text-editor.default\">\n\t\t\t\t<div class=\"elementor-widget-container\">\n\t\t\t\t\t\t\t\t\t<ol><li style=\"font-weight: 400;\" aria-level=\"2\"><span style=\"font-weight: 400;\">Marchez vers l&rsquo;ouest sur le Paseo de los Tristes, continuez sur la Carrera del Darro et tournez \u00e0 gauche dans la Calle Elvira.\u00a0<\/span><\/li><li style=\"font-weight: 400;\" aria-level=\"2\"><span style=\"font-weight: 400;\">De l\u00e0, prenez la Calle Panaderos et vous nous verrez au num\u00e9ro 32.<\/span><\/li><\/ol>\t\t\t\t\t\t\t\t<\/div>\n\t\t\t\t<\/div>\n\t\t\t\t<\/div>\n\t\t<div class=\"elementor-element elementor-element-a336114 e-con-full e-flex e-con e-child\" data-id=\"a336114\" data-element_type=\"container\" data-e-type=\"container\">\n\t\t\t\t<div class=\"elementor-element elementor-element-fa344de elementor-widget-mobile__width-inherit elementor-widget elementor-widget-text-editor\" data-id=\"fa344de\" data-element_type=\"widget\" data-e-type=\"widget\" data-widget_type=\"text-editor.default\">\n\t\t\t\t<div class=\"elementor-widget-container\">\n\t\t\t\t\t\t\t\t\tDepuis l&rsquo;Alhambra (15 minutes \u00e0 pied) :\u00a0\t\t\t\t\t\t\t\t<\/div>\n\t\t\t\t<\/div>\n\t\t\t\t<div class=\"elementor-element elementor-element-754ef65 elementor-widget elementor-widget-text-editor\" data-id=\"754ef65\" data-element_type=\"widget\" data-e-type=\"widget\" data-widget_type=\"text-editor.default\">\n\t\t\t\t<div class=\"elementor-widget-container\">\n\t\t\t\t\t\t\t\t\t<ol><li style=\"font-weight: 400;\" aria-level=\"2\"><span style=\"font-weight: 400;\">Descendez par la Cuesta de los Chinos jusqu&rsquo;\u00e0 la Plaza Nueva.\u00a0<\/span><\/li><li style=\"font-weight: 400;\" aria-level=\"2\"><span style=\"font-weight: 400;\">De l\u00e0, suivez la Carrera del Darro et prenez la Calle Elvira, o\u00f9 vous pouvez tourner dans la Calle Panaderos jusqu&rsquo;\u00e0 atteindre le num\u00e9ro 32.<\/span><\/li><\/ol>\t\t\t\t\t\t\t\t<\/div>\n\t\t\t\t<\/div>\n\t\t\t\t<\/div>\n\t\t<div class=\"elementor-element elementor-element-60db8c3 e-con-full e-flex e-con e-child\" data-id=\"60db8c3\" data-element_type=\"container\" data-e-type=\"container\">\n\t\t\t\t<div class=\"elementor-element elementor-element-f46c915 elementor-widget-mobile__width-inherit elementor-widget elementor-widget-text-editor\" data-id=\"f46c915\" data-element_type=\"widget\" data-e-type=\"widget\" data-widget_type=\"text-editor.default\">\n\t\t\t\t<div class=\"elementor-widget-container\">\n\t\t\t\t\t\t\t\t\tDepuis la Cath\u00e9drale de Grenade (8 minutes \u00e0 pied) :\u00a0\t\t\t\t\t\t\t\t<\/div>\n\t\t\t\t<\/div>\n\t\t\t\t<div class=\"elementor-element elementor-element-03ffd12 elementor-widget elementor-widget-text-editor\" data-id=\"03ffd12\" data-element_type=\"widget\" data-e-type=\"widget\" data-widget_type=\"text-editor.default\">\n\t\t\t\t<div class=\"elementor-widget-container\">\n\t\t\t\t\t\t\t\t\t<ol><li style=\"font-weight: 400;\" aria-level=\"2\"><span style=\"font-weight: 400;\">Dirigez-vous vers le nord-est sur la Gran V\u00eda de Col\u00f3n, puis tournez \u00e0 gauche dans la Calle Elvira. <\/span><\/li><li style=\"font-weight: 400;\" aria-level=\"2\"><span style=\"font-weight: 400;\">Continuez tout droit et tournez dans la Calle Panaderos jusqu&rsquo;\u00e0 atteindre le num\u00e9ro 32.<\/span><\/li><\/ol>\t\t\t\t\t\t\t\t<\/div>\n\t\t\t\t<\/div>\n\t\t\t\t<\/div>\n\t\t\t\t\t<\/div>\n\t\t\t\t<\/div>\n\t\t\t\t<\/div>\n\t\t","protected":false},"excerpt":{"rendered":"<p>Comment arriver \u00e0 Los Jardines de Zoraya Notre tablao est situ\u00e9 au Calle Panaderos, 32, 18010 Grenade, dans l&rsquo;un des quartiers les plus authentiques de la ville, au c\u0153ur de l&rsquo;Albaic\u00edn et tr\u00e8s pr\u00e8s du centre historique de Grenade. Il dispose d&rsquo;une terrasse situ\u00e9e derri\u00e8re l&rsquo;ancienne mosqu\u00e9e de l&rsquo;Albaic\u00edn. Voici quelques indications depuis des points [&hellip;]<\/p>\n","protected":false},"author":8,"featured_media":0,"parent":0,"menu_order":0,"comment_status":"closed","ping_status":"closed","template":"","meta":{"_acf_changed":false,"footnotes":""},"class_list":["post-32626","page","type-page","status-publish","hentry"],"acf":[],"yoast_head":"<!-- This site is optimized with the Yoast SEO plugin v27.3 - https:\/\/yoast.com\/product\/yoast-seo-wordpress\/ -->\n<title>Plan d&#039;acc\u00e8s \u00e0 notre tablao | Jardines de Zoraya<\/title>\n<meta name=\"description\" content=\"Notre tablao est situ\u00e9 dans un quartier tr\u00e8s central, le quartier historique de l&#039;Albaic\u00edn. D\u00e9couvrez comment vous y rendre, nous vous attendons !\" \/>\n<meta name=\"robots\" content=\"index, follow, max-snippet:-1, max-image-preview:large, max-video-preview:-1\" \/>\n<link rel=\"canonical\" href=\"https:\/\/flamencogranada.com\/fr\/comment-arriver-a-los-jardines-de-zoraya\/\" \/>\n<meta property=\"og:locale\" content=\"fr_FR\" \/>\n<meta property=\"og:type\" content=\"article\" \/>\n<meta property=\"og:title\" content=\"Plan d&#039;acc\u00e8s \u00e0 notre tablao | Jardines de Zoraya\" \/>\n<meta property=\"og:description\" content=\"Notre tablao est situ\u00e9 dans un quartier tr\u00e8s central, le quartier historique de l&#039;Albaic\u00edn. D\u00e9couvrez comment vous y rendre, nous vous attendons !\" \/>\n<meta property=\"og:url\" content=\"https:\/\/flamencogranada.com\/fr\/comment-arriver-a-los-jardines-de-zoraya\/\" \/>\n<meta property=\"og:site_name\" content=\"Jardines de Zoraya\" \/>\n<meta property=\"article:publisher\" content=\"https:\/\/www.facebook.com\/RestauranteFlamencoGranada\/\" \/>\n<meta property=\"article:modified_time\" content=\"2025-07-15T08:20:30+00:00\" \/>\n<meta property=\"og:image\" content=\"https:\/\/flamencogranada.com\/wp-content\/uploads\/2024\/07\/Jardines_Zoraya_Show_granada_flamenco.webp?wsr\" \/>\n\t<meta property=\"og:image:width\" content=\"400\" \/>\n\t<meta property=\"og:image:height\" content=\"250\" \/>\n\t<meta property=\"og:image:type\" content=\"image\/webp\" \/>\n<meta name=\"twitter:card\" content=\"summary_large_image\" \/>\n<meta name=\"twitter:label1\" content=\"Dur\u00e9e de lecture estim\u00e9e\" \/>\n\t<meta name=\"twitter:data1\" content=\"2 minutes\" \/>\n<!-- \/ Yoast SEO plugin. -->","yoast_head_json":{"title":"Plan d'acc\u00e8s \u00e0 notre tablao | Jardines de Zoraya","description":"Notre tablao est situ\u00e9 dans un quartier tr\u00e8s central, le quartier historique de l'Albaic\u00edn. D\u00e9couvrez comment vous y rendre, nous vous attendons !","robots":{"index":"index","follow":"follow","max-snippet":"max-snippet:-1","max-image-preview":"max-image-preview:large","max-video-preview":"max-video-preview:-1"},"canonical":"https:\/\/flamencogranada.com\/fr\/comment-arriver-a-los-jardines-de-zoraya\/","og_locale":"fr_FR","og_type":"article","og_title":"Plan d'acc\u00e8s \u00e0 notre tablao | Jardines de Zoraya","og_description":"Notre tablao est situ\u00e9 dans un quartier tr\u00e8s central, le quartier historique de l'Albaic\u00edn. D\u00e9couvrez comment vous y rendre, nous vous attendons !","og_url":"https:\/\/flamencogranada.com\/fr\/comment-arriver-a-los-jardines-de-zoraya\/","og_site_name":"Jardines de Zoraya","article_publisher":"https:\/\/www.facebook.com\/RestauranteFlamencoGranada\/","article_modified_time":"2025-07-15T08:20:30+00:00","og_image":[{"width":400,"height":250,"url":"https:\/\/flamencogranada.com\/wp-content\/uploads\/2024\/07\/Jardines_Zoraya_Show_granada_flamenco.webp?wsr","type":"image\/webp"}],"twitter_card":"summary_large_image","twitter_misc":{"Dur\u00e9e de lecture estim\u00e9e":"2 minutes"},"schema":{"@context":"https:\/\/schema.org","@graph":[{"@type":"WebPage","@id":"https:\/\/flamencogranada.com\/fr\/comment-arriver-a-los-jardines-de-zoraya\/","url":"https:\/\/flamencogranada.com\/fr\/comment-arriver-a-los-jardines-de-zoraya\/","name":"Plan d'acc\u00e8s \u00e0 notre tablao | Jardines de Zoraya","isPartOf":{"@id":"https:\/\/flamencogranada.com\/fr\/#website"},"datePublished":"2024-10-31T07:15:33+00:00","dateModified":"2025-07-15T08:20:30+00:00","description":"Notre tablao est situ\u00e9 dans un quartier tr\u00e8s central, le quartier historique de l'Albaic\u00edn. D\u00e9couvrez comment vous y rendre, nous vous attendons !","breadcrumb":{"@id":"https:\/\/flamencogranada.com\/fr\/comment-arriver-a-los-jardines-de-zoraya\/#breadcrumb"},"inLanguage":"fr-FR","potentialAction":[{"@type":"ReadAction","target":["https:\/\/flamencogranada.com\/fr\/comment-arriver-a-los-jardines-de-zoraya\/"]}]},{"@type":"BreadcrumbList","@id":"https:\/\/flamencogranada.com\/fr\/comment-arriver-a-los-jardines-de-zoraya\/#breadcrumb","itemListElement":[{"@type":"ListItem","position":1,"name":"Accueil","item":"https:\/\/flamencogranada.com\/fr\/"},{"@type":"ListItem","position":2,"name":"Comment arriver \u00e0 Los Jardines de Zoraya"}]},{"@type":"WebSite","@id":"https:\/\/flamencogranada.com\/fr\/#website","url":"https:\/\/flamencogranada.com\/fr\/","name":"Jardines Zoraya","description":"Aut\u00e9ntico espect\u00e1culo flamenco en Granada para disfrutar del arte y el baile mientras degustas platos andaluces tradicionales en un tablao en el Albaic\u00edn.","publisher":{"@id":"https:\/\/flamencogranada.com\/fr\/#organization"},"alternateName":"Flamenco en Granada","potentialAction":[{"@type":"SearchAction","target":{"@type":"EntryPoint","urlTemplate":"https:\/\/flamencogranada.com\/fr\/?s={search_term_string}"},"query-input":{"@type":"PropertyValueSpecification","valueRequired":true,"valueName":"search_term_string"}}],"inLanguage":"fr-FR"},{"@type":"Organization","@id":"https:\/\/flamencogranada.com\/fr\/#organization","name":"Jardines de Zoraya Flamenco Granada","alternateName":"Jardines de Zoraya","url":"https:\/\/flamencogranada.com\/fr\/","logo":{"@type":"ImageObject","inLanguage":"fr-FR","@id":"https:\/\/flamencogranada.com\/fr\/#\/schema\/logo\/image\/","url":"https:\/\/flamencogranada.com\/wp-content\/uploads\/2024\/06\/logo-invertido.png?wsr","contentUrl":"https:\/\/flamencogranada.com\/wp-content\/uploads\/2024\/06\/logo-invertido.png?wsr","width":208,"height":102,"caption":"Jardines de Zoraya Flamenco Granada"},"image":{"@id":"https:\/\/flamencogranada.com\/fr\/#\/schema\/logo\/image\/"},"sameAs":["https:\/\/www.facebook.com\/RestauranteFlamencoGranada\/","https:\/\/www.instagram.com\/tablaojardinesdezoraya\/","https:\/\/www.tiktok.com\/@flamencogranada"]}]}},"_links":{"self":[{"href":"https:\/\/flamencogranada.com\/fr\/wp-json\/wp\/v2\/pages\/32626","targetHints":{"allow":["GET"]}}],"collection":[{"href":"https:\/\/flamencogranada.com\/fr\/wp-json\/wp\/v2\/pages"}],"about":[{"href":"https:\/\/flamencogranada.com\/fr\/wp-json\/wp\/v2\/types\/page"}],"author":[{"embeddable":true,"href":"https:\/\/flamencogranada.com\/fr\/wp-json\/wp\/v2\/users\/8"}],"replies":[{"embeddable":true,"href":"https:\/\/flamencogranada.com\/fr\/wp-json\/wp\/v2\/comments?post=32626"}],"version-history":[{"count":0,"href":"https:\/\/flamencogranada.com\/fr\/wp-json\/wp\/v2\/pages\/32626\/revisions"}],"wp:attachment":[{"href":"https:\/\/flamencogranada.com\/fr\/wp-json\/wp\/v2\/media?parent=32626"}],"curies":[{"name":"wp","href":"https:\/\/api.w.org\/{rel}","templated":true}]}}