{"id":28249,"date":"2024-06-25T15:48:47","date_gmt":"2024-06-25T13:48:47","guid":{"rendered":"https:\/\/flamencogranada.com\/politique-en-matiere-de-cookies\/"},"modified":"2026-03-25T23:17:30","modified_gmt":"2026-03-25T22:17:30","slug":"politique-cookies","status":"publish","type":"page","link":"https:\/\/flamencogranada.com\/fr\/politique-cookies\/","title":{"rendered":"Politique en mati\u00e8re de cookies"},"content":{"rendered":"\t\t<div data-elementor-type=\"wp-page\" data-elementor-id=\"28249\" class=\"elementor elementor-28249 elementor-76\" data-elementor-post-type=\"page\">\n\t\t\t\t<div class=\"elementor-element elementor-element-a851963 e-flex e-con-boxed e-con e-parent\" data-id=\"a851963\" data-element_type=\"container\" data-e-type=\"container\">\n\t\t\t\t\t<div class=\"e-con-inner\">\n\t\t\t\t<div class=\"elementor-element elementor-element-d5b3098 elementor-widget elementor-widget-heading\" data-id=\"d5b3098\" data-element_type=\"widget\" data-e-type=\"widget\" data-widget_type=\"heading.default\">\n\t\t\t\t<div class=\"elementor-widget-container\">\n\t\t\t\t\t<h1 class=\"elementor-heading-title elementor-size-default\">Politique en mati\u00e8re de cookies<\/h1>\t\t\t\t<\/div>\n\t\t\t\t<\/div>\n\t\t\t\t<div class=\"elementor-element elementor-element-37562770 elementor-widget elementor-widget-text-editor\" data-id=\"37562770\" data-element_type=\"widget\" data-e-type=\"widget\" data-widget_type=\"text-editor.default\">\n\t\t\t\t<div class=\"elementor-widget-container\">\n\t\t\t\t\t\t\t\t\tUn cookie est un petit fichier texte qui est stock\u00e9 dans votre navigateur lorsque vous visitez presque n&rsquo;importe quel site web. Il est utile pour le site web de pouvoir se souvenir de votre visite lorsque vous revenez sur cette page. Les cookies stockent g\u00e9n\u00e9ralement des informations de nature technique, des pr\u00e9f\u00e9rences personnelles, la personnalisation du contenu, des statistiques d&rsquo;utilisation, des liens vers des r\u00e9seaux sociaux, l&rsquo;acc\u00e8s \u00e0 des comptes d&rsquo;utilisateurs, etc. L&rsquo;objectif du cookie est d&rsquo;adapter le contenu du site web \u00e0 votre profil et \u00e0 vos besoins. Sans cookies, les services offerts par chaque page seraient consid\u00e9rablement r\u00e9duits. Pour plus d&rsquo;informations sur ce que sont les cookies, ce qu&rsquo;ils stockent, comment les supprimer, les d\u00e9sactiver, etc., veuillez suivre <a href=\"https:\/\/support.google.com\/chrome\/answer\/95647?hl=es\" target=\"_blank\" rel=\"noreferrer noopener\">ce lien<\/a>.    \n\n<script id=\"CookieDeclaration\" src=\"https:\/\/consent.cookiebot.com\/687f7cf5-3cc4-4b1a-bfff-d3663422aad9\/cd.js\" type=\"text\/javascript\" async=\"\"><\/script>\t\t\t\t\t\t\t\t<\/div>\n\t\t\t\t<\/div>\n\t\t\t\t\t<\/div>\n\t\t\t\t<\/div>\n\t\t\t\t<\/div>\n\t\t","protected":false},"excerpt":{"rendered":"<p>Politique en mati\u00e8re de cookies Un cookie est un petit fichier texte qui est stock\u00e9 dans votre navigateur lorsque vous visitez presque n&rsquo;importe quel site web. Il est utile pour le site web de pouvoir se souvenir de votre visite lorsque vous revenez sur cette page. Les cookies stockent g\u00e9n\u00e9ralement des informations de nature technique, [&hellip;]<\/p>\n","protected":false},"author":8,"featured_media":0,"parent":0,"menu_order":0,"comment_status":"closed","ping_status":"closed","template":"","meta":{"_acf_changed":false,"footnotes":""},"class_list":["post-28249","page","type-page","status-publish","hentry"],"acf":[],"yoast_head":"<!-- This site is optimized with the Yoast SEO plugin v27.4 - https:\/\/yoast.com\/product\/yoast-seo-wordpress\/ -->\n<title>Politique en mati\u00e8re de cookies | Jardines de Zoraya<\/title>\n<meta name=\"robots\" content=\"noindex, nofollow\" \/>\n<meta property=\"og:locale\" content=\"fr_FR\" \/>\n<meta property=\"og:type\" content=\"article\" \/>\n<meta property=\"og:title\" content=\"Politique en mati\u00e8re de cookies | Jardines de Zoraya\" \/>\n<meta property=\"og:description\" content=\"Politique en mati\u00e8re de cookies Un cookie est un petit fichier texte qui est stock\u00e9 dans votre navigateur lorsque vous visitez presque n&rsquo;importe quel site web. Il est utile pour le site web de pouvoir se souvenir de votre visite lorsque vous revenez sur cette page. Les cookies stockent g\u00e9n\u00e9ralement des informations de nature technique, [&hellip;]\" \/>\n<meta property=\"og:url\" content=\"https:\/\/flamencogranada.com\/fr\/politique-cookies\/\" \/>\n<meta property=\"og:site_name\" content=\"Jardines de Zoraya\" \/>\n<meta property=\"article:publisher\" content=\"https:\/\/www.facebook.com\/RestauranteFlamencoGranada\/\" \/>\n<meta property=\"article:modified_time\" content=\"2026-03-25T22:17:30+00:00\" \/>\n<meta property=\"og:image\" content=\"https:\/\/flamencogranada.com\/wp-content\/uploads\/2024\/07\/Jardines_Zoraya_Show_granada_flamenco.webp?wsr\" \/>\n\t<meta property=\"og:image:width\" content=\"400\" \/>\n\t<meta property=\"og:image:height\" content=\"250\" \/>\n\t<meta property=\"og:image:type\" content=\"image\/webp\" \/>\n<meta name=\"twitter:card\" content=\"summary_large_image\" \/>\n<meta name=\"twitter:label1\" content=\"Dur\u00e9e de lecture estim\u00e9e\" \/>\n\t<meta name=\"twitter:data1\" content=\"1 minute\" \/>\n<!-- \/ Yoast SEO plugin. -->","yoast_head_json":{"title":"Politique en mati\u00e8re de cookies | Jardines de Zoraya","robots":{"index":"noindex","follow":"nofollow"},"og_locale":"fr_FR","og_type":"article","og_title":"Politique en mati\u00e8re de cookies | Jardines de Zoraya","og_description":"Politique en mati\u00e8re de cookies Un cookie est un petit fichier texte qui est stock\u00e9 dans votre navigateur lorsque vous visitez presque n&rsquo;importe quel site web. Il est utile pour le site web de pouvoir se souvenir de votre visite lorsque vous revenez sur cette page. Les cookies stockent g\u00e9n\u00e9ralement des informations de nature technique, [&hellip;]","og_url":"https:\/\/flamencogranada.com\/fr\/politique-cookies\/","og_site_name":"Jardines de Zoraya","article_publisher":"https:\/\/www.facebook.com\/RestauranteFlamencoGranada\/","article_modified_time":"2026-03-25T22:17:30+00:00","og_image":[{"width":400,"height":250,"url":"https:\/\/flamencogranada.com\/wp-content\/uploads\/2024\/07\/Jardines_Zoraya_Show_granada_flamenco.webp?wsr","type":"image\/webp"}],"twitter_card":"summary_large_image","twitter_misc":{"Dur\u00e9e de lecture estim\u00e9e":"1 minute"},"schema":{"@context":"https:\/\/schema.org","@graph":[{"@type":"WebPage","@id":"https:\/\/flamencogranada.com\/fr\/politique-cookies\/","url":"https:\/\/flamencogranada.com\/fr\/politique-cookies\/","name":"Politique en mati\u00e8re de cookies | Jardines de Zoraya","isPartOf":{"@id":"https:\/\/flamencogranada.com\/fr\/#website"},"datePublished":"2024-06-25T13:48:47+00:00","dateModified":"2026-03-25T22:17:30+00:00","breadcrumb":{"@id":"https:\/\/flamencogranada.com\/fr\/politique-cookies\/#breadcrumb"},"inLanguage":"fr-FR","potentialAction":[{"@type":"ReadAction","target":["https:\/\/flamencogranada.com\/fr\/politique-cookies\/"]}]},{"@type":"BreadcrumbList","@id":"https:\/\/flamencogranada.com\/fr\/politique-cookies\/#breadcrumb","itemListElement":[{"@type":"ListItem","position":1,"name":"Accueil","item":"https:\/\/flamencogranada.com\/fr\/"},{"@type":"ListItem","position":2,"name":"Politique en mati\u00e8re de cookies"}]},{"@type":"WebSite","@id":"https:\/\/flamencogranada.com\/fr\/#website","url":"https:\/\/flamencogranada.com\/fr\/","name":"Jardines Zoraya","description":"Aut\u00e9ntico espect\u00e1culo flamenco en Granada para disfrutar del arte y el baile mientras degustas platos andaluces tradicionales en un tablao en el Albaic\u00edn.","publisher":{"@id":"https:\/\/flamencogranada.com\/fr\/#organization"},"alternateName":"Flamenco en Granada","potentialAction":[{"@type":"SearchAction","target":{"@type":"EntryPoint","urlTemplate":"https:\/\/flamencogranada.com\/fr\/?s={search_term_string}"},"query-input":{"@type":"PropertyValueSpecification","valueRequired":true,"valueName":"search_term_string"}}],"inLanguage":"fr-FR"},{"@type":"Organization","@id":"https:\/\/flamencogranada.com\/fr\/#organization","name":"Jardines de Zoraya Flamenco Granada","alternateName":"Jardines de Zoraya","url":"https:\/\/flamencogranada.com\/fr\/","logo":{"@type":"ImageObject","inLanguage":"fr-FR","@id":"https:\/\/flamencogranada.com\/fr\/#\/schema\/logo\/image\/","url":"https:\/\/flamencogranada.com\/wp-content\/uploads\/2024\/06\/logo-invertido.png?wsr","contentUrl":"https:\/\/flamencogranada.com\/wp-content\/uploads\/2024\/06\/logo-invertido.png?wsr","width":208,"height":102,"caption":"Jardines de Zoraya Flamenco Granada"},"image":{"@id":"https:\/\/flamencogranada.com\/fr\/#\/schema\/logo\/image\/"},"sameAs":["https:\/\/www.facebook.com\/RestauranteFlamencoGranada\/","https:\/\/www.instagram.com\/tablaojardinesdezoraya\/","https:\/\/www.tiktok.com\/@flamencogranada"]}]}},"_links":{"self":[{"href":"https:\/\/flamencogranada.com\/fr\/wp-json\/wp\/v2\/pages\/28249","targetHints":{"allow":["GET"]}}],"collection":[{"href":"https:\/\/flamencogranada.com\/fr\/wp-json\/wp\/v2\/pages"}],"about":[{"href":"https:\/\/flamencogranada.com\/fr\/wp-json\/wp\/v2\/types\/page"}],"author":[{"embeddable":true,"href":"https:\/\/flamencogranada.com\/fr\/wp-json\/wp\/v2\/users\/8"}],"replies":[{"embeddable":true,"href":"https:\/\/flamencogranada.com\/fr\/wp-json\/wp\/v2\/comments?post=28249"}],"version-history":[{"count":1,"href":"https:\/\/flamencogranada.com\/fr\/wp-json\/wp\/v2\/pages\/28249\/revisions"}],"predecessor-version":[{"id":37667,"href":"https:\/\/flamencogranada.com\/fr\/wp-json\/wp\/v2\/pages\/28249\/revisions\/37667"}],"wp:attachment":[{"href":"https:\/\/flamencogranada.com\/fr\/wp-json\/wp\/v2\/media?parent=28249"}],"curies":[{"name":"wp","href":"https:\/\/api.w.org\/{rel}","templated":true}]}}