{"id":28241,"date":"2024-06-25T15:49:16","date_gmt":"2024-06-25T15:49:16","guid":{"rendered":"https:\/\/flamencogranada.com\/conditions-dachat-et-de-reservation\/"},"modified":"2026-03-25T20:24:05","modified_gmt":"2026-03-25T19:24:05","slug":"conditions-dachat-et-de-reservation","status":"publish","type":"page","link":"https:\/\/flamencogranada.com\/fr\/conditions-dachat-et-de-reservation\/","title":{"rendered":"Conditions d&rsquo;achat et de r\u00e9servation"},"content":{"rendered":"\n<p>S&rsquo;il n&rsquo;est pas possible d&rsquo;acc\u00e9der \u00e0 l&rsquo;un des sites ou si un service contractuel ne peut \u00eatre fourni, nous tenons \u00e0 vous assurer que vous serez rembours\u00e9 du montant proportionnel \u00e0 l&rsquo;acc\u00e8s ou au service affect\u00e9. Il est important que vous sachiez que, dans <strong>notre engagement \u00e0 garantir votre satisfaction<\/strong>, nous nous effor\u00e7ons de r\u00e9pondre \u00e0 toutes vos attentes et, en cas d&rsquo;\u00e9ventualit\u00e9, nous voulons vous assurer que nous agirons rapidement et efficacement pour r\u00e9soudre tout inconv\u00e9nient qui pourrait survenir. <\/p>\n\n<p>Nous voulons que vous vous sentiez en s\u00e9curit\u00e9 en choisissant nos services, c&rsquo;est pourquoi si, pour une raison quelconque, vous souhaitez annuler votre r\u00e9servation, il vous suffit de le faire <strong>24 heures \u00e0 l&rsquo;avance<\/strong>. Dans ce cas, le montant correspondant sera rembours\u00e9 par le m\u00eame moyen que celui utilis\u00e9 pour le paiement (esp\u00e8ces, carte, etc.). <\/p>\n\n<p>En bref, dans notre entreprise, nous avons \u00e0 c\u0153ur de vous offrir <strong>la meilleure attention et le meilleur service possible<\/strong>, en nous engageant \u00e0 r\u00e9soudre toute situation <strong>susceptible d&rsquo;affecter votre exp\u00e9rience avec nous<\/strong>.<\/p>\n\n<p>Nous vous remercions de votre confiance et esp\u00e9rons vous revoir bient\u00f4t !<\/p>\n","protected":false},"excerpt":{"rendered":"<p>S&rsquo;il n&rsquo;est pas possible d&rsquo;acc\u00e9der \u00e0 l&rsquo;un des sites ou si un service contractuel ne peut \u00eatre fourni, nous tenons \u00e0 vous assurer que vous serez rembours\u00e9 du montant proportionnel \u00e0 l&rsquo;acc\u00e8s ou au service affect\u00e9. Il est important que vous sachiez que, dans notre engagement \u00e0 garantir votre satisfaction, nous nous effor\u00e7ons de r\u00e9pondre [&hellip;]<\/p>\n","protected":false},"author":8,"featured_media":0,"parent":0,"menu_order":0,"comment_status":"closed","ping_status":"closed","template":"","meta":{"_acf_changed":false,"footnotes":""},"class_list":["post-28241","page","type-page","status-publish","hentry"],"acf":[],"yoast_head":"<!-- This site is optimized with the Yoast SEO plugin v27.4 - https:\/\/yoast.com\/product\/yoast-seo-wordpress\/ -->\n<title>Conditions d&#039;achat et de r\u00e9servation | Jardines de Zoraya<\/title>\n<meta name=\"robots\" content=\"noindex, nofollow\" \/>\n<meta property=\"og:locale\" content=\"fr_FR\" \/>\n<meta property=\"og:type\" content=\"article\" \/>\n<meta property=\"og:title\" content=\"Conditions d&#039;achat et de r\u00e9servation | Jardines de Zoraya\" \/>\n<meta property=\"og:description\" content=\"S&rsquo;il n&rsquo;est pas possible d&rsquo;acc\u00e9der \u00e0 l&rsquo;un des sites ou si un service contractuel ne peut \u00eatre fourni, nous tenons \u00e0 vous assurer que vous serez rembours\u00e9 du montant proportionnel \u00e0 l&rsquo;acc\u00e8s ou au service affect\u00e9. Il est important que vous sachiez que, dans notre engagement \u00e0 garantir votre satisfaction, nous nous effor\u00e7ons de r\u00e9pondre [&hellip;]\" \/>\n<meta property=\"og:url\" content=\"https:\/\/flamencogranada.com\/fr\/conditions-dachat-et-de-reservation\/\" \/>\n<meta property=\"og:site_name\" content=\"Jardines de Zoraya\" \/>\n<meta property=\"article:publisher\" content=\"https:\/\/www.facebook.com\/RestauranteFlamencoGranada\/\" \/>\n<meta property=\"article:modified_time\" content=\"2026-03-25T19:24:05+00:00\" \/>\n<meta property=\"og:image\" content=\"https:\/\/flamencogranada.com\/wp-content\/uploads\/2024\/07\/Jardines_Zoraya_Show_granada_flamenco.webp?wsr\" \/>\n\t<meta property=\"og:image:width\" content=\"400\" \/>\n\t<meta property=\"og:image:height\" content=\"250\" \/>\n\t<meta property=\"og:image:type\" content=\"image\/webp\" \/>\n<meta name=\"twitter:card\" content=\"summary_large_image\" \/>\n<meta name=\"twitter:label1\" content=\"Dur\u00e9e de lecture estim\u00e9e\" \/>\n\t<meta name=\"twitter:data1\" content=\"1 minute\" \/>\n<!-- \/ Yoast SEO plugin. -->","yoast_head_json":{"title":"Conditions d'achat et de r\u00e9servation | Jardines de Zoraya","robots":{"index":"noindex","follow":"nofollow"},"og_locale":"fr_FR","og_type":"article","og_title":"Conditions d'achat et de r\u00e9servation | Jardines de Zoraya","og_description":"S&rsquo;il n&rsquo;est pas possible d&rsquo;acc\u00e9der \u00e0 l&rsquo;un des sites ou si un service contractuel ne peut \u00eatre fourni, nous tenons \u00e0 vous assurer que vous serez rembours\u00e9 du montant proportionnel \u00e0 l&rsquo;acc\u00e8s ou au service affect\u00e9. Il est important que vous sachiez que, dans notre engagement \u00e0 garantir votre satisfaction, nous nous effor\u00e7ons de r\u00e9pondre [&hellip;]","og_url":"https:\/\/flamencogranada.com\/fr\/conditions-dachat-et-de-reservation\/","og_site_name":"Jardines de Zoraya","article_publisher":"https:\/\/www.facebook.com\/RestauranteFlamencoGranada\/","article_modified_time":"2026-03-25T19:24:05+00:00","og_image":[{"width":400,"height":250,"url":"https:\/\/flamencogranada.com\/wp-content\/uploads\/2024\/07\/Jardines_Zoraya_Show_granada_flamenco.webp?wsr","type":"image\/webp"}],"twitter_card":"summary_large_image","twitter_misc":{"Dur\u00e9e de lecture estim\u00e9e":"1 minute"},"schema":{"@context":"https:\/\/schema.org","@graph":[{"@type":"WebPage","@id":"https:\/\/flamencogranada.com\/fr\/conditions-dachat-et-de-reservation\/","url":"https:\/\/flamencogranada.com\/fr\/conditions-dachat-et-de-reservation\/","name":"Conditions d'achat et de r\u00e9servation | Jardines de Zoraya","isPartOf":{"@id":"https:\/\/flamencogranada.com\/fr\/#website"},"datePublished":"2024-06-25T15:49:16+00:00","dateModified":"2026-03-25T19:24:05+00:00","breadcrumb":{"@id":"https:\/\/flamencogranada.com\/fr\/conditions-dachat-et-de-reservation\/#breadcrumb"},"inLanguage":"fr-FR","potentialAction":[{"@type":"ReadAction","target":["https:\/\/flamencogranada.com\/fr\/conditions-dachat-et-de-reservation\/"]}]},{"@type":"BreadcrumbList","@id":"https:\/\/flamencogranada.com\/fr\/conditions-dachat-et-de-reservation\/#breadcrumb","itemListElement":[{"@type":"ListItem","position":1,"name":"Accueil","item":"https:\/\/flamencogranada.com\/fr\/"},{"@type":"ListItem","position":2,"name":"Conditions d&#8217;achat et de r\u00e9servation"}]},{"@type":"WebSite","@id":"https:\/\/flamencogranada.com\/fr\/#website","url":"https:\/\/flamencogranada.com\/fr\/","name":"Jardines Zoraya","description":"Aut\u00e9ntico espect\u00e1culo flamenco en Granada para disfrutar del arte y el baile mientras degustas platos andaluces tradicionales en un tablao en el Albaic\u00edn.","publisher":{"@id":"https:\/\/flamencogranada.com\/fr\/#organization"},"alternateName":"Flamenco en Granada","potentialAction":[{"@type":"SearchAction","target":{"@type":"EntryPoint","urlTemplate":"https:\/\/flamencogranada.com\/fr\/?s={search_term_string}"},"query-input":{"@type":"PropertyValueSpecification","valueRequired":true,"valueName":"search_term_string"}}],"inLanguage":"fr-FR"},{"@type":"Organization","@id":"https:\/\/flamencogranada.com\/fr\/#organization","name":"Jardines de Zoraya Flamenco Granada","alternateName":"Jardines de Zoraya","url":"https:\/\/flamencogranada.com\/fr\/","logo":{"@type":"ImageObject","inLanguage":"fr-FR","@id":"https:\/\/flamencogranada.com\/fr\/#\/schema\/logo\/image\/","url":"https:\/\/flamencogranada.com\/wp-content\/uploads\/2024\/06\/logo-invertido.png?wsr","contentUrl":"https:\/\/flamencogranada.com\/wp-content\/uploads\/2024\/06\/logo-invertido.png?wsr","width":208,"height":102,"caption":"Jardines de Zoraya Flamenco Granada"},"image":{"@id":"https:\/\/flamencogranada.com\/fr\/#\/schema\/logo\/image\/"},"sameAs":["https:\/\/www.facebook.com\/RestauranteFlamencoGranada\/","https:\/\/www.instagram.com\/tablaojardinesdezoraya\/","https:\/\/www.tiktok.com\/@flamencogranada"]}]}},"_links":{"self":[{"href":"https:\/\/flamencogranada.com\/fr\/wp-json\/wp\/v2\/pages\/28241","targetHints":{"allow":["GET"]}}],"collection":[{"href":"https:\/\/flamencogranada.com\/fr\/wp-json\/wp\/v2\/pages"}],"about":[{"href":"https:\/\/flamencogranada.com\/fr\/wp-json\/wp\/v2\/types\/page"}],"author":[{"embeddable":true,"href":"https:\/\/flamencogranada.com\/fr\/wp-json\/wp\/v2\/users\/8"}],"replies":[{"embeddable":true,"href":"https:\/\/flamencogranada.com\/fr\/wp-json\/wp\/v2\/comments?post=28241"}],"version-history":[{"count":1,"href":"https:\/\/flamencogranada.com\/fr\/wp-json\/wp\/v2\/pages\/28241\/revisions"}],"predecessor-version":[{"id":37646,"href":"https:\/\/flamencogranada.com\/fr\/wp-json\/wp\/v2\/pages\/28241\/revisions\/37646"}],"wp:attachment":[{"href":"https:\/\/flamencogranada.com\/fr\/wp-json\/wp\/v2\/media?parent=28241"}],"curies":[{"name":"wp","href":"https:\/\/api.w.org\/{rel}","templated":true}]}}