{"id":28231,"date":"2024-06-25T15:48:23","date_gmt":"2024-06-25T15:48:23","guid":{"rendered":"https:\/\/flamencogranada.com\/avis-juridique\/"},"modified":"2026-03-25T19:49:23","modified_gmt":"2026-03-25T18:49:23","slug":"avis-juridique","status":"publish","type":"page","link":"https:\/\/flamencogranada.com\/fr\/avis-juridique\/","title":{"rendered":"Avis juridique"},"content":{"rendered":"\n<p><strong>Nom de la soci\u00e9t\u00e9<\/strong>: Flamenco Granada SLU (Jardines de Zoraya)<br\/><strong>Adresse du si\u00e8ge social<\/strong>: <a href=\"https:\/\/goo.gl\/maps\/u31oar4cKDCFEqpH7\" target=\"_blank\" rel=\"noreferrer noopener\">Calle Panaderos, 32, 18010 Granada (Espagne)<\/a><br\/> CIF : B-72397219<br\/><strong>T\u00e9l\u00e9phone<\/strong>: <a href=\"tel:0034958206266\" target=\"_blank\" rel=\"noreferrer noopener\">0034 958 206 266<\/a> <br\/><strong>Courriel :<\/strong> <a href=\"mailto:info@jardinesdezoraya.com\" target=\"_blank\" rel=\"noreferrer noopener\">info@jardinesdezoraya.com<\/a><\/p>\n\n<h3 class=\"wp-block-heading\">Objet<\/h3>\n\n<p>Flamenco Granada SLU (ci-apr\u00e8s le fournisseur), responsable du site Web, met \u00e0 la disposition des utilisateurs le pr\u00e9sent document dans le but de respecter les obligations pr\u00e9vues par la loi 34\/2002 relative aux services de la soci\u00e9t\u00e9 de l&rsquo;information et au commerce \u00e9lectronique (LSSI-CE) et d&rsquo;informer tous les utilisateurs du site Web des conditions d&rsquo;utilisation du site Web. Toute personne acc\u00e9dant \u00e0 ce site Web assume le r\u00f4le d&rsquo;utilisateur et s&rsquo;engage \u00e0 respecter et \u00e0 faire respecter les dispositions du pr\u00e9sent document, ainsi que toute autre disposition l\u00e9gale applicable.<\/p>\n\n<p>Le fournisseur se r\u00e9serve le droit de modifier tout type d&rsquo;information pouvant figurer sur le site web, sans obligation de pr\u00e9avis ni d&rsquo;information des utilisateurs, la publication sur le site web du fournisseur \u00e9tant consid\u00e9r\u00e9e comme suffisante.<\/p>\n\n<h3 class=\"wp-block-heading\">Responsabilit\u00e9<\/h3>\n\n<p>Le fournisseur d\u00e9cline toute responsabilit\u00e9 pour les informations publi\u00e9es sur son site web, dans la mesure o\u00f9 ces informations ont \u00e9t\u00e9 manipul\u00e9es ou introduites par un tiers ext\u00e9rieur \u00e0 celui-ci. Ce site utilise des \u00ab\u00a0cookies\u00a0\u00bb, qui sont des fichiers texte plac\u00e9s sur votre ordinateur, pour aider le site web \u00e0 analyser l&rsquo;utilisation qu&rsquo;en font les utilisateurs. L&rsquo;utilisation de ces fichiers est d\u00e9crite dans l&rsquo;onglet \u00ab\u00a0politique en mati\u00e8re de cookies\u00a0\u00bb. Vous pouvez refuser le traitement des donn\u00e9es ou des informations en rejetant l&rsquo;utilisation des cookies en s\u00e9lectionnant les param\u00e8tres appropri\u00e9s de votre navigateur, mais veuillez noter que, dans ce cas, vous risquez de ne pas pouvoir utiliser toutes les fonctionnalit\u00e9s de ce site web. \u00c0 partir du site web du client, il est possible que vous soyez redirig\u00e9 vers le contenu de sites web de tiers. Etant donn\u00e9 que le fournisseur ne peut pas toujours contr\u00f4ler les contenus introduits par des tiers sur son site, le fournisseur n&rsquo;assume aucune responsabilit\u00e9 pour ces contenus. Dans tous les cas, le fournisseur d\u00e9clare qu&rsquo;il retirera imm\u00e9diatement tout contenu susceptible de contrevenir \u00e0 la l\u00e9gislation nationale ou internationale, \u00e0 la morale ou \u00e0 l&rsquo;ordre public, en supprimant imm\u00e9diatement la redirection vers ledit site web et en informant les autorit\u00e9s comp\u00e9tentes du contenu en question.      <\/p>\n\n<p>Le fournisseur n&rsquo;est pas responsable des informations et des contenus stock\u00e9s, y compris, mais sans s&rsquo;y limiter, dans les forums, les chats, les blogs, les commentaires, les r\u00e9seaux sociaux ou tout autre support permettant \u00e0 des tiers de publier des contenus de mani\u00e8re ind\u00e9pendante sur le site web du fournisseur. Toutefois, et conform\u00e9ment aux dispositions des articles 11 et 16 de la LSSI-CE, le fournisseur se met \u00e0 la disposition de tous les utilisateurs, des autorit\u00e9s et des forces de s\u00e9curit\u00e9, et collabore activement au retrait ou au blocage de tout contenu susceptible d&rsquo;affecter ou de contrevenir \u00e0 la l\u00e9gislation nationale ou internationale, aux droits des tiers ou aux bonnes m\u0153urs et \u00e0 l&rsquo;ordre public. Si l&rsquo;utilisateur consid\u00e8re qu&rsquo;il existe un contenu sur le site web susceptible d&rsquo;\u00eatre class\u00e9 dans cette cat\u00e9gorie, il est pri\u00e9 d&rsquo;en informer imm\u00e9diatement l&rsquo;administrateur du site web. Ce site web a \u00e9t\u00e9 revu et test\u00e9 afin de s&rsquo;assurer qu&rsquo;il fonctionne correctement. En principe, le bon fonctionnement peut \u00eatre garanti 365 jours par an, 24 heures par jour. Toutefois, le fournisseur n&rsquo;exclut pas la possibilit\u00e9 de l&rsquo;existence de certaines erreurs de programmation, ou la survenance de cas de force majeure, de catastrophes naturelles, de gr\u00e8ves, ou de circonstances similaires qui rendent l&rsquo;acc\u00e8s au site web impossible.     <\/p>\n\n<h3 class=\"wp-block-heading\">Propri\u00e9t\u00e9 intellectuelle et industrielle<\/h3>\n\n<p>Le site web, y compris, mais sans s&rsquo;y limiter, sa programmation, son \u00e9dition, sa compilation et les autres \u00e9l\u00e9ments n\u00e9cessaires \u00e0 son fonctionnement, les conceptions, les logos, les textes et\/ou les graphiques sont la propri\u00e9t\u00e9 du fournisseur ou, le cas \u00e9ch\u00e9ant, font l&rsquo;objet d&rsquo;une licence ou d&rsquo;une autorisation expresse de la part des auteurs.<\/p>\n\n<p>Quelle que soit la finalit\u00e9 poursuivie, la reproduction, l&rsquo;utilisation, l&rsquo;exploitation, la distribution et la commercialisation, totales ou partielles, n\u00e9cessitent en tout \u00e9tat de cause l&rsquo;autorisation \u00e9crite pr\u00e9alable du fournisseur. Toute utilisation non autoris\u00e9e au pr\u00e9alable par le fournisseur est consid\u00e9r\u00e9e comme une violation grave des droits de propri\u00e9t\u00e9 intellectuelle ou industrielle de l&rsquo;auteur. <\/p>\n\n<p>Les dessins, logos, textes et\/ou graphiques qui n&rsquo;appartiennent pas au fournisseur et qui peuvent appara\u00eetre sur le site web appartiennent \u00e0 leurs propri\u00e9taires respectifs, qui sont eux-m\u00eames responsables de toute controverse \u00e9ventuelle \u00e0 ce sujet. Dans tous les cas, le prestataire dispose de leur autorisation pr\u00e9alable expresse. <\/p>\n\n<p>Le fournisseur autorise express\u00e9ment les tiers \u00e0 rediriger directement vers les contenus sp\u00e9cifiques du site web, et doit en tout \u00e9tat de cause rediriger vers le site web principal du fournisseur.<\/p>\n\n<p>Le fournisseur reconna\u00eet les droits de propri\u00e9t\u00e9 industrielle et intellectuelle correspondants en faveur de leurs propri\u00e9taires, et leur simple mention ou apparition sur le site web n&rsquo;implique pas l&rsquo;existence de droits ou de responsabilit\u00e9s quelconques de la part du fournisseur \u00e0 leur \u00e9gard, ni d&rsquo;une approbation, d&rsquo;un parrainage ou d&rsquo;une recommandation de la part de ce dernier.<\/p>\n\n<h3 class=\"wp-block-heading\">Droit applicable et juridiction<\/h3>\n\n<p>Pour la r\u00e9solution de tous les litiges ou questions li\u00e9s \u00e0 ce site web ou aux activit\u00e9s qui y sont men\u00e9es, c&rsquo;est la l\u00e9gislation espagnole qui s&rsquo;applique, \u00e0 laquelle les parties se soumettent express\u00e9ment, et les tribunaux de Grenade sont comp\u00e9tents pour r\u00e9soudre tous les litiges d\u00e9coulant de son utilisation ou li\u00e9s \u00e0 celle-ci, le cas \u00e9ch\u00e9ant.<\/p>\n\n<p><\/p>\n","protected":false},"excerpt":{"rendered":"<p>Nom de la soci\u00e9t\u00e9: Flamenco Granada SLU (Jardines de Zoraya)Adresse du si\u00e8ge social: Calle Panaderos, 32, 18010 Granada (Espagne) CIF : B-72397219T\u00e9l\u00e9phone: 0034 958 206 266 Courriel : info@jardinesdezoraya.com Objet Flamenco Granada SLU (ci-apr\u00e8s le fournisseur), responsable du site Web, met \u00e0 la disposition des utilisateurs le pr\u00e9sent document dans le but de respecter les [&hellip;]<\/p>\n","protected":false},"author":8,"featured_media":0,"parent":0,"menu_order":0,"comment_status":"closed","ping_status":"closed","template":"","meta":{"_acf_changed":false,"footnotes":""},"class_list":["post-28231","page","type-page","status-publish","hentry"],"acf":[],"yoast_head":"<!-- This site is optimized with the Yoast SEO plugin v27.4 - https:\/\/yoast.com\/product\/yoast-seo-wordpress\/ -->\n<title>Avis juridique | Jardines de Zoraya<\/title>\n<meta name=\"robots\" content=\"noindex, nofollow\" \/>\n<meta property=\"og:locale\" content=\"fr_FR\" \/>\n<meta property=\"og:type\" content=\"article\" \/>\n<meta property=\"og:title\" content=\"Avis juridique | Jardines de Zoraya\" \/>\n<meta property=\"og:description\" content=\"Nom de la soci\u00e9t\u00e9: Flamenco Granada SLU (Jardines de Zoraya)Adresse du si\u00e8ge social: Calle Panaderos, 32, 18010 Granada (Espagne) CIF : B-72397219T\u00e9l\u00e9phone: 0034 958 206 266 Courriel : info@jardinesdezoraya.com Objet Flamenco Granada SLU (ci-apr\u00e8s le fournisseur), responsable du site Web, met \u00e0 la disposition des utilisateurs le pr\u00e9sent document dans le but de respecter les [&hellip;]\" \/>\n<meta property=\"og:url\" content=\"https:\/\/flamencogranada.com\/fr\/avis-juridique\/\" \/>\n<meta property=\"og:site_name\" content=\"Jardines de Zoraya\" \/>\n<meta property=\"article:publisher\" content=\"https:\/\/www.facebook.com\/RestauranteFlamencoGranada\/\" \/>\n<meta property=\"article:modified_time\" content=\"2026-03-25T18:49:23+00:00\" \/>\n<meta property=\"og:image\" content=\"https:\/\/flamencogranada.com\/wp-content\/uploads\/2024\/07\/Jardines_Zoraya_Show_granada_flamenco.webp?wsr\" \/>\n\t<meta property=\"og:image:width\" content=\"400\" \/>\n\t<meta property=\"og:image:height\" content=\"250\" \/>\n\t<meta property=\"og:image:type\" content=\"image\/webp\" \/>\n<meta name=\"twitter:card\" content=\"summary_large_image\" \/>\n<meta name=\"twitter:label1\" content=\"Dur\u00e9e de lecture estim\u00e9e\" \/>\n\t<meta name=\"twitter:data1\" content=\"5 minutes\" \/>\n<!-- \/ Yoast SEO plugin. -->","yoast_head_json":{"title":"Avis juridique | Jardines de Zoraya","robots":{"index":"noindex","follow":"nofollow"},"og_locale":"fr_FR","og_type":"article","og_title":"Avis juridique | Jardines de Zoraya","og_description":"Nom de la soci\u00e9t\u00e9: Flamenco Granada SLU (Jardines de Zoraya)Adresse du si\u00e8ge social: Calle Panaderos, 32, 18010 Granada (Espagne) CIF : B-72397219T\u00e9l\u00e9phone: 0034 958 206 266 Courriel : info@jardinesdezoraya.com Objet Flamenco Granada SLU (ci-apr\u00e8s le fournisseur), responsable du site Web, met \u00e0 la disposition des utilisateurs le pr\u00e9sent document dans le but de respecter les [&hellip;]","og_url":"https:\/\/flamencogranada.com\/fr\/avis-juridique\/","og_site_name":"Jardines de Zoraya","article_publisher":"https:\/\/www.facebook.com\/RestauranteFlamencoGranada\/","article_modified_time":"2026-03-25T18:49:23+00:00","og_image":[{"width":400,"height":250,"url":"https:\/\/flamencogranada.com\/wp-content\/uploads\/2024\/07\/Jardines_Zoraya_Show_granada_flamenco.webp?wsr","type":"image\/webp"}],"twitter_card":"summary_large_image","twitter_misc":{"Dur\u00e9e de lecture estim\u00e9e":"5 minutes"},"schema":{"@context":"https:\/\/schema.org","@graph":[{"@type":"WebPage","@id":"https:\/\/flamencogranada.com\/fr\/avis-juridique\/","url":"https:\/\/flamencogranada.com\/fr\/avis-juridique\/","name":"Avis juridique | Jardines de Zoraya","isPartOf":{"@id":"https:\/\/flamencogranada.com\/fr\/#website"},"datePublished":"2024-06-25T15:48:23+00:00","dateModified":"2026-03-25T18:49:23+00:00","breadcrumb":{"@id":"https:\/\/flamencogranada.com\/fr\/avis-juridique\/#breadcrumb"},"inLanguage":"fr-FR","potentialAction":[{"@type":"ReadAction","target":["https:\/\/flamencogranada.com\/fr\/avis-juridique\/"]}]},{"@type":"BreadcrumbList","@id":"https:\/\/flamencogranada.com\/fr\/avis-juridique\/#breadcrumb","itemListElement":[{"@type":"ListItem","position":1,"name":"Accueil","item":"https:\/\/flamencogranada.com\/fr\/"},{"@type":"ListItem","position":2,"name":"Avis juridique"}]},{"@type":"WebSite","@id":"https:\/\/flamencogranada.com\/fr\/#website","url":"https:\/\/flamencogranada.com\/fr\/","name":"Jardines Zoraya","description":"Aut\u00e9ntico espect\u00e1culo flamenco en Granada para disfrutar del arte y el baile mientras degustas platos andaluces tradicionales en un tablao en el Albaic\u00edn.","publisher":{"@id":"https:\/\/flamencogranada.com\/fr\/#organization"},"alternateName":"Flamenco en Granada","potentialAction":[{"@type":"SearchAction","target":{"@type":"EntryPoint","urlTemplate":"https:\/\/flamencogranada.com\/fr\/?s={search_term_string}"},"query-input":{"@type":"PropertyValueSpecification","valueRequired":true,"valueName":"search_term_string"}}],"inLanguage":"fr-FR"},{"@type":"Organization","@id":"https:\/\/flamencogranada.com\/fr\/#organization","name":"Jardines de Zoraya Flamenco Granada","alternateName":"Jardines de Zoraya","url":"https:\/\/flamencogranada.com\/fr\/","logo":{"@type":"ImageObject","inLanguage":"fr-FR","@id":"https:\/\/flamencogranada.com\/fr\/#\/schema\/logo\/image\/","url":"https:\/\/flamencogranada.com\/wp-content\/uploads\/2024\/06\/logo-invertido.png?wsr","contentUrl":"https:\/\/flamencogranada.com\/wp-content\/uploads\/2024\/06\/logo-invertido.png?wsr","width":208,"height":102,"caption":"Jardines de Zoraya Flamenco Granada"},"image":{"@id":"https:\/\/flamencogranada.com\/fr\/#\/schema\/logo\/image\/"},"sameAs":["https:\/\/www.facebook.com\/RestauranteFlamencoGranada\/","https:\/\/www.instagram.com\/tablaojardinesdezoraya\/","https:\/\/www.tiktok.com\/@flamencogranada"]}]}},"_links":{"self":[{"href":"https:\/\/flamencogranada.com\/fr\/wp-json\/wp\/v2\/pages\/28231","targetHints":{"allow":["GET"]}}],"collection":[{"href":"https:\/\/flamencogranada.com\/fr\/wp-json\/wp\/v2\/pages"}],"about":[{"href":"https:\/\/flamencogranada.com\/fr\/wp-json\/wp\/v2\/types\/page"}],"author":[{"embeddable":true,"href":"https:\/\/flamencogranada.com\/fr\/wp-json\/wp\/v2\/users\/8"}],"replies":[{"embeddable":true,"href":"https:\/\/flamencogranada.com\/fr\/wp-json\/wp\/v2\/comments?post=28231"}],"version-history":[{"count":1,"href":"https:\/\/flamencogranada.com\/fr\/wp-json\/wp\/v2\/pages\/28231\/revisions"}],"predecessor-version":[{"id":37622,"href":"https:\/\/flamencogranada.com\/fr\/wp-json\/wp\/v2\/pages\/28231\/revisions\/37622"}],"wp:attachment":[{"href":"https:\/\/flamencogranada.com\/fr\/wp-json\/wp\/v2\/media?parent=28231"}],"curies":[{"name":"wp","href":"https:\/\/api.w.org\/{rel}","templated":true}]}}