{"id":28143,"date":"2024-06-25T15:10:46","date_gmt":"2024-06-25T13:10:46","guid":{"rendered":"https:\/\/flamencogranada.com\/galerie-video\/"},"modified":"2025-07-14T18:27:55","modified_gmt":"2025-07-14T16:27:55","slug":"galerie-video","status":"publish","type":"page","link":"https:\/\/flamencogranada.com\/fr\/galerie-video\/","title":{"rendered":"Galerie vid\u00e9o"},"content":{"rendered":"\t\t<div data-elementor-type=\"wp-page\" data-elementor-id=\"28143\" class=\"elementor elementor-28143 elementor-23\" data-elementor-post-type=\"page\">\n\t\t\t\t<div class=\"elementor-element elementor-element-4c29a64 e-flex e-con-boxed e-con e-parent\" data-id=\"4c29a64\" data-element_type=\"container\" data-e-type=\"container\">\n\t\t\t\t\t<div class=\"e-con-inner\">\n\t\t<div class=\"elementor-element elementor-element-47cb1a0 e-con-full e-flex e-con e-child\" data-id=\"47cb1a0\" data-element_type=\"container\" data-e-type=\"container\">\n\t\t<div class=\"elementor-element elementor-element-5e805e1 e-con-full e-flex e-con e-child\" data-id=\"5e805e1\" data-element_type=\"container\" data-e-type=\"container\">\n\t\t\t\t<div class=\"elementor-element elementor-element-0b57818 elementor-widget elementor-widget-breadcrumbs\" data-id=\"0b57818\" data-element_type=\"widget\" data-e-type=\"widget\" data-widget_type=\"breadcrumbs.default\">\n\t\t\t\t<div class=\"elementor-widget-container\">\n\t\t\t\t\t<p id=\"breadcrumbs\"><span><span><a href=\"https:\/\/flamencogranada.com\/fr\/\">Accueil<\/a><\/span><\/span><\/p>\t\t\t\t<\/div>\n\t\t\t\t<\/div>\n\t\t\t\t<\/div>\n\t\t<div class=\"elementor-element elementor-element-c052da3 e-con-full elementor-hidden-mobile e-flex e-con e-child\" data-id=\"c052da3\" data-element_type=\"container\" data-e-type=\"container\">\n\t\t\t\t<\/div>\n\t\t\t\t<\/div>\n\t\t<div class=\"elementor-element elementor-element-4bb6ffd e-con-full e-flex e-con e-child\" data-id=\"4bb6ffd\" data-element_type=\"container\" data-e-type=\"container\">\n\t\t<div class=\"elementor-element elementor-element-a9126bd e-con-full e-flex e-con e-child\" data-id=\"a9126bd\" data-element_type=\"container\" data-e-type=\"container\">\n\t\t\t\t<div class=\"elementor-element elementor-element-942cdce elementor-widget elementor-widget-heading\" data-id=\"942cdce\" data-element_type=\"widget\" data-e-type=\"widget\" data-widget_type=\"heading.default\">\n\t\t\t\t<div class=\"elementor-widget-container\">\n\t\t\t\t\t<h1 class=\"elementor-heading-title elementor-size-default\">GALERIE DE<br>\nVID\u00c9OS<\/h1>\t\t\t\t<\/div>\n\t\t\t\t<\/div>\n\t\t\t\t<div class=\"elementor-element elementor-element-51429cd elementor-widget elementor-widget-text-editor\" data-id=\"51429cd\" data-element_type=\"widget\" data-e-type=\"widget\" data-widget_type=\"text-editor.default\">\n\t\t\t\t<div class=\"elementor-widget-container\">\n\t\t\t\t\t\t\t\t\t<p><strong>Une image vaut mille mots<\/strong><\/p>\n\t\t\t\t\t\t\t\t<\/div>\n\t\t\t\t<\/div>\n\t\t\t\t<\/div>\n\t\t<div class=\"elementor-element elementor-element-f01cd86 e-con-full e-flex e-con e-child\" data-id=\"f01cd86\" data-element_type=\"container\" data-e-type=\"container\">\n\t\t\t\t<\/div>\n\t\t\t\t<\/div>\n\t\t<div class=\"elementor-element elementor-element-4c4b163 e-con-full e-flex e-con e-child\" data-id=\"4c4b163\" data-element_type=\"container\" data-e-type=\"container\">\n\t\t<div class=\"elementor-element elementor-element-66e6d73 e-con-full e-flex e-con e-child\" data-id=\"66e6d73\" data-element_type=\"container\" data-e-type=\"container\">\n\t\t\t\t<div class=\"elementor-element elementor-element-e1efb2e elementor-widget elementor-widget-text-editor\" data-id=\"e1efb2e\" data-element_type=\"widget\" data-e-type=\"widget\" data-widget_type=\"text-editor.default\">\n\t\t\t\t<div class=\"elementor-widget-container\">\n\t\t\t\t\t\t\t\t\t<p>Un petit \u00e9chantillon de ce que vous pouvez vivre chaque soir \u00e0 Jardines de Zoraya. Pour que vous puissiez vous immerger un peu plus dans l&rsquo;atmosph\u00e8re de notre spectacle de flamenco.<\/p>\n\t\t\t\t\t\t\t\t<\/div>\n\t\t\t\t<\/div>\n\t\t\t\t<div class=\"elementor-element elementor-element-ab841de elementor-widget elementor-widget-text-editor\" data-id=\"ab841de\" data-element_type=\"widget\" data-e-type=\"widget\" data-widget_type=\"text-editor.default\">\n\t\t\t\t<div class=\"elementor-widget-container\">\n\t\t\t\t\t\t\t\t\t<p>D\u00e9couvrez dans notre galerie vid\u00e9o une v\u00e9ritable manifestation de l&rsquo;art et du flamenco dans sa forme la plus pure.<\/p>\n\t\t\t\t\t\t\t\t<\/div>\n\t\t\t\t<\/div>\n\t\t\t\t<\/div>\n\t\t\t\t<\/div>\n\t\t\t\t\t<\/div>\n\t\t\t\t<\/div>\n\t\t<div class=\"elementor-element elementor-element-3697a3e e-flex e-con-boxed e-con e-parent\" data-id=\"3697a3e\" data-element_type=\"container\" data-e-type=\"container\">\n\t\t\t\t\t<div class=\"e-con-inner\">\n\t\t<div class=\"elementor-element elementor-element-01f0cae e-con-full e-flex e-con e-child\" data-id=\"01f0cae\" data-element_type=\"container\" data-e-type=\"container\">\n\t\t\t\t<div class=\"elementor-element elementor-element-943d773 elementor-widget elementor-widget-video\" data-id=\"943d773\" data-element_type=\"widget\" data-e-type=\"widget\" data-settings=\"{&quot;youtube_url&quot;:&quot;https:\\\/\\\/www.youtube.com\\\/watch?v=dOtbvZ_qq8s&amp;ab_channel=TablaoflamencoGranada-JardinesdeZoraya&quot;,&quot;video_type&quot;:&quot;youtube&quot;,&quot;controls&quot;:&quot;yes&quot;}\" data-widget_type=\"video.default\">\n\t\t\t\t<div class=\"elementor-widget-container\">\n\t\t\t\t\t\t\t<div class=\"elementor-wrapper elementor-open-inline\">\n\t\t\t<div class=\"elementor-video\"><\/div>\t\t<\/div>\n\t\t\t\t\t\t<\/div>\n\t\t\t\t<\/div>\n\t\t\t\t<\/div>\n\t\t<div class=\"elementor-element elementor-element-46ab8ff e-con-full e-flex e-con e-child\" data-id=\"46ab8ff\" data-element_type=\"container\" data-e-type=\"container\">\n\t\t\t\t<div class=\"elementor-element elementor-element-50df8a9 elementor-widget elementor-widget-video\" data-id=\"50df8a9\" data-element_type=\"widget\" data-e-type=\"widget\" data-settings=\"{&quot;youtube_url&quot;:&quot;https:\\\/\\\/www.youtube.com\\\/watch?v=r8qKDgE5EsU&amp;ab_channel=TablaoflamencoGranada-JardinesdeZoraya&quot;,&quot;video_type&quot;:&quot;youtube&quot;,&quot;controls&quot;:&quot;yes&quot;}\" data-widget_type=\"video.default\">\n\t\t\t\t<div class=\"elementor-widget-container\">\n\t\t\t\t\t\t\t<div class=\"elementor-wrapper elementor-open-inline\">\n\t\t\t<div class=\"elementor-video\"><\/div>\t\t<\/div>\n\t\t\t\t\t\t<\/div>\n\t\t\t\t<\/div>\n\t\t\t\t<\/div>\n\t\t<div class=\"elementor-element elementor-element-d5974db e-con-full e-flex e-con e-child\" data-id=\"d5974db\" data-element_type=\"container\" data-e-type=\"container\">\n\t\t\t\t<div class=\"elementor-element elementor-element-694647d elementor-widget elementor-widget-video\" data-id=\"694647d\" data-element_type=\"widget\" data-e-type=\"widget\" data-settings=\"{&quot;youtube_url&quot;:&quot;https:\\\/\\\/www.youtube.com\\\/watch?v=YUuPOJO8KAc&amp;ab_channel=TablaoflamencoGranada-JardinesdeZoraya&quot;,&quot;video_type&quot;:&quot;youtube&quot;,&quot;controls&quot;:&quot;yes&quot;}\" data-widget_type=\"video.default\">\n\t\t\t\t<div class=\"elementor-widget-container\">\n\t\t\t\t\t\t\t<div class=\"elementor-wrapper elementor-open-inline\">\n\t\t\t<div class=\"elementor-video\"><\/div>\t\t<\/div>\n\t\t\t\t\t\t<\/div>\n\t\t\t\t<\/div>\n\t\t\t\t<\/div>\n\t\t\t\t\t<\/div>\n\t\t\t\t<\/div>\n\t\t<div class=\"elementor-element elementor-element-84bb78e e-flex e-con-boxed e-con e-parent\" data-id=\"84bb78e\" data-element_type=\"container\" data-e-type=\"container\">\n\t\t\t\t\t<div class=\"e-con-inner\">\n\t\t<div class=\"elementor-element elementor-element-d31665a e-con-full e-flex e-con e-child\" data-id=\"d31665a\" data-element_type=\"container\" data-e-type=\"container\">\n\t\t\t\t<div class=\"elementor-element elementor-element-6b4a927 elementor-widget elementor-widget-video\" data-id=\"6b4a927\" data-element_type=\"widget\" data-e-type=\"widget\" data-settings=\"{&quot;youtube_url&quot;:&quot;https:\\\/\\\/www.youtube.com\\\/watch?v=3QULGBk9qzs&amp;ab_channel=TablaoflamencoGranada-JardinesdeZoraya&quot;,&quot;video_type&quot;:&quot;youtube&quot;,&quot;controls&quot;:&quot;yes&quot;}\" data-widget_type=\"video.default\">\n\t\t\t\t<div class=\"elementor-widget-container\">\n\t\t\t\t\t\t\t<div class=\"elementor-wrapper elementor-open-inline\">\n\t\t\t<div class=\"elementor-video\"><\/div>\t\t<\/div>\n\t\t\t\t\t\t<\/div>\n\t\t\t\t<\/div>\n\t\t\t\t<\/div>\n\t\t<div class=\"elementor-element elementor-element-ed099ca e-con-full e-flex e-con e-child\" data-id=\"ed099ca\" data-element_type=\"container\" data-e-type=\"container\">\n\t\t\t\t<div class=\"elementor-element elementor-element-53b21fa elementor-widget elementor-widget-video\" data-id=\"53b21fa\" data-element_type=\"widget\" data-e-type=\"widget\" data-settings=\"{&quot;youtube_url&quot;:&quot;https:\\\/\\\/www.youtube.com\\\/watch?v=uWJhWv2GqME&amp;ab_channel=TablaoflamencoGranada-JardinesdeZoraya&quot;,&quot;video_type&quot;:&quot;youtube&quot;,&quot;controls&quot;:&quot;yes&quot;}\" data-widget_type=\"video.default\">\n\t\t\t\t<div class=\"elementor-widget-container\">\n\t\t\t\t\t\t\t<div class=\"elementor-wrapper elementor-open-inline\">\n\t\t\t<div class=\"elementor-video\"><\/div>\t\t<\/div>\n\t\t\t\t\t\t<\/div>\n\t\t\t\t<\/div>\n\t\t\t\t<\/div>\n\t\t<div class=\"elementor-element elementor-element-fcf1688 e-con-full e-flex e-con e-child\" data-id=\"fcf1688\" data-element_type=\"container\" data-e-type=\"container\">\n\t\t\t\t<div class=\"elementor-element elementor-element-13c0477 elementor-widget elementor-widget-video\" data-id=\"13c0477\" data-element_type=\"widget\" data-e-type=\"widget\" data-settings=\"{&quot;youtube_url&quot;:&quot;https:\\\/\\\/www.youtube.com\\\/watch?v=FQ5S_4ldmSQ&amp;ab_channel=TablaoflamencoGranada-JardinesdeZoraya&quot;,&quot;video_type&quot;:&quot;youtube&quot;,&quot;controls&quot;:&quot;yes&quot;}\" data-widget_type=\"video.default\">\n\t\t\t\t<div class=\"elementor-widget-container\">\n\t\t\t\t\t\t\t<div class=\"elementor-wrapper elementor-open-inline\">\n\t\t\t<div class=\"elementor-video\"><\/div>\t\t<\/div>\n\t\t\t\t\t\t<\/div>\n\t\t\t\t<\/div>\n\t\t\t\t<\/div>\n\t\t\t\t\t<\/div>\n\t\t\t\t<\/div>\n\t\t<div class=\"elementor-element elementor-element-b94ec13 e-flex e-con-boxed e-con e-parent\" data-id=\"b94ec13\" data-element_type=\"container\" data-e-type=\"container\">\n\t\t\t\t\t<div class=\"e-con-inner\">\n\t\t\t\t<div class=\"elementor-element elementor-element-66ab9df elementor-laptop-align-center elementor-mobile-align-justify elementor-widget__width-inherit elementor-align-center elementor-widget elementor-widget-button\" data-id=\"66ab9df\" data-element_type=\"widget\" data-e-type=\"widget\" data-widget_type=\"button.default\">\n\t\t\t\t<div class=\"elementor-widget-container\">\n\t\t\t\t\t\t\t\t\t<div class=\"elementor-button-wrapper\">\n\t\t\t\t\t<a class=\"elementor-button elementor-button-link elementor-size-sm\" href=\"https:\/\/www.youtube.com\/channel\/UCX3FvlGOO2aGgls1KUSVZnQ\" target=\"_blank\">\n\t\t\t\t\t\t<span class=\"elementor-button-content-wrapper\">\n\t\t\t\t\t\t\t\t\t<span class=\"elementor-button-text\">VOIR NOTRE CHA\u00ceNE YOUTUBE<\/span>\n\t\t\t\t\t<\/span>\n\t\t\t\t\t<\/a>\n\t\t\t\t<\/div>\n\t\t\t\t\t\t\t\t<\/div>\n\t\t\t\t<\/div>\n\t\t\t\t\t<\/div>\n\t\t\t\t<\/div>\n\t\t\t\t<\/div>\n\t\t","protected":false},"excerpt":{"rendered":"<p>GALERIE DE VID\u00c9OS Une image vaut mille mots Un petit \u00e9chantillon de ce que vous pouvez vivre chaque soir \u00e0 Jardines de Zoraya. Pour que vous puissiez vous immerger un peu plus dans l&rsquo;atmosph\u00e8re de notre spectacle de flamenco. D\u00e9couvrez dans notre galerie vid\u00e9o une v\u00e9ritable manifestation de l&rsquo;art et du flamenco dans sa forme [&hellip;]<\/p>\n","protected":false},"author":8,"featured_media":0,"parent":0,"menu_order":0,"comment_status":"closed","ping_status":"closed","template":"","meta":{"_acf_changed":false,"footnotes":""},"class_list":["post-28143","page","type-page","status-publish","hentry"],"acf":[],"yoast_head":"<!-- This site is optimized with the Yoast SEO plugin v27.3 - https:\/\/yoast.com\/product\/yoast-seo-wordpress\/ -->\n<title>Galerie vid\u00e9o | Jardines de Zoraya<\/title>\n<meta name=\"description\" content=\"Souvenez-vous de votre exp\u00e9rience en regardant les meilleures vid\u00e9os de nos spectacles en direct. Appr\u00e9ciez l&#039;art du flamenco.\" \/>\n<meta name=\"robots\" content=\"index, follow, max-snippet:-1, max-image-preview:large, max-video-preview:-1\" \/>\n<link rel=\"canonical\" href=\"https:\/\/flamencogranada.com\/fr\/galerie-video\/\" \/>\n<meta property=\"og:locale\" content=\"fr_FR\" \/>\n<meta property=\"og:type\" content=\"article\" \/>\n<meta property=\"og:title\" content=\"Galerie vid\u00e9o | Jardines de Zoraya\" \/>\n<meta property=\"og:description\" content=\"Souvenez-vous de votre exp\u00e9rience en regardant les meilleures vid\u00e9os de nos spectacles en direct. Appr\u00e9ciez l&#039;art du flamenco.\" \/>\n<meta property=\"og:url\" content=\"https:\/\/flamencogranada.com\/fr\/galerie-video\/\" \/>\n<meta property=\"og:site_name\" content=\"Jardines de Zoraya\" \/>\n<meta property=\"article:publisher\" content=\"https:\/\/www.facebook.com\/RestauranteFlamencoGranada\/\" \/>\n<meta property=\"article:modified_time\" content=\"2025-07-14T16:27:55+00:00\" \/>\n<meta property=\"og:image\" content=\"https:\/\/flamencogranada.com\/wp-content\/uploads\/2024\/07\/Jardines_Zoraya_Show_granada_flamenco.webp?wsr\" \/>\n\t<meta property=\"og:image:width\" content=\"400\" \/>\n\t<meta property=\"og:image:height\" content=\"250\" \/>\n\t<meta property=\"og:image:type\" content=\"image\/webp\" \/>\n<meta name=\"twitter:card\" content=\"summary_large_image\" \/>\n<meta name=\"twitter:label1\" content=\"Dur\u00e9e de lecture estim\u00e9e\" \/>\n\t<meta name=\"twitter:data1\" content=\"1 minute\" \/>\n<!-- \/ Yoast SEO plugin. -->","yoast_head_json":{"title":"Galerie vid\u00e9o | Jardines de Zoraya","description":"Souvenez-vous de votre exp\u00e9rience en regardant les meilleures vid\u00e9os de nos spectacles en direct. Appr\u00e9ciez l'art du flamenco.","robots":{"index":"index","follow":"follow","max-snippet":"max-snippet:-1","max-image-preview":"max-image-preview:large","max-video-preview":"max-video-preview:-1"},"canonical":"https:\/\/flamencogranada.com\/fr\/galerie-video\/","og_locale":"fr_FR","og_type":"article","og_title":"Galerie vid\u00e9o | Jardines de Zoraya","og_description":"Souvenez-vous de votre exp\u00e9rience en regardant les meilleures vid\u00e9os de nos spectacles en direct. Appr\u00e9ciez l'art du flamenco.","og_url":"https:\/\/flamencogranada.com\/fr\/galerie-video\/","og_site_name":"Jardines de Zoraya","article_publisher":"https:\/\/www.facebook.com\/RestauranteFlamencoGranada\/","article_modified_time":"2025-07-14T16:27:55+00:00","og_image":[{"width":400,"height":250,"url":"https:\/\/flamencogranada.com\/wp-content\/uploads\/2024\/07\/Jardines_Zoraya_Show_granada_flamenco.webp?wsr","type":"image\/webp"}],"twitter_card":"summary_large_image","twitter_misc":{"Dur\u00e9e de lecture estim\u00e9e":"1 minute"},"schema":{"@context":"https:\/\/schema.org","@graph":[{"@type":"WebPage","@id":"https:\/\/flamencogranada.com\/fr\/galerie-video\/","url":"https:\/\/flamencogranada.com\/fr\/galerie-video\/","name":"Galerie vid\u00e9o | Jardines de Zoraya","isPartOf":{"@id":"https:\/\/flamencogranada.com\/fr\/#website"},"datePublished":"2024-06-25T13:10:46+00:00","dateModified":"2025-07-14T16:27:55+00:00","description":"Souvenez-vous de votre exp\u00e9rience en regardant les meilleures vid\u00e9os de nos spectacles en direct. Appr\u00e9ciez l'art du flamenco.","breadcrumb":{"@id":"https:\/\/flamencogranada.com\/fr\/galerie-video\/#breadcrumb"},"inLanguage":"fr-FR","potentialAction":[{"@type":"ReadAction","target":["https:\/\/flamencogranada.com\/fr\/galerie-video\/"]}]},{"@type":"BreadcrumbList","@id":"https:\/\/flamencogranada.com\/fr\/galerie-video\/#breadcrumb","itemListElement":[{"@type":"ListItem","position":1,"name":"Accueil","item":"https:\/\/flamencogranada.com\/fr\/"},{"@type":"ListItem","position":2,"name":"Galerie vid\u00e9o"}]},{"@type":"WebSite","@id":"https:\/\/flamencogranada.com\/fr\/#website","url":"https:\/\/flamencogranada.com\/fr\/","name":"Jardines Zoraya","description":"Aut\u00e9ntico espect\u00e1culo flamenco en Granada para disfrutar del arte y el baile mientras degustas platos andaluces tradicionales en un tablao en el Albaic\u00edn.","publisher":{"@id":"https:\/\/flamencogranada.com\/fr\/#organization"},"alternateName":"Flamenco en Granada","potentialAction":[{"@type":"SearchAction","target":{"@type":"EntryPoint","urlTemplate":"https:\/\/flamencogranada.com\/fr\/?s={search_term_string}"},"query-input":{"@type":"PropertyValueSpecification","valueRequired":true,"valueName":"search_term_string"}}],"inLanguage":"fr-FR"},{"@type":"Organization","@id":"https:\/\/flamencogranada.com\/fr\/#organization","name":"Jardines de Zoraya Flamenco Granada","alternateName":"Jardines de Zoraya","url":"https:\/\/flamencogranada.com\/fr\/","logo":{"@type":"ImageObject","inLanguage":"fr-FR","@id":"https:\/\/flamencogranada.com\/fr\/#\/schema\/logo\/image\/","url":"https:\/\/flamencogranada.com\/wp-content\/uploads\/2024\/06\/logo-invertido.png?wsr","contentUrl":"https:\/\/flamencogranada.com\/wp-content\/uploads\/2024\/06\/logo-invertido.png?wsr","width":208,"height":102,"caption":"Jardines de Zoraya Flamenco Granada"},"image":{"@id":"https:\/\/flamencogranada.com\/fr\/#\/schema\/logo\/image\/"},"sameAs":["https:\/\/www.facebook.com\/RestauranteFlamencoGranada\/","https:\/\/www.instagram.com\/tablaojardinesdezoraya\/","https:\/\/www.tiktok.com\/@flamencogranada"]}]}},"_links":{"self":[{"href":"https:\/\/flamencogranada.com\/fr\/wp-json\/wp\/v2\/pages\/28143","targetHints":{"allow":["GET"]}}],"collection":[{"href":"https:\/\/flamencogranada.com\/fr\/wp-json\/wp\/v2\/pages"}],"about":[{"href":"https:\/\/flamencogranada.com\/fr\/wp-json\/wp\/v2\/types\/page"}],"author":[{"embeddable":true,"href":"https:\/\/flamencogranada.com\/fr\/wp-json\/wp\/v2\/users\/8"}],"replies":[{"embeddable":true,"href":"https:\/\/flamencogranada.com\/fr\/wp-json\/wp\/v2\/comments?post=28143"}],"version-history":[{"count":0,"href":"https:\/\/flamencogranada.com\/fr\/wp-json\/wp\/v2\/pages\/28143\/revisions"}],"wp:attachment":[{"href":"https:\/\/flamencogranada.com\/fr\/wp-json\/wp\/v2\/media?parent=28143"}],"curies":[{"name":"wp","href":"https:\/\/api.w.org\/{rel}","templated":true}]}}