{"id":32850,"date":"2024-11-05T13:23:15","date_gmt":"2024-11-05T12:23:15","guid":{"rendered":"https:\/\/flamencogranada.com\/schenken-sie-ein-unvergessliches-erlebnis\/"},"modified":"2026-03-25T20:22:27","modified_gmt":"2026-03-25T19:22:27","slug":"schenken-sie-ein-unvergessliches-erlebnis","status":"publish","type":"page","link":"https:\/\/flamencogranada.com\/de\/schenken-sie-ein-unvergessliches-erlebnis\/","title":{"rendered":"Schenken Sie ein unvergessliches Erlebnis"},"content":{"rendered":"\t\t<div data-elementor-type=\"wp-page\" data-elementor-id=\"32850\" class=\"elementor elementor-32850 elementor-32810\" data-elementor-post-type=\"page\">\n\t\t\t\t<div class=\"elementor-element elementor-element-f3911c9 e-flex e-con-boxed e-con e-parent\" data-id=\"f3911c9\" data-element_type=\"container\" data-e-type=\"container\" data-settings=\"{&quot;background_background&quot;:&quot;classic&quot;}\">\n\t\t\t\t\t<div class=\"e-con-inner\">\n\t\t\t\t<div class=\"elementor-element elementor-element-860c222 elementor-widget elementor-widget-breadcrumbs\" data-id=\"860c222\" data-element_type=\"widget\" data-e-type=\"widget\" data-widget_type=\"breadcrumbs.default\">\n\t\t\t\t<div class=\"elementor-widget-container\">\n\t\t\t\t\t<p id=\"breadcrumbs\"><span><span><a href=\"https:\/\/flamencogranada.com\/de\/\">Startseite<\/a><\/span><\/span><\/p>\t\t\t\t<\/div>\n\t\t\t\t<\/div>\n\t\t<div class=\"elementor-element elementor-element-6bf79c3 e-con-full e-flex e-con e-child\" data-id=\"6bf79c3\" data-element_type=\"container\" data-e-type=\"container\">\n\t\t\t\t<div class=\"elementor-element elementor-element-a3e09a9 elementor-widget elementor-widget-heading\" data-id=\"a3e09a9\" data-element_type=\"widget\" data-e-type=\"widget\" data-widget_type=\"heading.default\">\n\t\t\t\t<div class=\"elementor-widget-container\">\n\t\t\t\t\t<h1 class=\"elementor-heading-title elementor-size-default\">Schenken Sie ein unvergessliches Erlebnis<\/h1>\t\t\t\t<\/div>\n\t\t\t\t<\/div>\n\t\t\t\t<\/div>\n\t\t\t\t<div class=\"elementor-element elementor-element-56cf5b3 elementor-widget elementor-widget-spacer\" data-id=\"56cf5b3\" data-element_type=\"widget\" data-e-type=\"widget\" data-widget_type=\"spacer.default\">\n\t\t\t\t<div class=\"elementor-widget-container\">\n\t\t\t\t\t\t\t<div class=\"elementor-spacer\">\n\t\t\t<div class=\"elementor-spacer-inner\"><\/div>\n\t\t<\/div>\n\t\t\t\t\t\t<\/div>\n\t\t\t\t<\/div>\n\t\t\t\t\t<\/div>\n\t\t\t\t<\/div>\n\t\t<div class=\"elementor-element elementor-element-524eeda e-flex e-con-boxed e-con e-parent\" data-id=\"524eeda\" data-element_type=\"container\" data-e-type=\"container\">\n\t\t\t\t\t<div class=\"e-con-inner\">\n\t\t<div class=\"elementor-element elementor-element-8c643ff e-con-full e-flex e-con e-child\" data-id=\"8c643ff\" data-element_type=\"container\" data-e-type=\"container\" data-settings=\"{&quot;background_background&quot;:&quot;classic&quot;}\">\n\t\t\t\t<\/div>\n\t\t<div class=\"elementor-element elementor-element-fefca64 e-con-full e-flex e-con e-child\" data-id=\"fefca64\" data-element_type=\"container\" data-e-type=\"container\">\n\t\t\t\t<div class=\"elementor-element elementor-element-1a14a6e elementor-widget elementor-widget-text-editor\" data-id=\"1a14a6e\" data-element_type=\"widget\" data-e-type=\"widget\" data-widget_type=\"text-editor.default\">\n\t\t\t\t<div class=\"elementor-widget-container\">\n\t\t\t\t\t\t\t\t\t<p>Es gibt nichts Sch\u00f6neres, als Erlebnisse zu schenken, an die man sich ein Leben lang erinnert. Deshalb bieten wir Ihnen bei Alegria Flamenco die M\u00f6glichkeit, eine Nacht in einem authentischen Flamenco-Tablao inklusive Abendessen zu verschenken, ohne dass Sie sich auf bestimmte Termine festlegen m\u00fcssen. Geben Sie Ihren G\u00e4sten die Freiheit zu w\u00e4hlen, wann sie dieses Erlebnis genie\u00dfen m\u00f6chten. <\/p>\n<p>Sie wissen nicht, was Sie zum Jahrestag, zu Weihnachten oder zur Hochzeit schenken sollen? Sie suchen nach einem besonderen Geschenk f\u00fcr Ihre Schwiegereltern, Freunde, Partner oder Familie? Wir von Alegr\u00eda Flamenco haben das ideale Geschenk f\u00fcr die Gelegenheiten, bei denen Sie etwas wirklich Besonderes und Originelles suchen.  <\/p>\n\t\t\t\t\t\t\t\t<\/div>\n\t\t\t\t<\/div>\n\t\t\t\t<div class=\"elementor-element elementor-element-9e84ab7 elementor-mobile-align-justify elementor-widget-mobile__width-inherit elementor-widget elementor-widget-button\" data-id=\"9e84ab7\" data-element_type=\"widget\" data-e-type=\"widget\" data-widget_type=\"button.default\">\n\t\t\t\t<div class=\"elementor-widget-container\">\n\t\t\t\t\t\t\t\t\t<div class=\"elementor-button-wrapper\">\n\t\t\t\t\t<a class=\"elementor-button elementor-button-link elementor-size-sm\" href=\"https:\/\/show.flamencogranada.com\/es\/850-regala\/5368-regala-espectaculo\">\n\t\t\t\t\t\t<span class=\"elementor-button-content-wrapper\">\n\t\t\t\t\t\t\t\t\t<span class=\"elementor-button-text\">GESCHENKKKARTE<\/span>\n\t\t\t\t\t<\/span>\n\t\t\t\t\t<\/a>\n\t\t\t\t<\/div>\n\t\t\t\t\t\t\t\t<\/div>\n\t\t\t\t<\/div>\n\t\t\t\t<\/div>\n\t\t\t\t\t<\/div>\n\t\t\t\t<\/div>\n\t\t<div class=\"elementor-element elementor-element-80c3cd3 e-flex e-con-boxed e-con e-parent\" data-id=\"80c3cd3\" data-element_type=\"container\" data-e-type=\"container\" data-settings=\"{&quot;background_background&quot;:&quot;classic&quot;}\">\n\t\t\t\t\t<div class=\"e-con-inner\">\n\t\t<div class=\"elementor-element elementor-element-22dbb8a e-con-full e-flex e-con e-child\" data-id=\"22dbb8a\" data-element_type=\"container\" data-e-type=\"container\">\n\t\t<div class=\"elementor-element elementor-element-6ef36b9 e-con-full e-flex e-con e-child\" data-id=\"6ef36b9\" data-element_type=\"container\" data-e-type=\"container\">\n\t\t\t\t<div class=\"elementor-element elementor-element-86d1b60 elementor-widget elementor-widget-heading\" data-id=\"86d1b60\" data-element_type=\"widget\" data-e-type=\"widget\" data-widget_type=\"heading.default\">\n\t\t\t\t<div class=\"elementor-widget-container\">\n\t\t\t\t\t<h2 class=\"elementor-heading-title elementor-size-default\">\u00dcberraschen Sie mit einer Flamenco-Show zum Abendessen<\/h2>\t\t\t\t<\/div>\n\t\t\t\t<\/div>\n\t\t\t\t<div class=\"elementor-element elementor-element-10fbfcf elementor-widget elementor-widget-text-editor\" data-id=\"10fbfcf\" data-element_type=\"widget\" data-e-type=\"widget\" data-widget_type=\"text-editor.default\">\n\t\t\t\t<div class=\"elementor-widget-container\">\n\t\t\t\t\t\t\t\t\t<p>Unsere Show bringt renommierte Flamenco-K\u00fcnstler zusammen und garantiert ein einzigartiges Erlebnis f\u00fcr den Zuschauer. Ein perfektes Geschenk f\u00fcr Flamenco-Liebhaber, aber auch f\u00fcr jeden, der einen anderen und magischen Abend erleben m\u00f6chte. <\/p>\n<p>Dar\u00fcber hinaus bieten wir in unserem Restaurant eine gro\u00dfe Auswahl an traditionellen andalusischen und spanischen Gerichten, die mit frischen Zutaten zubereitet werden. Auf diese Weise k\u00f6nnen unsere G\u00e4ste nicht nur die Kunst des Flamenco genie\u00dfen, sondern auch ein gastronomisches Erlebnis, das sie nie vergessen werden. <\/p>\n<p>Die Atmosph\u00e4re sowohl im Garten als auch im Tablao ist warm und intim, perfekt f\u00fcr Abendessen mit Ihrem Partner oder Feiern mit Freunden und Familie. Die Zoraya G\u00e4rten sind der ideale Rahmen f\u00fcr einen unvergesslichen Abend. <\/p>\n\t\t\t\t\t\t\t\t<\/div>\n\t\t\t\t<\/div>\n\t\t\t\t<\/div>\n\t\t<div class=\"elementor-element elementor-element-a5b6221 e-con-full e-flex e-con e-child\" data-id=\"a5b6221\" data-element_type=\"container\" data-e-type=\"container\" data-settings=\"{&quot;background_background&quot;:&quot;slideshow&quot;,&quot;background_slideshow_gallery&quot;:[{&quot;id&quot;:31237,&quot;url&quot;:&quot;https:\\\/\\\/flamencogranada.com\\\/wp-content\\\/uploads\\\/2024\\\/08\\\/salmonrejo-1.jpg&quot;},{&quot;id&quot;:31196,&quot;url&quot;:&quot;https:\\\/\\\/flamencogranada.com\\\/wp-content\\\/uploads\\\/2024\\\/08\\\/croquetas.jpg&quot;},{&quot;id&quot;:31247,&quot;url&quot;:&quot;https:\\\/\\\/flamencogranada.com\\\/wp-content\\\/uploads\\\/2024\\\/08\\\/flamenco-restaurante-malaga6428.webp&quot;},{&quot;id&quot;:31242,&quot;url&quot;:&quot;https:\\\/\\\/flamencogranada.com\\\/wp-content\\\/uploads\\\/2024\\\/08\\\/flamenco-restaurante-malaga-6313.webp&quot;},{&quot;id&quot;:31227,&quot;url&quot;:&quot;https:\\\/\\\/flamencogranada.com\\\/wp-content\\\/uploads\\\/2024\\\/08\\\/flamenco-restaurante-malaga-6417.webp&quot;},{&quot;id&quot;:32823,&quot;url&quot;:&quot;https:\\\/\\\/flamencogranada.com\\\/wp-content\\\/uploads\\\/2024\\\/11\\\/comida_014.jpg&quot;}],&quot;background_slideshow_loop&quot;:&quot;yes&quot;,&quot;background_slideshow_slide_duration&quot;:5000,&quot;background_slideshow_slide_transition&quot;:&quot;fade&quot;,&quot;background_slideshow_transition_duration&quot;:500}\">\n\t\t\t\t<\/div>\n\t\t\t\t<\/div>\n\t\t\t\t\t<\/div>\n\t\t\t\t<\/div>\n\t\t<div class=\"elementor-element elementor-element-7c2f7f3 e-flex e-con-boxed e-con e-parent\" data-id=\"7c2f7f3\" data-element_type=\"container\" data-e-type=\"container\" data-settings=\"{&quot;background_background&quot;:&quot;classic&quot;}\">\n\t\t\t\t\t<div class=\"e-con-inner\">\n\t\t<div class=\"elementor-element elementor-element-dc21605 e-con-full e-flex e-con e-child\" data-id=\"dc21605\" data-element_type=\"container\" data-e-type=\"container\">\n\t\t<div class=\"elementor-element elementor-element-b57f73d e-con-full e-flex e-con e-child\" data-id=\"b57f73d\" data-element_type=\"container\" data-e-type=\"container\">\n\t\t<div class=\"elementor-element elementor-element-e83c45b e-con-full e-flex e-con e-child\" data-id=\"e83c45b\" data-element_type=\"container\" data-e-type=\"container\">\n\t\t\t\t<div class=\"elementor-element elementor-element-ab433de elementor-widget__width-initial elementor-widget elementor-widget-heading\" data-id=\"ab433de\" data-element_type=\"widget\" data-e-type=\"widget\" data-widget_type=\"heading.default\">\n\t\t\t\t<div class=\"elementor-widget-container\">\n\t\t\t\t\t<h2 class=\"elementor-heading-title elementor-size-default\">Schritte, um eine Flamenco-Show zu verschenken<\/h2>\t\t\t\t<\/div>\n\t\t\t\t<\/div>\n\t\t\t\t<div class=\"elementor-element elementor-element-27e284c elementor-widget-mobile__width-inherit elementor-widget elementor-widget-text-editor\" data-id=\"27e284c\" data-element_type=\"widget\" data-e-type=\"widget\" data-widget_type=\"text-editor.default\">\n\t\t\t\t<div class=\"elementor-widget-container\">\n\t\t\t\t\t\t\t\t\tDieses Erlebnis bei Alegr\u00eda Flamenco &amp; Gastronom\u00eda zu verschenken, ist ganz einfach: W\u00e4hlen Sie die Anzahl der Personen, die teilnehmen werden, entscheiden Sie, ob Sie ein Abendessen einschlie\u00dfen m\u00f6chten, und nehmen Sie die Zahlung vor.\nDer Beschenkte kann den Tag und die Uhrzeit w\u00e4hlen, die ihm am besten passen. Eine Flamenco-Show ist eine ideale Option f\u00fcr einen unsichtbaren Freund, einen Geburtstag oder einen anderen besonderen Anlass. \n\t\t\t\t\t\t\t\t<\/div>\n\t\t\t\t<\/div>\n\t\t\t\t<div class=\"elementor-element elementor-element-8517931 elementor-widget elementor-widget-heading\" data-id=\"8517931\" data-element_type=\"widget\" data-e-type=\"widget\" data-widget_type=\"heading.default\">\n\t\t\t\t<div class=\"elementor-widget-container\">\n\t\t\t\t\t<h3 class=\"elementor-heading-title elementor-size-default\">KONDITIONS<\/h3>\t\t\t\t<\/div>\n\t\t\t\t<\/div>\n\t\t\t\t<div class=\"elementor-element elementor-element-ee11773 elementor-widget-mobile__width-inherit elementor-widget elementor-widget-text-editor\" data-id=\"ee11773\" data-element_type=\"widget\" data-e-type=\"widget\" data-widget_type=\"text-editor.default\">\n\t\t\t\t<div class=\"elementor-widget-container\">\n\t\t\t\t\t\t\t\t\tGeschenkkarten m\u00fcssen innerhalb von 12 Monaten nach dem Kauf eingel\u00f6st werden. Es ist ratsam, mindestens 3 Tage vor der Show zu buchen, um die Verf\u00fcgbarkeit sicherzustellen. Die Reservierung ist obligatorisch, bevor Sie den Tablao besuchen.  \n\t\t\t\t\t\t\t\t<\/div>\n\t\t\t\t<\/div>\n\t\t\t\t<div class=\"elementor-element elementor-element-f649c8f elementor-align-left elementor-mobile-align-justify elementor-widget elementor-widget-button\" data-id=\"f649c8f\" data-element_type=\"widget\" data-e-type=\"widget\" data-widget_type=\"button.default\">\n\t\t\t\t<div class=\"elementor-widget-container\">\n\t\t\t\t\t\t\t\t\t<div class=\"elementor-button-wrapper\">\n\t\t\t\t\t<a class=\"elementor-button elementor-button-link elementor-size-sm\" href=\"https:\/\/show.flamencogranada.com\/es\/850-regala\/5368-regala-espectaculo\" target=\"_blank\">\n\t\t\t\t\t\t<span class=\"elementor-button-content-wrapper\">\n\t\t\t\t\t\t<span class=\"elementor-button-icon\">\n\t\t\t\t<svg aria-hidden=\"true\" class=\"e-font-icon-svg e-fas-ticket-alt\" viewBox=\"0 0 576 512\" xmlns=\"http:\/\/www.w3.org\/2000\/svg\"><path d=\"M128 160h320v192H128V160zm400 96c0 26.51 21.49 48 48 48v96c0 26.51-21.49 48-48 48H48c-26.51 0-48-21.49-48-48v-96c26.51 0 48-21.49 48-48s-21.49-48-48-48v-96c0-26.51 21.49-48 48-48h480c26.51 0 48 21.49 48 48v96c-26.51 0-48 21.49-48 48zm-48-104c0-13.255-10.745-24-24-24H120c-13.255 0-24 10.745-24 24v208c0 13.255 10.745 24 24 24h336c13.255 0 24-10.745 24-24V152z\"><\/path><\/svg>\t\t\t<\/span>\n\t\t\t\t\t\t\t\t\t<span class=\"elementor-button-text\">jetzt buchen<\/span>\n\t\t\t\t\t<\/span>\n\t\t\t\t\t<\/a>\n\t\t\t\t<\/div>\n\t\t\t\t\t\t\t\t<\/div>\n\t\t\t\t<\/div>\n\t\t\t\t<\/div>\n\t\t\t\t<\/div>\n\t\t\t\t<\/div>\n\t\t\t\t\t<\/div>\n\t\t\t\t<\/div>\n\t\t\t\t<\/div>\n\t\t","protected":false},"excerpt":{"rendered":"<p>Schenken Sie ein unvergessliches Erlebnis Es gibt nichts Sch\u00f6neres, als Erlebnisse zu schenken, an die man sich ein Leben lang erinnert. Deshalb bieten wir Ihnen bei Alegria Flamenco die M\u00f6glichkeit, eine Nacht in einem authentischen Flamenco-Tablao inklusive Abendessen zu verschenken, ohne dass Sie sich auf bestimmte Termine festlegen m\u00fcssen. Geben Sie Ihren G\u00e4sten die Freiheit [&hellip;]<\/p>\n","protected":false},"author":8,"featured_media":0,"parent":0,"menu_order":0,"comment_status":"closed","ping_status":"closed","template":"","meta":{"_acf_changed":false,"footnotes":""},"class_list":["post-32850","page","type-page","status-publish","hentry"],"acf":[],"yoast_head":"<!-- This site is optimized with the Yoast SEO plugin v27.3 - https:\/\/yoast.com\/product\/yoast-seo-wordpress\/ -->\n<title>Schenken Sie ein Flamenco-Erlebnis | Los Jardines de Zoraya<\/title>\n<meta name=\"description\" content=\"Verschenken Sie ein einzigartiges Flamenco-Erlebnis. Ideal f\u00fcr Jubil\u00e4en, Weihnachten oder besondere Anl\u00e4sse, ist es das perfekte Geschenk f\u00fcr jede Gelegenheit.\" \/>\n<meta name=\"robots\" content=\"noindex, follow\" \/>\n<meta property=\"og:locale\" content=\"de_DE\" \/>\n<meta property=\"og:type\" content=\"article\" \/>\n<meta property=\"og:title\" content=\"Schenken Sie ein Flamenco-Erlebnis | Los Jardines de Zoraya\" \/>\n<meta property=\"og:description\" content=\"Verschenken Sie ein einzigartiges Flamenco-Erlebnis. Ideal f\u00fcr Jubil\u00e4en, Weihnachten oder besondere Anl\u00e4sse, ist es das perfekte Geschenk f\u00fcr jede Gelegenheit.\" \/>\n<meta property=\"og:url\" content=\"https:\/\/flamencogranada.com\/de\/schenken-sie-ein-unvergessliches-erlebnis\/\" \/>\n<meta property=\"og:site_name\" content=\"Jardines de Zoraya\" \/>\n<meta property=\"article:publisher\" content=\"https:\/\/www.facebook.com\/RestauranteFlamencoGranada\/\" \/>\n<meta property=\"article:modified_time\" content=\"2026-03-25T19:22:27+00:00\" \/>\n<meta property=\"og:image\" content=\"https:\/\/flamencogranada.com\/wp-content\/uploads\/2024\/07\/Jardines_Zoraya_Show_granada_flamenco.webp?wsr\" \/>\n\t<meta property=\"og:image:width\" content=\"400\" \/>\n\t<meta property=\"og:image:height\" content=\"250\" \/>\n\t<meta property=\"og:image:type\" content=\"image\/webp\" \/>\n<meta name=\"twitter:card\" content=\"summary_large_image\" \/>\n<meta name=\"twitter:label1\" content=\"Gesch\u00e4tzte Lesezeit\" \/>\n\t<meta name=\"twitter:data1\" content=\"2 Minuten\" \/>\n<!-- \/ Yoast SEO plugin. -->","yoast_head_json":{"title":"Schenken Sie ein Flamenco-Erlebnis | Los Jardines de Zoraya","description":"Verschenken Sie ein einzigartiges Flamenco-Erlebnis. Ideal f\u00fcr Jubil\u00e4en, Weihnachten oder besondere Anl\u00e4sse, ist es das perfekte Geschenk f\u00fcr jede Gelegenheit.","robots":{"index":"noindex","follow":"follow"},"og_locale":"de_DE","og_type":"article","og_title":"Schenken Sie ein Flamenco-Erlebnis | Los Jardines de Zoraya","og_description":"Verschenken Sie ein einzigartiges Flamenco-Erlebnis. Ideal f\u00fcr Jubil\u00e4en, Weihnachten oder besondere Anl\u00e4sse, ist es das perfekte Geschenk f\u00fcr jede Gelegenheit.","og_url":"https:\/\/flamencogranada.com\/de\/schenken-sie-ein-unvergessliches-erlebnis\/","og_site_name":"Jardines de Zoraya","article_publisher":"https:\/\/www.facebook.com\/RestauranteFlamencoGranada\/","article_modified_time":"2026-03-25T19:22:27+00:00","og_image":[{"width":400,"height":250,"url":"https:\/\/flamencogranada.com\/wp-content\/uploads\/2024\/07\/Jardines_Zoraya_Show_granada_flamenco.webp?wsr","type":"image\/webp"}],"twitter_card":"summary_large_image","twitter_misc":{"Gesch\u00e4tzte Lesezeit":"2 Minuten"},"schema":{"@context":"https:\/\/schema.org","@graph":[{"@type":"WebPage","@id":"https:\/\/flamencogranada.com\/de\/schenken-sie-ein-unvergessliches-erlebnis\/","url":"https:\/\/flamencogranada.com\/de\/schenken-sie-ein-unvergessliches-erlebnis\/","name":"Schenken Sie ein Flamenco-Erlebnis | Los Jardines de Zoraya","isPartOf":{"@id":"https:\/\/flamencogranada.com\/de\/#website"},"datePublished":"2024-11-05T12:23:15+00:00","dateModified":"2026-03-25T19:22:27+00:00","description":"Verschenken Sie ein einzigartiges Flamenco-Erlebnis. Ideal f\u00fcr Jubil\u00e4en, Weihnachten oder besondere Anl\u00e4sse, ist es das perfekte Geschenk f\u00fcr jede Gelegenheit.","breadcrumb":{"@id":"https:\/\/flamencogranada.com\/de\/schenken-sie-ein-unvergessliches-erlebnis\/#breadcrumb"},"inLanguage":"de","potentialAction":[{"@type":"ReadAction","target":["https:\/\/flamencogranada.com\/de\/schenken-sie-ein-unvergessliches-erlebnis\/"]}]},{"@type":"BreadcrumbList","@id":"https:\/\/flamencogranada.com\/de\/schenken-sie-ein-unvergessliches-erlebnis\/#breadcrumb","itemListElement":[{"@type":"ListItem","position":1,"name":"Startseite","item":"https:\/\/flamencogranada.com\/de\/"},{"@type":"ListItem","position":2,"name":"Schenken Sie ein unvergessliches Erlebnis"}]},{"@type":"WebSite","@id":"https:\/\/flamencogranada.com\/de\/#website","url":"https:\/\/flamencogranada.com\/de\/","name":"Jardines Zoraya","description":"Aut\u00e9ntico espect\u00e1culo flamenco en Granada para disfrutar del arte y el baile mientras degustas platos andaluces tradicionales en un tablao en el Albaic\u00edn.","publisher":{"@id":"https:\/\/flamencogranada.com\/de\/#organization"},"alternateName":"Flamenco en Granada","potentialAction":[{"@type":"SearchAction","target":{"@type":"EntryPoint","urlTemplate":"https:\/\/flamencogranada.com\/de\/?s={search_term_string}"},"query-input":{"@type":"PropertyValueSpecification","valueRequired":true,"valueName":"search_term_string"}}],"inLanguage":"de"},{"@type":"Organization","@id":"https:\/\/flamencogranada.com\/de\/#organization","name":"Jardines de Zoraya Flamenco Granada","alternateName":"Jardines de Zoraya","url":"https:\/\/flamencogranada.com\/de\/","logo":{"@type":"ImageObject","inLanguage":"de","@id":"https:\/\/flamencogranada.com\/de\/#\/schema\/logo\/image\/","url":"https:\/\/flamencogranada.com\/wp-content\/uploads\/2024\/06\/logo-invertido.png?wsr","contentUrl":"https:\/\/flamencogranada.com\/wp-content\/uploads\/2024\/06\/logo-invertido.png?wsr","width":208,"height":102,"caption":"Jardines de Zoraya Flamenco Granada"},"image":{"@id":"https:\/\/flamencogranada.com\/de\/#\/schema\/logo\/image\/"},"sameAs":["https:\/\/www.facebook.com\/RestauranteFlamencoGranada\/","https:\/\/www.instagram.com\/tablaojardinesdezoraya\/","https:\/\/www.tiktok.com\/@flamencogranada"]}]}},"_links":{"self":[{"href":"https:\/\/flamencogranada.com\/de\/wp-json\/wp\/v2\/pages\/32850","targetHints":{"allow":["GET"]}}],"collection":[{"href":"https:\/\/flamencogranada.com\/de\/wp-json\/wp\/v2\/pages"}],"about":[{"href":"https:\/\/flamencogranada.com\/de\/wp-json\/wp\/v2\/types\/page"}],"author":[{"embeddable":true,"href":"https:\/\/flamencogranada.com\/de\/wp-json\/wp\/v2\/users\/8"}],"replies":[{"embeddable":true,"href":"https:\/\/flamencogranada.com\/de\/wp-json\/wp\/v2\/comments?post=32850"}],"version-history":[{"count":1,"href":"https:\/\/flamencogranada.com\/de\/wp-json\/wp\/v2\/pages\/32850\/revisions"}],"predecessor-version":[{"id":37641,"href":"https:\/\/flamencogranada.com\/de\/wp-json\/wp\/v2\/pages\/32850\/revisions\/37641"}],"wp:attachment":[{"href":"https:\/\/flamencogranada.com\/de\/wp-json\/wp\/v2\/media?parent=32850"}],"curies":[{"name":"wp","href":"https:\/\/api.w.org\/{rel}","templated":true}]}}