{"id":32628,"date":"2024-10-31T08:15:33","date_gmt":"2024-10-31T07:15:33","guid":{"rendered":"https:\/\/flamencogranada.com\/wie-sie-zu-los-jardines-de-zoraya-kommen\/"},"modified":"2025-07-14T17:47:03","modified_gmt":"2025-07-14T15:47:03","slug":"bindung-geschenk-flamenco-show","status":"publish","type":"page","link":"https:\/\/flamencogranada.com\/de\/bindung-geschenk-flamenco-show\/","title":{"rendered":"Wie Sie zu Los Jardines de Zoraya kommen"},"content":{"rendered":"\t\t<div data-elementor-type=\"wp-page\" data-elementor-id=\"32628\" class=\"elementor elementor-32628 elementor-32591\" data-elementor-post-type=\"page\">\n\t\t\t\t<div class=\"elementor-element elementor-element-56be9e1 e-flex e-con-boxed e-con e-parent\" data-id=\"56be9e1\" data-element_type=\"container\" data-e-type=\"container\" data-settings=\"{&quot;background_background&quot;:&quot;classic&quot;}\">\n\t\t\t\t\t<div class=\"e-con-inner\">\n\t\t\t\t<div class=\"elementor-element elementor-element-87dc4ae elementor-widget elementor-widget-breadcrumbs\" data-id=\"87dc4ae\" data-element_type=\"widget\" data-e-type=\"widget\" data-widget_type=\"breadcrumbs.default\">\n\t\t\t\t<div class=\"elementor-widget-container\">\n\t\t\t\t\t<p id=\"breadcrumbs\"><span><span><a href=\"https:\/\/flamencogranada.com\/de\/\">Startseite<\/a><\/span><\/span><\/p>\t\t\t\t<\/div>\n\t\t\t\t<\/div>\n\t\t<div class=\"elementor-element elementor-element-f2cb584 e-con-full e-flex e-con e-child\" data-id=\"f2cb584\" data-element_type=\"container\" data-e-type=\"container\">\n\t\t\t\t<div class=\"elementor-element elementor-element-eedf65a elementor-widget elementor-widget-heading\" data-id=\"eedf65a\" data-element_type=\"widget\" data-e-type=\"widget\" data-widget_type=\"heading.default\">\n\t\t\t\t<div class=\"elementor-widget-container\">\n\t\t\t\t\t<h1 class=\"elementor-heading-title elementor-size-default\">Wie Sie zu Los Jardines de Zoraya kommen<\/h1>\t\t\t\t<\/div>\n\t\t\t\t<\/div>\n\t\t\t\t<\/div>\n\t\t\t\t<div class=\"elementor-element elementor-element-1deab9c elementor-widget elementor-widget-spacer\" data-id=\"1deab9c\" data-element_type=\"widget\" data-e-type=\"widget\" data-widget_type=\"spacer.default\">\n\t\t\t\t<div class=\"elementor-widget-container\">\n\t\t\t\t\t\t\t<div class=\"elementor-spacer\">\n\t\t\t<div class=\"elementor-spacer-inner\"><\/div>\n\t\t<\/div>\n\t\t\t\t\t\t<\/div>\n\t\t\t\t<\/div>\n\t\t\t\t\t<\/div>\n\t\t\t\t<\/div>\n\t\t<div class=\"elementor-element elementor-element-57b8f6f e-flex e-con-boxed e-con e-parent\" data-id=\"57b8f6f\" data-element_type=\"container\" data-e-type=\"container\">\n\t\t\t\t\t<div class=\"e-con-inner\">\n\t\t<div class=\"elementor-element elementor-element-e48e7df e-con-full e-flex e-con e-child\" data-id=\"e48e7df\" data-element_type=\"container\" data-e-type=\"container\">\n\t\t\t\t<div class=\"elementor-element elementor-element-40c98ed elementor-widget elementor-widget-text-editor\" data-id=\"40c98ed\" data-element_type=\"widget\" data-e-type=\"widget\" data-widget_type=\"text-editor.default\">\n\t\t\t\t<div class=\"elementor-widget-container\">\n\t\t\t\t\t\t\t\t\t<p><span style=\"font-weight: 400;\">Unser Tablao befindet sich in der Calle Panaderos, 32, 18010 Granada, in einer der authentischsten Gegenden der Stadt, im Herzen des Viertels Albaic\u00edn und ganz in der N\u00e4he des historischen Zentrums von Granada. Es verf\u00fcgt \u00fcber eine Terrasse hinter der alten Moschee von Albaic\u00edn. Hier sind einige Anweisungen von nahegelegenen Orientierungspunkten, damit Sie uns leicht finden k\u00f6nnen:<\/span><\/p>\t\t\t\t\t\t\t\t<\/div>\n\t\t\t\t<\/div>\n\t\t\t\t<\/div>\n\t\t\t\t\t<\/div>\n\t\t\t\t<\/div>\n\t\t<div class=\"elementor-element elementor-element-973db8b e-flex e-con-boxed e-con e-parent\" data-id=\"973db8b\" data-element_type=\"container\" data-e-type=\"container\">\n\t\t\t\t\t<div class=\"e-con-inner\">\n\t\t<div class=\"elementor-element elementor-element-4a59866 e-con-full e-flex e-con e-child\" data-id=\"4a59866\" data-element_type=\"container\" data-e-type=\"container\">\n\t\t\t\t<div class=\"elementor-element elementor-element-bbbe8ac elementor-widget elementor-widget-google_maps\" data-id=\"bbbe8ac\" data-element_type=\"widget\" data-e-type=\"widget\" data-widget_type=\"google_maps.default\">\n\t\t\t\t<div class=\"elementor-widget-container\">\n\t\t\t\t\t\t\t<div class=\"elementor-custom-embed\">\n\t\t\t<iframe loading=\"lazy\"\n\t\t\t\t\tsrc=\"https:\/\/maps.google.com\/maps?q=C.%20Panaderos%2C%2032%2C%20Albaic%C3%ADn%2C%2018010%20Granada&#038;t=m&#038;z=15&#038;output=embed&#038;iwloc=near\"\n\t\t\t\t\ttitle=\"C. Panaderos, 32, Albaic\u00edn, 18010 Granada\"\n\t\t\t\t\taria-label=\"C. Panaderos, 32, Albaic\u00edn, 18010 Granada\"\n\t\t\t><\/iframe>\n\t\t<\/div>\n\t\t\t\t\t\t<\/div>\n\t\t\t\t<\/div>\n\t\t\t\t<\/div>\n\t\t<div class=\"elementor-element elementor-element-fa01f81 e-con-full e-flex e-con e-child\" data-id=\"fa01f81\" data-element_type=\"container\" data-e-type=\"container\">\n\t\t\t\t<div class=\"elementor-element elementor-element-dc70753 elementor-widget-mobile__width-inherit elementor-widget elementor-widget-text-editor\" data-id=\"dc70753\" data-element_type=\"widget\" data-e-type=\"widget\" data-widget_type=\"text-editor.default\">\n\t\t\t\t<div class=\"elementor-widget-container\">\n\t\t\t\t\t\t\t\t\tVon der Plaza Nueva (7 Minuten zu Fu\u00df): \n\t\t\t\t\t\t\t\t<\/div>\n\t\t\t\t<\/div>\n\t\t\t\t<div class=\"elementor-element elementor-element-56dedc5 elementor-widget elementor-widget-text-editor\" data-id=\"56dedc5\" data-element_type=\"widget\" data-e-type=\"widget\" data-widget_type=\"text-editor.default\">\n\t\t\t\t<div class=\"elementor-widget-container\">\n\t\t\t\t\t\t\t\t\t<ol><li style=\"font-weight: 400;\" aria-level=\"2\"><span style=\"font-weight: 400;\">Gehen Sie nach Osten entlang der Carrera del Darro.\u00a0<\/span><\/li><li style=\"font-weight: 400;\" aria-level=\"2\"><span style=\"font-weight: 400;\">Biegen Sie links in die Calle Elvira ab, gehen Sie geradeaus weiter und nehmen Sie dann die Calle Panaderos. Sie finden uns bei der Nummer 32.<\/span><\/li><\/ol>\t\t\t\t\t\t\t\t<\/div>\n\t\t\t\t<\/div>\n\t\t\t\t<\/div>\n\t\t<div class=\"elementor-element elementor-element-10e1c7c e-con-full e-flex e-con e-child\" data-id=\"10e1c7c\" data-element_type=\"container\" data-e-type=\"container\">\n\t\t\t\t<div class=\"elementor-element elementor-element-e59f174 elementor-widget-mobile__width-inherit elementor-widget elementor-widget-text-editor\" data-id=\"e59f174\" data-element_type=\"widget\" data-e-type=\"widget\" data-widget_type=\"text-editor.default\">\n\t\t\t\t<div class=\"elementor-widget-container\">\n\t\t\t\t\t\t\t\t\tVom Paseo de los Tristes (10 Minuten zu Fu\u00df): \n\t\t\t\t\t\t\t\t<\/div>\n\t\t\t\t<\/div>\n\t\t\t\t<div class=\"elementor-element elementor-element-38bc43d elementor-widget elementor-widget-text-editor\" data-id=\"38bc43d\" data-element_type=\"widget\" data-e-type=\"widget\" data-widget_type=\"text-editor.default\">\n\t\t\t\t<div class=\"elementor-widget-container\">\n\t\t\t\t\t\t\t\t\t<ol><li style=\"font-weight: 400;\" aria-level=\"2\"><span style=\"font-weight: 400;\">Gehen Sie nach Westen entlang des Paseo de los Tristes, fahren Sie weiter entlang der Carrera del Darro und biegen Sie dann links in die Calle Elvira ein.\u00a0<\/span><\/li><li style=\"font-weight: 400;\" aria-level=\"2\"><span style=\"font-weight: 400;\">Von dort nehmen Sie die Calle Panaderos und sehen uns bei der Nummer 32.<\/span><\/li><\/ol>\t\t\t\t\t\t\t\t<\/div>\n\t\t\t\t<\/div>\n\t\t\t\t<\/div>\n\t\t<div class=\"elementor-element elementor-element-614a02d e-con-full e-flex e-con e-child\" data-id=\"614a02d\" data-element_type=\"container\" data-e-type=\"container\">\n\t\t\t\t<div class=\"elementor-element elementor-element-58866c0 elementor-widget-mobile__width-inherit elementor-widget elementor-widget-text-editor\" data-id=\"58866c0\" data-element_type=\"widget\" data-e-type=\"widget\" data-widget_type=\"text-editor.default\">\n\t\t\t\t<div class=\"elementor-widget-container\">\n\t\t\t\t\t\t\t\t\tVon der Alhambra (15 Minuten zu Fu\u00df): \n\t\t\t\t\t\t\t\t<\/div>\n\t\t\t\t<\/div>\n\t\t\t\t<div class=\"elementor-element elementor-element-565284d elementor-widget elementor-widget-text-editor\" data-id=\"565284d\" data-element_type=\"widget\" data-e-type=\"widget\" data-widget_type=\"text-editor.default\">\n\t\t\t\t<div class=\"elementor-widget-container\">\n\t\t\t\t\t\t\t\t\t<ol><li style=\"font-weight: 400;\" aria-level=\"2\"><span style=\"font-weight: 400;\">Gehen Sie die Cuesta de los Chinos hinunter zur Plaza Nueva.\u00a0<\/span><\/li><li style=\"font-weight: 400;\" aria-level=\"2\"><span style=\"font-weight: 400;\">Von dort folgen Sie der Carrera del Darro und nehmen die Calle Elvira, wo Sie in die Calle Panaderos einbiegen, bis Sie die Nummer 32 finden.<\/span><\/li><\/ol>\t\t\t\t\t\t\t\t<\/div>\n\t\t\t\t<\/div>\n\t\t\t\t<\/div>\n\t\t<div class=\"elementor-element elementor-element-5d9ea0a e-con-full e-flex e-con e-child\" data-id=\"5d9ea0a\" data-element_type=\"container\" data-e-type=\"container\">\n\t\t\t\t<div class=\"elementor-element elementor-element-203eee5 elementor-widget-mobile__width-inherit elementor-widget elementor-widget-text-editor\" data-id=\"203eee5\" data-element_type=\"widget\" data-e-type=\"widget\" data-widget_type=\"text-editor.default\">\n\t\t\t\t<div class=\"elementor-widget-container\">\n\t\t\t\t\t\t\t\t\tVon der Kathedrale von Granada (8 Minuten zu Fu\u00df):\u00a0\t\t\t\t\t\t\t\t<\/div>\n\t\t\t\t<\/div>\n\t\t\t\t<div class=\"elementor-element elementor-element-c960676 elementor-widget elementor-widget-text-editor\" data-id=\"c960676\" data-element_type=\"widget\" data-e-type=\"widget\" data-widget_type=\"text-editor.default\">\n\t\t\t\t<div class=\"elementor-widget-container\">\n\t\t\t\t\t\t\t\t\t<ol><li style=\"font-weight: 400;\" aria-level=\"2\"><span style=\"font-weight: 400;\">Gehen Sie nord\u00f6stlich entlang der Gran V\u00eda de Col\u00f3n und biegen Sie dann links in die Calle Elvira ein.\u00a0<\/span><\/li><li style=\"font-weight: 400;\" aria-level=\"2\"><span style=\"font-weight: 400;\">Gehen Sie geradeaus weiter und biegen Sie in die Calle Panaderos ein, bis Sie die Nummer 32 erreichen.<\/span><\/li><\/ol>\t\t\t\t\t\t\t\t<\/div>\n\t\t\t\t<\/div>\n\t\t\t\t<\/div>\n\t\t\t\t\t<\/div>\n\t\t\t\t<\/div>\n\t\t\t\t<\/div>\n\t\t","protected":false},"excerpt":{"rendered":"<p>Wie Sie zu Los Jardines de Zoraya kommen Unser Tablao befindet sich in der Calle Panaderos, 32, 18010 Granada, in einer der authentischsten Gegenden der Stadt, im Herzen des Viertels Albaic\u00edn und ganz in der N\u00e4he des historischen Zentrums von Granada. Es verf\u00fcgt \u00fcber eine Terrasse hinter der alten Moschee von Albaic\u00edn. Hier sind einige [&hellip;]<\/p>\n","protected":false},"author":8,"featured_media":0,"parent":0,"menu_order":0,"comment_status":"closed","ping_status":"closed","template":"","meta":{"_acf_changed":false,"footnotes":""},"class_list":["post-32628","page","type-page","status-publish","hentry"],"acf":[],"yoast_head":"<!-- This site is optimized with the Yoast SEO plugin v27.4 - https:\/\/yoast.com\/product\/yoast-seo-wordpress\/ -->\n<title>Wegbeschreibung zu unserem Tablao : Jardines de Zoraya<\/title>\n<meta name=\"description\" content=\"Unser Flamenco-Tablao liegt im Herzen des historischen Viertels Albaic\u00edn. Hier erfahren Sie, wie Sie uns am besten erreichen.\" \/>\n<meta name=\"robots\" content=\"index, follow, max-snippet:-1, max-image-preview:large, max-video-preview:-1\" \/>\n<link rel=\"canonical\" href=\"https:\/\/flamencogranada.com\/de\/bindung-geschenk-flamenco-show\/\" \/>\n<meta property=\"og:locale\" content=\"de_DE\" \/>\n<meta property=\"og:type\" content=\"article\" \/>\n<meta property=\"og:title\" content=\"Wegbeschreibung zu unserem Tablao : Jardines de Zoraya\" \/>\n<meta property=\"og:description\" content=\"Unser Flamenco-Tablao liegt im Herzen des historischen Viertels Albaic\u00edn. Hier erfahren Sie, wie Sie uns am besten erreichen.\" \/>\n<meta property=\"og:url\" content=\"https:\/\/flamencogranada.com\/de\/bindung-geschenk-flamenco-show\/\" \/>\n<meta property=\"og:site_name\" content=\"Jardines de Zoraya\" \/>\n<meta property=\"article:publisher\" content=\"https:\/\/www.facebook.com\/RestauranteFlamencoGranada\/\" \/>\n<meta property=\"article:modified_time\" content=\"2025-07-14T15:47:03+00:00\" \/>\n<meta property=\"og:image\" content=\"https:\/\/flamencogranada.com\/wp-content\/uploads\/2024\/07\/Jardines_Zoraya_Show_granada_flamenco.webp?wsr\" \/>\n\t<meta property=\"og:image:width\" content=\"400\" \/>\n\t<meta property=\"og:image:height\" content=\"250\" \/>\n\t<meta property=\"og:image:type\" content=\"image\/webp\" \/>\n<meta name=\"twitter:card\" content=\"summary_large_image\" \/>\n<meta name=\"twitter:label1\" content=\"Gesch\u00e4tzte Lesezeit\" \/>\n\t<meta name=\"twitter:data1\" content=\"2 Minuten\" \/>\n<!-- \/ Yoast SEO plugin. -->","yoast_head_json":{"title":"Wegbeschreibung zu unserem Tablao : Jardines de Zoraya","description":"Unser Flamenco-Tablao liegt im Herzen des historischen Viertels Albaic\u00edn. Hier erfahren Sie, wie Sie uns am besten erreichen.","robots":{"index":"index","follow":"follow","max-snippet":"max-snippet:-1","max-image-preview":"max-image-preview:large","max-video-preview":"max-video-preview:-1"},"canonical":"https:\/\/flamencogranada.com\/de\/bindung-geschenk-flamenco-show\/","og_locale":"de_DE","og_type":"article","og_title":"Wegbeschreibung zu unserem Tablao : Jardines de Zoraya","og_description":"Unser Flamenco-Tablao liegt im Herzen des historischen Viertels Albaic\u00edn. Hier erfahren Sie, wie Sie uns am besten erreichen.","og_url":"https:\/\/flamencogranada.com\/de\/bindung-geschenk-flamenco-show\/","og_site_name":"Jardines de Zoraya","article_publisher":"https:\/\/www.facebook.com\/RestauranteFlamencoGranada\/","article_modified_time":"2025-07-14T15:47:03+00:00","og_image":[{"width":400,"height":250,"url":"https:\/\/flamencogranada.com\/wp-content\/uploads\/2024\/07\/Jardines_Zoraya_Show_granada_flamenco.webp?wsr","type":"image\/webp"}],"twitter_card":"summary_large_image","twitter_misc":{"Gesch\u00e4tzte Lesezeit":"2 Minuten"},"schema":{"@context":"https:\/\/schema.org","@graph":[{"@type":"WebPage","@id":"https:\/\/flamencogranada.com\/de\/bindung-geschenk-flamenco-show\/","url":"https:\/\/flamencogranada.com\/de\/bindung-geschenk-flamenco-show\/","name":"Wegbeschreibung zu unserem Tablao : Jardines de Zoraya","isPartOf":{"@id":"https:\/\/flamencogranada.com\/de\/#website"},"datePublished":"2024-10-31T07:15:33+00:00","dateModified":"2025-07-14T15:47:03+00:00","description":"Unser Flamenco-Tablao liegt im Herzen des historischen Viertels Albaic\u00edn. Hier erfahren Sie, wie Sie uns am besten erreichen.","breadcrumb":{"@id":"https:\/\/flamencogranada.com\/de\/bindung-geschenk-flamenco-show\/#breadcrumb"},"inLanguage":"de","potentialAction":[{"@type":"ReadAction","target":["https:\/\/flamencogranada.com\/de\/bindung-geschenk-flamenco-show\/"]}]},{"@type":"BreadcrumbList","@id":"https:\/\/flamencogranada.com\/de\/bindung-geschenk-flamenco-show\/#breadcrumb","itemListElement":[{"@type":"ListItem","position":1,"name":"Startseite","item":"https:\/\/flamencogranada.com\/de\/"},{"@type":"ListItem","position":2,"name":"Wie Sie zu Los Jardines de Zoraya kommen"}]},{"@type":"WebSite","@id":"https:\/\/flamencogranada.com\/de\/#website","url":"https:\/\/flamencogranada.com\/de\/","name":"Jardines Zoraya","description":"Aut\u00e9ntico espect\u00e1culo flamenco en Granada para disfrutar del arte y el baile mientras degustas platos andaluces tradicionales en un tablao en el Albaic\u00edn.","publisher":{"@id":"https:\/\/flamencogranada.com\/de\/#organization"},"alternateName":"Flamenco en Granada","potentialAction":[{"@type":"SearchAction","target":{"@type":"EntryPoint","urlTemplate":"https:\/\/flamencogranada.com\/de\/?s={search_term_string}"},"query-input":{"@type":"PropertyValueSpecification","valueRequired":true,"valueName":"search_term_string"}}],"inLanguage":"de"},{"@type":"Organization","@id":"https:\/\/flamencogranada.com\/de\/#organization","name":"Jardines de Zoraya Flamenco Granada","alternateName":"Jardines de Zoraya","url":"https:\/\/flamencogranada.com\/de\/","logo":{"@type":"ImageObject","inLanguage":"de","@id":"https:\/\/flamencogranada.com\/de\/#\/schema\/logo\/image\/","url":"https:\/\/flamencogranada.com\/wp-content\/uploads\/2024\/06\/logo-invertido.png?wsr","contentUrl":"https:\/\/flamencogranada.com\/wp-content\/uploads\/2024\/06\/logo-invertido.png?wsr","width":208,"height":102,"caption":"Jardines de Zoraya Flamenco Granada"},"image":{"@id":"https:\/\/flamencogranada.com\/de\/#\/schema\/logo\/image\/"},"sameAs":["https:\/\/www.facebook.com\/RestauranteFlamencoGranada\/","https:\/\/www.instagram.com\/tablaojardinesdezoraya\/","https:\/\/www.tiktok.com\/@flamencogranada"]}]}},"_links":{"self":[{"href":"https:\/\/flamencogranada.com\/de\/wp-json\/wp\/v2\/pages\/32628","targetHints":{"allow":["GET"]}}],"collection":[{"href":"https:\/\/flamencogranada.com\/de\/wp-json\/wp\/v2\/pages"}],"about":[{"href":"https:\/\/flamencogranada.com\/de\/wp-json\/wp\/v2\/types\/page"}],"author":[{"embeddable":true,"href":"https:\/\/flamencogranada.com\/de\/wp-json\/wp\/v2\/users\/8"}],"replies":[{"embeddable":true,"href":"https:\/\/flamencogranada.com\/de\/wp-json\/wp\/v2\/comments?post=32628"}],"version-history":[{"count":0,"href":"https:\/\/flamencogranada.com\/de\/wp-json\/wp\/v2\/pages\/32628\/revisions"}],"wp:attachment":[{"href":"https:\/\/flamencogranada.com\/de\/wp-json\/wp\/v2\/media?parent=32628"}],"curies":[{"name":"wp","href":"https:\/\/api.w.org\/{rel}","templated":true}]}}