{"id":32517,"date":"2024-10-30T08:40:00","date_gmt":"2024-10-30T07:40:00","guid":{"rendered":"https:\/\/flamencogranada.com\/unsere-tablaos\/"},"modified":"2026-03-23T08:52:24","modified_gmt":"2026-03-23T07:52:24","slug":"unsere-tablaos","status":"publish","type":"page","link":"https:\/\/flamencogranada.com\/de\/unsere-tablaos\/","title":{"rendered":"Unsere Tablaos"},"content":{"rendered":"\t\t<div data-elementor-type=\"wp-page\" data-elementor-id=\"32517\" class=\"elementor elementor-32517 elementor-32474\" data-elementor-post-type=\"page\">\n\t\t\t\t<div class=\"elementor-element elementor-element-c68213e e-flex e-con-boxed e-con e-parent\" data-id=\"c68213e\" data-element_type=\"container\" data-e-type=\"container\" data-settings=\"{&quot;background_background&quot;:&quot;classic&quot;}\">\n\t\t\t\t\t<div class=\"e-con-inner\">\n\t\t<div class=\"elementor-element elementor-element-66fc55f e-con-full e-flex e-con e-child\" data-id=\"66fc55f\" data-element_type=\"container\" data-e-type=\"container\">\n\t\t\t\t<\/div>\n\t\t<div class=\"elementor-element elementor-element-ef6fac9 e-con-full e-flex e-con e-child\" data-id=\"ef6fac9\" data-element_type=\"container\" data-e-type=\"container\">\n\t\t\t\t<div class=\"elementor-element elementor-element-dcab36a elementor-widget elementor-widget-heading\" data-id=\"dcab36a\" data-element_type=\"widget\" data-e-type=\"widget\" data-widget_type=\"heading.default\">\n\t\t\t\t<div class=\"elementor-widget-container\">\n\t\t\t\t\t<h1 class=\"elementor-heading-title elementor-size-default\">UNSERE TABLAOS IN MALAGA UND GRANADA<\/h1>\t\t\t\t<\/div>\n\t\t\t\t<\/div>\n\t\t\t\t<div class=\"elementor-element elementor-element-4462ece elementor-widget elementor-widget-text-editor\" data-id=\"4462ece\" data-element_type=\"widget\" data-e-type=\"widget\" data-widget_type=\"text-editor.default\">\n\t\t\t\t<div class=\"elementor-widget-container\">\n\t\t\t\t\t\t\t\t\tWir verf\u00fcgen \u00fcber insgesamt drei Tablaos, in denen t\u00e4glich Shows und verschiedene erg\u00e4nzende Aktivit\u00e4ten angeboten werden, damit Sie ein einzigartiges Flamenco-Erlebnis genie\u00dfen k\u00f6nnen. In all unseren Tablaos k\u00f6nnen alle Arten von Veranstaltungen f\u00fcr Gruppen stattfinden, von eher informellen Veranstaltungen wie Jubil\u00e4en bis hin zu formelleren Veranstaltungen wie Afterworks. \n\t\t\t\t\t\t\t\t<\/div>\n\t\t\t\t<\/div>\n\t\t\t\t<\/div>\n\t\t\t\t\t<\/div>\n\t\t\t\t<\/div>\n\t\t<div class=\"elementor-element elementor-element-0dab40c e-flex e-con-boxed e-con e-parent\" data-id=\"0dab40c\" data-element_type=\"container\" data-e-type=\"container\">\n\t\t\t\t\t<div class=\"e-con-inner\">\n\t\t<div class=\"elementor-element elementor-element-4ccf29c e-con-full e-flex e-con e-child\" data-id=\"4ccf29c\" data-element_type=\"container\" data-e-type=\"container\" data-settings=\"{&quot;background_background&quot;:&quot;slideshow&quot;,&quot;background_slideshow_gallery&quot;:[{&quot;id&quot;:32479,&quot;url&quot;:&quot;https:\\\/\\\/flamencogranada.com\\\/wp-content\\\/uploads\\\/2024\\\/10\\\/cante-baile-guitarra-flamenco-palacio-scaled.jpg&quot;},{&quot;id&quot;:32484,&quot;url&quot;:&quot;https:\\\/\\\/flamencogranada.com\\\/wp-content\\\/uploads\\\/2024\\\/10\\\/flamenco-en-palacio-teatro-scaled.jpg&quot;}],&quot;background_slideshow_loop&quot;:&quot;yes&quot;,&quot;background_slideshow_slide_duration&quot;:5000,&quot;background_slideshow_slide_transition&quot;:&quot;fade&quot;,&quot;background_slideshow_transition_duration&quot;:500}\">\n\t\t\t\t<\/div>\n\t\t<div class=\"elementor-element elementor-element-74a7c26 e-con-full e-flex e-con e-child\" data-id=\"74a7c26\" data-element_type=\"container\" data-e-type=\"container\">\n\t\t\t\t<div class=\"elementor-element elementor-element-a4feb53 elementor-widget-mobile__width-inherit elementor-widget elementor-widget-heading\" data-id=\"a4feb53\" data-element_type=\"widget\" data-e-type=\"widget\" data-widget_type=\"heading.default\">\n\t\t\t\t<div class=\"elementor-widget-container\">\n\t\t\t\t\t<h2 class=\"elementor-heading-title elementor-size-default\">Flamenco Palast in Granada<\/h2>\t\t\t\t<\/div>\n\t\t\t\t<\/div>\n\t\t\t\t<div class=\"elementor-element elementor-element-6b38d3f elementor-widget-mobile__width-inherit elementor-icon-list--layout-traditional elementor-list-item-link-full_width elementor-widget elementor-widget-icon-list\" data-id=\"6b38d3f\" data-element_type=\"widget\" data-e-type=\"widget\" data-widget_type=\"icon-list.default\">\n\t\t\t\t<div class=\"elementor-widget-container\">\n\t\t\t\t\t\t\t<ul class=\"elementor-icon-list-items\">\n\t\t\t\t\t\t\t<li class=\"elementor-icon-list-item\">\n\t\t\t\t\t\t\t\t\t\t\t<span class=\"elementor-icon-list-icon\">\n\t\t\t\t\t\t\t<svg aria-hidden=\"true\" class=\"e-font-icon-svg e-fas-map-marker-alt\" viewBox=\"0 0 384 512\" xmlns=\"http:\/\/www.w3.org\/2000\/svg\"><path d=\"M172.268 501.67C26.97 291.031 0 269.413 0 192 0 85.961 85.961 0 192 0s192 85.961 192 192c0 77.413-26.97 99.031-172.268 309.67-9.535 13.774-29.93 13.773-39.464 0zM192 272c44.183 0 80-35.817 80-80s-35.817-80-80-80-80 35.817-80 80 35.817 80 80 80z\"><\/path><\/svg>\t\t\t\t\t\t<\/span>\n\t\t\t\t\t\t\t\t\t\t<span class=\"elementor-icon-list-text\">Grenada<\/span>\n\t\t\t\t\t\t\t\t\t<\/li>\n\t\t\t\t\t\t<\/ul>\n\t\t\t\t\t\t<\/div>\n\t\t\t\t<\/div>\n\t\t\t\t<div class=\"elementor-element elementor-element-0567eda elementor-widget elementor-widget-text-editor\" data-id=\"0567eda\" data-element_type=\"widget\" data-e-type=\"widget\" data-widget_type=\"text-editor.default\">\n\t\t\t\t<div class=\"elementor-widget-container\">\n\t\t\t\t\t\t\t\t\t<p><span style=\"font-weight: 400;\">Die Tablao Flamenco Palacio ist wahrscheinlich die Tablao mit der speziellsten Lage, denn sie ist die einzige Flamenco-Tablao in Granada, die sich in einem Palast befindet, genauer gesagt im Palacio de los Olvidados, einem Geb\u00e4ude aus dem 16. Jahrhundert am Fu\u00dfe der Alhambra. Genie\u00dfen Sie eine Flamenco-Show, w\u00e4hrend Sie einen Drink an unserer Bar zu sich nehmen. Wir bieten Ihnen auch die M\u00f6glichkeit, Veranstaltungen in diesem einzigartigen und exklusiven Rahmen abzuhalten.  <\/span><\/p>\n\t\t\t\t\t\t\t\t<\/div>\n\t\t\t\t<\/div>\n\t\t\t\t<div class=\"elementor-element elementor-element-5f235c5 elementor-mobile-align-justify elementor-widget elementor-widget-button\" data-id=\"5f235c5\" data-element_type=\"widget\" data-e-type=\"widget\" data-widget_type=\"button.default\">\n\t\t\t\t<div class=\"elementor-widget-container\">\n\t\t\t\t\t\t\t\t\t<div class=\"elementor-button-wrapper\">\n\t\t\t\t\t<a class=\"elementor-button elementor-button-link elementor-size-sm\" href=\"https:\/\/flamencoenpalacio.com\/de\/\" target=\"_blank\">\n\t\t\t\t\t\t<span class=\"elementor-button-content-wrapper\">\n\t\t\t\t\t\t\t\t\t<span class=\"elementor-button-text\">Website besuchen<\/span>\n\t\t\t\t\t<\/span>\n\t\t\t\t\t<\/a>\n\t\t\t\t<\/div>\n\t\t\t\t\t\t\t\t<\/div>\n\t\t\t\t<\/div>\n\t\t\t\t<\/div>\n\t\t\t\t\t<\/div>\n\t\t\t\t<\/div>\n\t\t<div class=\"elementor-element elementor-element-d318538 e-flex e-con-boxed e-con e-parent\" data-id=\"d318538\" data-element_type=\"container\" data-e-type=\"container\">\n\t\t\t\t\t<div class=\"e-con-inner\">\n\t\t<div class=\"elementor-element elementor-element-fcde3ee e-con-full e-flex e-con e-child\" data-id=\"fcde3ee\" data-element_type=\"container\" data-e-type=\"container\">\n\t\t\t\t<div class=\"elementor-element elementor-element-5e4291f elementor-widget-mobile__width-inherit elementor-widget elementor-widget-heading\" data-id=\"5e4291f\" data-element_type=\"widget\" data-e-type=\"widget\" data-widget_type=\"heading.default\">\n\t\t\t\t<div class=\"elementor-widget-container\">\n\t\t\t\t\t<h2 class=\"elementor-heading-title elementor-size-default\">Flamenco in Alegria Flamenco &amp; Gastronomie<\/h2>\t\t\t\t<\/div>\n\t\t\t\t<\/div>\n\t\t\t\t<div class=\"elementor-element elementor-element-2eb7e91 elementor-widget-mobile__width-inherit elementor-icon-list--layout-traditional elementor-list-item-link-full_width elementor-widget elementor-widget-icon-list\" data-id=\"2eb7e91\" data-element_type=\"widget\" data-e-type=\"widget\" data-widget_type=\"icon-list.default\">\n\t\t\t\t<div class=\"elementor-widget-container\">\n\t\t\t\t\t\t\t<ul class=\"elementor-icon-list-items\">\n\t\t\t\t\t\t\t<li class=\"elementor-icon-list-item\">\n\t\t\t\t\t\t\t\t\t\t\t<span class=\"elementor-icon-list-icon\">\n\t\t\t\t\t\t\t<svg aria-hidden=\"true\" class=\"e-font-icon-svg e-fas-map-marker-alt\" viewBox=\"0 0 384 512\" xmlns=\"http:\/\/www.w3.org\/2000\/svg\"><path d=\"M172.268 501.67C26.97 291.031 0 269.413 0 192 0 85.961 85.961 0 192 0s192 85.961 192 192c0 77.413-26.97 99.031-172.268 309.67-9.535 13.774-29.93 13.773-39.464 0zM192 272c44.183 0 80-35.817 80-80s-35.817-80-80-80-80 35.817-80 80 35.817 80 80 80z\"><\/path><\/svg>\t\t\t\t\t\t<\/span>\n\t\t\t\t\t\t\t\t\t\t<span class=\"elementor-icon-list-text\">Malaga<\/span>\n\t\t\t\t\t\t\t\t\t<\/li>\n\t\t\t\t\t\t<\/ul>\n\t\t\t\t\t\t<\/div>\n\t\t\t\t<\/div>\n\t\t\t\t<div class=\"elementor-element elementor-element-4f960c7 elementor-widget elementor-widget-text-editor\" data-id=\"4f960c7\" data-element_type=\"widget\" data-e-type=\"widget\" data-widget_type=\"text-editor.default\">\n\t\t\t\t<div class=\"elementor-widget-container\">\n\t\t\t\t\t\t\t\t\t<p>Alegria Flamenco bietet eine sehr erfolgreiche Show in M\u00e1laga. Obwohl es durchschnittlich 3-4 Flamenco-Shows pro Tag gibt, ist es immer voll und die meisten Shows sind ausverkauft. In seinem Restaurant finden Sie eine Speisekarte mit typisch andalusischen Gerichten, um vor der Show die beste spanische Gastronomie zu genie\u00dfen. Alegr\u00eda bietet auch ein intensives Flamenco-Erlebnis dank der Flamenco-Einf\u00fchrungskurse.    <\/p>\n\t\t\t\t\t\t\t\t<\/div>\n\t\t\t\t<\/div>\n\t\t\t\t<div class=\"elementor-element elementor-element-3fe1b6b elementor-mobile-align-justify elementor-widget elementor-widget-button\" data-id=\"3fe1b6b\" data-element_type=\"widget\" data-e-type=\"widget\" data-widget_type=\"button.default\">\n\t\t\t\t<div class=\"elementor-widget-container\">\n\t\t\t\t\t\t\t\t\t<div class=\"elementor-button-wrapper\">\n\t\t\t\t\t<a class=\"elementor-button elementor-button-link elementor-size-sm\" href=\"https:\/\/flamencomalaga.com\/de\/\" target=\"_blank\">\n\t\t\t\t\t\t<span class=\"elementor-button-content-wrapper\">\n\t\t\t\t\t\t\t\t\t<span class=\"elementor-button-text\">Website besuchen<\/span>\n\t\t\t\t\t<\/span>\n\t\t\t\t\t<\/a>\n\t\t\t\t<\/div>\n\t\t\t\t\t\t\t\t<\/div>\n\t\t\t\t<\/div>\n\t\t\t\t<\/div>\n\t\t<div class=\"elementor-element elementor-element-5ccf7cc e-con-full e-flex e-con e-child\" data-id=\"5ccf7cc\" data-element_type=\"container\" data-e-type=\"container\" data-settings=\"{&quot;background_background&quot;:&quot;slideshow&quot;,&quot;background_slideshow_gallery&quot;:[{&quot;id&quot;:32489,&quot;url&quot;:&quot;https:\\\/\\\/flamencogranada.com\\\/wp-content\\\/uploads\\\/2024\\\/10\\\/restaurante-flamenco-malaga.jpg&quot;},{&quot;id&quot;:32494,&quot;url&quot;:&quot;https:\\\/\\\/flamencogranada.com\\\/wp-content\\\/uploads\\\/2024\\\/10\\\/teatro-flamenco-malaga.jpg&quot;}],&quot;background_slideshow_loop&quot;:&quot;yes&quot;,&quot;background_slideshow_slide_duration&quot;:5000,&quot;background_slideshow_slide_transition&quot;:&quot;fade&quot;,&quot;background_slideshow_transition_duration&quot;:500}\">\n\t\t\t\t<\/div>\n\t\t\t\t\t<\/div>\n\t\t\t\t<\/div>\n\t\t<div class=\"elementor-element elementor-element-5f12d57 e-flex e-con-boxed e-con e-parent\" data-id=\"5f12d57\" data-element_type=\"container\" data-e-type=\"container\">\n\t\t\t\t\t<div class=\"e-con-inner\">\n\t\t<div class=\"elementor-element elementor-element-24a6f71 e-con-full e-flex e-con e-child\" data-id=\"24a6f71\" data-element_type=\"container\" data-e-type=\"container\" data-settings=\"{&quot;background_background&quot;:&quot;slideshow&quot;,&quot;background_slideshow_gallery&quot;:[{&quot;id&quot;:30228,&quot;url&quot;:&quot;https:\\\/\\\/flamencogranada.com\\\/wp-content\\\/uploads\\\/2024\\\/07\\\/jardin_5-1-1.jpg&quot;},{&quot;id&quot;:30511,&quot;url&quot;:&quot;https:\\\/\\\/flamencogranada.com\\\/wp-content\\\/uploads\\\/2024\\\/07\\\/jardin_28-1-1-1.jpg&quot;}],&quot;background_slideshow_loop&quot;:&quot;yes&quot;,&quot;background_slideshow_slide_duration&quot;:5000,&quot;background_slideshow_slide_transition&quot;:&quot;fade&quot;,&quot;background_slideshow_transition_duration&quot;:500}\">\n\t\t\t\t<\/div>\n\t\t<div class=\"elementor-element elementor-element-5a65e04 e-con-full e-flex e-con e-child\" data-id=\"5a65e04\" data-element_type=\"container\" data-e-type=\"container\">\n\t\t\t\t<div class=\"elementor-element elementor-element-7a5a800 elementor-widget-mobile__width-inherit elementor-widget elementor-widget-heading\" data-id=\"7a5a800\" data-element_type=\"widget\" data-e-type=\"widget\" data-widget_type=\"heading.default\">\n\t\t\t\t<div class=\"elementor-widget-container\">\n\t\t\t\t\t<h2 class=\"elementor-heading-title elementor-size-default\">Die Zoraya G\u00e4rten<\/h2>\t\t\t\t<\/div>\n\t\t\t\t<\/div>\n\t\t\t\t<div class=\"elementor-element elementor-element-9f4c257 elementor-widget-mobile__width-inherit elementor-icon-list--layout-traditional elementor-list-item-link-full_width elementor-widget elementor-widget-icon-list\" data-id=\"9f4c257\" data-element_type=\"widget\" data-e-type=\"widget\" data-widget_type=\"icon-list.default\">\n\t\t\t\t<div class=\"elementor-widget-container\">\n\t\t\t\t\t\t\t<ul class=\"elementor-icon-list-items\">\n\t\t\t\t\t\t\t<li class=\"elementor-icon-list-item\">\n\t\t\t\t\t\t\t\t\t\t\t<span class=\"elementor-icon-list-icon\">\n\t\t\t\t\t\t\t<svg aria-hidden=\"true\" class=\"e-font-icon-svg e-fas-map-marker-alt\" viewBox=\"0 0 384 512\" xmlns=\"http:\/\/www.w3.org\/2000\/svg\"><path d=\"M172.268 501.67C26.97 291.031 0 269.413 0 192 0 85.961 85.961 0 192 0s192 85.961 192 192c0 77.413-26.97 99.031-172.268 309.67-9.535 13.774-29.93 13.773-39.464 0zM192 272c44.183 0 80-35.817 80-80s-35.817-80-80-80-80 35.817-80 80 35.817 80 80 80z\"><\/path><\/svg>\t\t\t\t\t\t<\/span>\n\t\t\t\t\t\t\t\t\t\t<span class=\"elementor-icon-list-text\">Grenada<\/span>\n\t\t\t\t\t\t\t\t\t<\/li>\n\t\t\t\t\t\t<\/ul>\n\t\t\t\t\t\t<\/div>\n\t\t\t\t<\/div>\n\t\t\t\t<div class=\"elementor-element elementor-element-ba6098b elementor-widget elementor-widget-text-editor\" data-id=\"ba6098b\" data-element_type=\"widget\" data-e-type=\"widget\" data-widget_type=\"text-editor.default\">\n\t\t\t\t<div class=\"elementor-widget-container\">\n\t\t\t\t\t\t\t\t\tIn diesem Tablao k\u00f6nnen Sie ein einzigartiges Flamenco-Erlebnis im Herzen des Albaic\u00edn erleben, ganz in der N\u00e4he des historischen Zentrums von Granada. Die Terrasse ist ein romantischer und intimer Ort, an dem Sie etwas trinken oder zu Abend essen k\u00f6nnen, und liegt hinter der alten Moschee des Albaic\u00edn. Auch das gastronomische Angebot des Los Jardines de Zoraya steht Ihnen nicht nach. Die Ruhe auf dieser Terrasse schafft eine magische Atmosph\u00e4re, in der Sie garantiert einen unvergesslichen Abend verbringen werden.    \n\t\t\t\t\t\t\t\t<\/div>\n\t\t\t\t<\/div>\n\t\t\t\t<div class=\"elementor-element elementor-element-2279f80 elementor-mobile-align-justify elementor-widget elementor-widget-button\" data-id=\"2279f80\" data-element_type=\"widget\" data-e-type=\"widget\" data-widget_type=\"button.default\">\n\t\t\t\t<div class=\"elementor-widget-container\">\n\t\t\t\t\t\t\t\t\t<div class=\"elementor-button-wrapper\">\n\t\t\t\t\t<a class=\"elementor-button elementor-button-link elementor-size-sm\" href=\"https:\/\/show.flamencogranada.com\/de\/838-web-tablao\/4721-flamenco-show-ticket\" target=\"_blank\">\n\t\t\t\t\t\t<span class=\"elementor-button-content-wrapper\">\n\t\t\t\t\t\t\t\t\t<span class=\"elementor-button-text\">Reserveiren<\/span>\n\t\t\t\t\t<\/span>\n\t\t\t\t\t<\/a>\n\t\t\t\t<\/div>\n\t\t\t\t\t\t\t\t<\/div>\n\t\t\t\t<\/div>\n\t\t\t\t<\/div>\n\t\t\t\t\t<\/div>\n\t\t\t\t<\/div>\n\t\t\t\t<\/div>\n\t\t","protected":false},"excerpt":{"rendered":"<p>UNSERE TABLAOS IN MALAGA UND GRANADA Wir verf\u00fcgen \u00fcber insgesamt drei Tablaos, in denen t\u00e4glich Shows und verschiedene erg\u00e4nzende Aktivit\u00e4ten angeboten werden, damit Sie ein einzigartiges Flamenco-Erlebnis genie\u00dfen k\u00f6nnen. In all unseren Tablaos k\u00f6nnen alle Arten von Veranstaltungen f\u00fcr Gruppen stattfinden, von eher informellen Veranstaltungen wie Jubil\u00e4en bis hin zu formelleren Veranstaltungen wie Afterworks. Flamenco [&hellip;]<\/p>\n","protected":false},"author":8,"featured_media":0,"parent":0,"menu_order":0,"comment_status":"closed","ping_status":"closed","template":"","meta":{"_acf_changed":false,"footnotes":""},"class_list":["post-32517","page","type-page","status-publish","hentry"],"acf":[],"yoast_head":"<!-- This site is optimized with the Yoast SEO plugin v27.3 - https:\/\/yoast.com\/product\/yoast-seo-wordpress\/ -->\n<title>Unsere Tablaos in Malaga und Granada | Jardines de Zoraya<\/title>\n<meta name=\"description\" content=\"Sehen Sie alle unsere Tablaos und Restaurants mit Flamenco-Shows in Malaga und Granada. Alle mit t\u00e4glichen Shows und verschiedenen Aktivit\u00e4ten.\" \/>\n<meta name=\"robots\" content=\"noindex, follow\" \/>\n<meta property=\"og:locale\" content=\"de_DE\" \/>\n<meta property=\"og:type\" content=\"article\" \/>\n<meta property=\"og:title\" content=\"Unsere Tablaos in Malaga und Granada | Jardines de Zoraya\" \/>\n<meta property=\"og:description\" content=\"Sehen Sie alle unsere Tablaos und Restaurants mit Flamenco-Shows in Malaga und Granada. Alle mit t\u00e4glichen Shows und verschiedenen Aktivit\u00e4ten.\" \/>\n<meta property=\"og:url\" content=\"https:\/\/flamencogranada.com\/de\/unsere-tablaos\/\" \/>\n<meta property=\"og:site_name\" content=\"Jardines de Zoraya\" \/>\n<meta property=\"article:publisher\" content=\"https:\/\/www.facebook.com\/RestauranteFlamencoGranada\/\" \/>\n<meta property=\"article:modified_time\" content=\"2026-03-23T07:52:24+00:00\" \/>\n<meta property=\"og:image\" content=\"https:\/\/flamencogranada.com\/wp-content\/uploads\/2024\/07\/Jardines_Zoraya_Show_granada_flamenco.webp?wsr\" \/>\n\t<meta property=\"og:image:width\" content=\"400\" \/>\n\t<meta property=\"og:image:height\" content=\"250\" \/>\n\t<meta property=\"og:image:type\" content=\"image\/webp\" \/>\n<meta name=\"twitter:card\" content=\"summary_large_image\" \/>\n<meta name=\"twitter:label1\" content=\"Gesch\u00e4tzte Lesezeit\" \/>\n\t<meta name=\"twitter:data1\" content=\"2 Minuten\" \/>\n<!-- \/ Yoast SEO plugin. -->","yoast_head_json":{"title":"Unsere Tablaos in Malaga und Granada | Jardines de Zoraya","description":"Sehen Sie alle unsere Tablaos und Restaurants mit Flamenco-Shows in Malaga und Granada. Alle mit t\u00e4glichen Shows und verschiedenen Aktivit\u00e4ten.","robots":{"index":"noindex","follow":"follow"},"og_locale":"de_DE","og_type":"article","og_title":"Unsere Tablaos in Malaga und Granada | Jardines de Zoraya","og_description":"Sehen Sie alle unsere Tablaos und Restaurants mit Flamenco-Shows in Malaga und Granada. Alle mit t\u00e4glichen Shows und verschiedenen Aktivit\u00e4ten.","og_url":"https:\/\/flamencogranada.com\/de\/unsere-tablaos\/","og_site_name":"Jardines de Zoraya","article_publisher":"https:\/\/www.facebook.com\/RestauranteFlamencoGranada\/","article_modified_time":"2026-03-23T07:52:24+00:00","og_image":[{"width":400,"height":250,"url":"https:\/\/flamencogranada.com\/wp-content\/uploads\/2024\/07\/Jardines_Zoraya_Show_granada_flamenco.webp?wsr","type":"image\/webp"}],"twitter_card":"summary_large_image","twitter_misc":{"Gesch\u00e4tzte Lesezeit":"2 Minuten"},"schema":{"@context":"https:\/\/schema.org","@graph":[{"@type":"WebPage","@id":"https:\/\/flamencogranada.com\/de\/unsere-tablaos\/","url":"https:\/\/flamencogranada.com\/de\/unsere-tablaos\/","name":"Unsere Tablaos in Malaga und Granada | Jardines de Zoraya","isPartOf":{"@id":"https:\/\/flamencogranada.com\/de\/#website"},"datePublished":"2024-10-30T07:40:00+00:00","dateModified":"2026-03-23T07:52:24+00:00","description":"Sehen Sie alle unsere Tablaos und Restaurants mit Flamenco-Shows in Malaga und Granada. Alle mit t\u00e4glichen Shows und verschiedenen Aktivit\u00e4ten.","breadcrumb":{"@id":"https:\/\/flamencogranada.com\/de\/unsere-tablaos\/#breadcrumb"},"inLanguage":"de","potentialAction":[{"@type":"ReadAction","target":["https:\/\/flamencogranada.com\/de\/unsere-tablaos\/"]}]},{"@type":"BreadcrumbList","@id":"https:\/\/flamencogranada.com\/de\/unsere-tablaos\/#breadcrumb","itemListElement":[{"@type":"ListItem","position":1,"name":"Startseite","item":"https:\/\/flamencogranada.com\/de\/"},{"@type":"ListItem","position":2,"name":"Unsere Tablaos"}]},{"@type":"WebSite","@id":"https:\/\/flamencogranada.com\/de\/#website","url":"https:\/\/flamencogranada.com\/de\/","name":"Jardines Zoraya","description":"Aut\u00e9ntico espect\u00e1culo flamenco en Granada para disfrutar del arte y el baile mientras degustas platos andaluces tradicionales en un tablao en el Albaic\u00edn.","publisher":{"@id":"https:\/\/flamencogranada.com\/de\/#organization"},"alternateName":"Flamenco en Granada","potentialAction":[{"@type":"SearchAction","target":{"@type":"EntryPoint","urlTemplate":"https:\/\/flamencogranada.com\/de\/?s={search_term_string}"},"query-input":{"@type":"PropertyValueSpecification","valueRequired":true,"valueName":"search_term_string"}}],"inLanguage":"de"},{"@type":"Organization","@id":"https:\/\/flamencogranada.com\/de\/#organization","name":"Jardines de Zoraya Flamenco Granada","alternateName":"Jardines de Zoraya","url":"https:\/\/flamencogranada.com\/de\/","logo":{"@type":"ImageObject","inLanguage":"de","@id":"https:\/\/flamencogranada.com\/de\/#\/schema\/logo\/image\/","url":"https:\/\/flamencogranada.com\/wp-content\/uploads\/2024\/06\/logo-invertido.png?wsr","contentUrl":"https:\/\/flamencogranada.com\/wp-content\/uploads\/2024\/06\/logo-invertido.png?wsr","width":208,"height":102,"caption":"Jardines de Zoraya Flamenco Granada"},"image":{"@id":"https:\/\/flamencogranada.com\/de\/#\/schema\/logo\/image\/"},"sameAs":["https:\/\/www.facebook.com\/RestauranteFlamencoGranada\/","https:\/\/www.instagram.com\/tablaojardinesdezoraya\/","https:\/\/www.tiktok.com\/@flamencogranada"]}]}},"_links":{"self":[{"href":"https:\/\/flamencogranada.com\/de\/wp-json\/wp\/v2\/pages\/32517","targetHints":{"allow":["GET"]}}],"collection":[{"href":"https:\/\/flamencogranada.com\/de\/wp-json\/wp\/v2\/pages"}],"about":[{"href":"https:\/\/flamencogranada.com\/de\/wp-json\/wp\/v2\/types\/page"}],"author":[{"embeddable":true,"href":"https:\/\/flamencogranada.com\/de\/wp-json\/wp\/v2\/users\/8"}],"replies":[{"embeddable":true,"href":"https:\/\/flamencogranada.com\/de\/wp-json\/wp\/v2\/comments?post=32517"}],"version-history":[{"count":1,"href":"https:\/\/flamencogranada.com\/de\/wp-json\/wp\/v2\/pages\/32517\/revisions"}],"predecessor-version":[{"id":37430,"href":"https:\/\/flamencogranada.com\/de\/wp-json\/wp\/v2\/pages\/32517\/revisions\/37430"}],"wp:attachment":[{"href":"https:\/\/flamencogranada.com\/de\/wp-json\/wp\/v2\/media?parent=32517"}],"curies":[{"name":"wp","href":"https:\/\/api.w.org\/{rel}","templated":true}]}}