{"id":28261,"date":"2024-06-25T15:48:38","date_gmt":"2024-06-25T15:48:38","guid":{"rendered":"https:\/\/flamencogranada.com\/datenschutzbestimmungen\/"},"modified":"2026-03-25T20:25:11","modified_gmt":"2026-03-25T19:25:11","slug":"datenschutzbestimmungen","status":"publish","type":"page","link":"https:\/\/flamencogranada.com\/de\/datenschutzbestimmungen\/","title":{"rendered":"Datenschutzbestimmungen"},"content":{"rendered":"\n<p><strong>DE &#8211; Firmenname<\/strong>: Flamenco Granada SLU (Jardines de Zoraya)<br\/><strong>Firmensitz<\/strong>: <a href=\"https:\/\/goo.gl\/maps\/u31oar4cKDCFEqpH7\" target=\"_blank\" rel=\"noreferrer noopener\">Calle Panaderos, 32, 18010 Granada (Spanien)<\/a><br\/> CIF: B-72397219<br\/><strong>Telefon<\/strong>: <a href=\"tel:0034958206266\" target=\"_blank\" rel=\"noreferrer noopener\">0034 958 206 266<\/a> E-Mail: <a href=\"mailto:info@jardinesdezoraya.com\" target=\"_blank\" rel=\"noreferrer noopener\">info@jardinesdezoraya.com<\/a><\/p>\n\n<p>In \u00dcbereinstimmung mit dem Organgesetz 15\/1999 vom 13. Dezember \u00fcber den Schutz personenbezogener Daten (LOPD) werden die Nutzer dar\u00fcber informiert, dass alle personenbezogenen Daten, die sie uns \u00fcber die Formulare auf dieser Website zur Verf\u00fcgung stellen, in die bei der spanischen Datenschutzbeh\u00f6rde registrierten Dateien aufgenommen werden, die Eigentum von Miguel Moreno Riojas, S.L. sind und f\u00fcr die Miguel Moreno Riojas, S.L. verantwortlich ist, um alle Fragen beantworten zu k\u00f6nnen, die sie uns \u00fcber diese Formulare stellen. Zu diesem Zweck und in \u00dcbereinstimmung mit dem K\u00f6niglichen Dekret 1720\/2007 vom 21. Dezember ergreift Miguel Moreno Riojas, S.L. geeignete Sicherheitsma\u00dfnahmen f\u00fcr die von den Nutzern zur Verf\u00fcgung gestellten personenbezogenen Daten und setzt die technischen Mittel und Ma\u00dfnahmen ein, um den Verlust, den Missbrauch, die Ver\u00e4nderung, den unbefugten Zugriff und den Diebstahl derselben zu verhindern. Dar\u00fcber hinaus weisen wir Sie darauf hin, dass die \u00fcber diese Website eingegangenen Lebensl\u00e4ufe f\u00fcr einen Zeitraum von maximal sechs Monaten nach Erhalt gespeichert werden. Wurde es nach Ablauf dieser Frist nicht in ein Auswahlverfahren einbezogen, wird es vernichtet.   <\/p>\n\n<p>In Bezug auf die Ver\u00f6ffentlichung personenbezogener Daten in Blogs und sozialen Netzwerken, die diese Website teilen k\u00f6nnen, k\u00f6nnen personenbezogene Daten zum Zweck der Beantwortung von Kommentaren und der Verbesserung unserer Dienstleistungen verarbeitet werden. Die Datenschutzpolitik wird von den f\u00fcr diese Websites verantwortlichen Stellen festgelegt. Miguel Moreno Riojas, S.L. ist nicht verantwortlich f\u00fcr die pers\u00f6nlichen Daten, die jeder Nutzer ver\u00f6ffentlicht. Wenn Sie sich f\u00fcr unseren Newsletter anmelden, erhalten Sie Informationen \u00fcber unsere Aktivit\u00e4ten, Veranstaltungen, Angebote usw. Sie k\u00f6nnen sich abmelden, indem Sie uns eine E-Mail schicken, in der Sie in der Betreffzeile angeben, dass Sie diesen Newsletter nicht mehr erhalten m\u00f6chten, und um die Streichung aus der Verteilerliste bitten.    <\/p>\n\n<p>Auf unserer Website und in den sozialen Netzwerken k\u00f6nnen wir Fotos von unseren Veranstaltungen, Mitarbeitern usw. ver\u00f6ffentlichen, um unser Unternehmen bekannt zu machen und unsere Dienstleistungen zu verbessern. Sollten Sie in der Lage sein, diese zu verlassen, k\u00f6nnen Sie uns bitten, sie zu entfernen, indem Sie eine Kopie beif\u00fcgen. Eine solche Kopie reicht als &#8222;Bildschirmfoto&#8220; aus, um Ihr Bild korrekt zu identifizieren.  <\/p>\n\n<p>Ihre pers\u00f6nlichen Daten werden nicht an Dritte weitergegeben, es sei denn, diese sind aufgrund gesetzlicher Verpflichtungen dazu verpflichtet. Die Nutzer k\u00f6nnen jederzeit ihr Recht auf Zugang, Berichtigung, Widerspruch und L\u00f6schung ihrer personenbezogenen Daten gem\u00e4\u00df den geltenden Rechtsvorschriften zum Schutz personenbezogener Daten aus\u00fcben, indem sie sich schriftlich per Post oder E-Mail an unser Unternehmen wenden und eine Kopie ihres Personalausweises beif\u00fcgen. <\/p>\n","protected":false},"excerpt":{"rendered":"<p>DE &#8211; Firmenname: Flamenco Granada SLU (Jardines de Zoraya)Firmensitz: Calle Panaderos, 32, 18010 Granada (Spanien) CIF: B-72397219Telefon: 0034 958 206 266 E-Mail: info@jardinesdezoraya.com In \u00dcbereinstimmung mit dem Organgesetz 15\/1999 vom 13. Dezember \u00fcber den Schutz personenbezogener Daten (LOPD) werden die Nutzer dar\u00fcber informiert, dass alle personenbezogenen Daten, die sie uns \u00fcber die Formulare auf dieser [&hellip;]<\/p>\n","protected":false},"author":8,"featured_media":0,"parent":0,"menu_order":0,"comment_status":"closed","ping_status":"closed","template":"","meta":{"_acf_changed":false,"footnotes":""},"class_list":["post-28261","page","type-page","status-publish","hentry"],"acf":[],"yoast_head":"<!-- This site is optimized with the Yoast SEO plugin v27.4 - https:\/\/yoast.com\/product\/yoast-seo-wordpress\/ -->\n<title>Datenschutzbestimmungen | Jardines de Zoraya<\/title>\n<meta name=\"robots\" content=\"noindex, nofollow\" \/>\n<meta property=\"og:locale\" content=\"de_DE\" \/>\n<meta property=\"og:type\" content=\"article\" \/>\n<meta property=\"og:title\" content=\"Datenschutzbestimmungen | Jardines de Zoraya\" \/>\n<meta property=\"og:description\" content=\"DE &#8211; Firmenname: Flamenco Granada SLU (Jardines de Zoraya)Firmensitz: Calle Panaderos, 32, 18010 Granada (Spanien) CIF: B-72397219Telefon: 0034 958 206 266 E-Mail: info@jardinesdezoraya.com In \u00dcbereinstimmung mit dem Organgesetz 15\/1999 vom 13. Dezember \u00fcber den Schutz personenbezogener Daten (LOPD) werden die Nutzer dar\u00fcber informiert, dass alle personenbezogenen Daten, die sie uns \u00fcber die Formulare auf dieser [&hellip;]\" \/>\n<meta property=\"og:url\" content=\"https:\/\/flamencogranada.com\/de\/datenschutzbestimmungen\/\" \/>\n<meta property=\"og:site_name\" content=\"Jardines de Zoraya\" \/>\n<meta property=\"article:publisher\" content=\"https:\/\/www.facebook.com\/RestauranteFlamencoGranada\/\" \/>\n<meta property=\"article:modified_time\" content=\"2026-03-25T19:25:11+00:00\" \/>\n<meta property=\"og:image\" content=\"https:\/\/flamencogranada.com\/wp-content\/uploads\/2024\/07\/Jardines_Zoraya_Show_granada_flamenco.webp?wsr\" \/>\n\t<meta property=\"og:image:width\" content=\"400\" \/>\n\t<meta property=\"og:image:height\" content=\"250\" \/>\n\t<meta property=\"og:image:type\" content=\"image\/webp\" \/>\n<meta name=\"twitter:card\" content=\"summary_large_image\" \/>\n<meta name=\"twitter:label1\" content=\"Gesch\u00e4tzte Lesezeit\" \/>\n\t<meta name=\"twitter:data1\" content=\"2 Minuten\" \/>\n<!-- \/ Yoast SEO plugin. -->","yoast_head_json":{"title":"Datenschutzbestimmungen | Jardines de Zoraya","robots":{"index":"noindex","follow":"nofollow"},"og_locale":"de_DE","og_type":"article","og_title":"Datenschutzbestimmungen | Jardines de Zoraya","og_description":"DE &#8211; Firmenname: Flamenco Granada SLU (Jardines de Zoraya)Firmensitz: Calle Panaderos, 32, 18010 Granada (Spanien) CIF: B-72397219Telefon: 0034 958 206 266 E-Mail: info@jardinesdezoraya.com In \u00dcbereinstimmung mit dem Organgesetz 15\/1999 vom 13. Dezember \u00fcber den Schutz personenbezogener Daten (LOPD) werden die Nutzer dar\u00fcber informiert, dass alle personenbezogenen Daten, die sie uns \u00fcber die Formulare auf dieser [&hellip;]","og_url":"https:\/\/flamencogranada.com\/de\/datenschutzbestimmungen\/","og_site_name":"Jardines de Zoraya","article_publisher":"https:\/\/www.facebook.com\/RestauranteFlamencoGranada\/","article_modified_time":"2026-03-25T19:25:11+00:00","og_image":[{"width":400,"height":250,"url":"https:\/\/flamencogranada.com\/wp-content\/uploads\/2024\/07\/Jardines_Zoraya_Show_granada_flamenco.webp?wsr","type":"image\/webp"}],"twitter_card":"summary_large_image","twitter_misc":{"Gesch\u00e4tzte Lesezeit":"2 Minuten"},"schema":{"@context":"https:\/\/schema.org","@graph":[{"@type":"WebPage","@id":"https:\/\/flamencogranada.com\/de\/datenschutzbestimmungen\/","url":"https:\/\/flamencogranada.com\/de\/datenschutzbestimmungen\/","name":"Datenschutzbestimmungen | Jardines de Zoraya","isPartOf":{"@id":"https:\/\/flamencogranada.com\/de\/#website"},"datePublished":"2024-06-25T15:48:38+00:00","dateModified":"2026-03-25T19:25:11+00:00","breadcrumb":{"@id":"https:\/\/flamencogranada.com\/de\/datenschutzbestimmungen\/#breadcrumb"},"inLanguage":"de","potentialAction":[{"@type":"ReadAction","target":["https:\/\/flamencogranada.com\/de\/datenschutzbestimmungen\/"]}]},{"@type":"BreadcrumbList","@id":"https:\/\/flamencogranada.com\/de\/datenschutzbestimmungen\/#breadcrumb","itemListElement":[{"@type":"ListItem","position":1,"name":"Startseite","item":"https:\/\/flamencogranada.com\/de\/"},{"@type":"ListItem","position":2,"name":"Datenschutzbestimmungen"}]},{"@type":"WebSite","@id":"https:\/\/flamencogranada.com\/de\/#website","url":"https:\/\/flamencogranada.com\/de\/","name":"Jardines Zoraya","description":"Aut\u00e9ntico espect\u00e1culo flamenco en Granada para disfrutar del arte y el baile mientras degustas platos andaluces tradicionales en un tablao en el Albaic\u00edn.","publisher":{"@id":"https:\/\/flamencogranada.com\/de\/#organization"},"alternateName":"Flamenco en Granada","potentialAction":[{"@type":"SearchAction","target":{"@type":"EntryPoint","urlTemplate":"https:\/\/flamencogranada.com\/de\/?s={search_term_string}"},"query-input":{"@type":"PropertyValueSpecification","valueRequired":true,"valueName":"search_term_string"}}],"inLanguage":"de"},{"@type":"Organization","@id":"https:\/\/flamencogranada.com\/de\/#organization","name":"Jardines de Zoraya Flamenco Granada","alternateName":"Jardines de Zoraya","url":"https:\/\/flamencogranada.com\/de\/","logo":{"@type":"ImageObject","inLanguage":"de","@id":"https:\/\/flamencogranada.com\/de\/#\/schema\/logo\/image\/","url":"https:\/\/flamencogranada.com\/wp-content\/uploads\/2024\/06\/logo-invertido.png?wsr","contentUrl":"https:\/\/flamencogranada.com\/wp-content\/uploads\/2024\/06\/logo-invertido.png?wsr","width":208,"height":102,"caption":"Jardines de Zoraya Flamenco Granada"},"image":{"@id":"https:\/\/flamencogranada.com\/de\/#\/schema\/logo\/image\/"},"sameAs":["https:\/\/www.facebook.com\/RestauranteFlamencoGranada\/","https:\/\/www.instagram.com\/tablaojardinesdezoraya\/","https:\/\/www.tiktok.com\/@flamencogranada"]}]}},"_links":{"self":[{"href":"https:\/\/flamencogranada.com\/de\/wp-json\/wp\/v2\/pages\/28261","targetHints":{"allow":["GET"]}}],"collection":[{"href":"https:\/\/flamencogranada.com\/de\/wp-json\/wp\/v2\/pages"}],"about":[{"href":"https:\/\/flamencogranada.com\/de\/wp-json\/wp\/v2\/types\/page"}],"author":[{"embeddable":true,"href":"https:\/\/flamencogranada.com\/de\/wp-json\/wp\/v2\/users\/8"}],"replies":[{"embeddable":true,"href":"https:\/\/flamencogranada.com\/de\/wp-json\/wp\/v2\/comments?post=28261"}],"version-history":[{"count":1,"href":"https:\/\/flamencogranada.com\/de\/wp-json\/wp\/v2\/pages\/28261\/revisions"}],"predecessor-version":[{"id":37651,"href":"https:\/\/flamencogranada.com\/de\/wp-json\/wp\/v2\/pages\/28261\/revisions\/37651"}],"wp:attachment":[{"href":"https:\/\/flamencogranada.com\/de\/wp-json\/wp\/v2\/media?parent=28261"}],"curies":[{"name":"wp","href":"https:\/\/api.w.org\/{rel}","templated":true}]}}