{"id":28251,"date":"2024-06-25T15:48:47","date_gmt":"2024-06-25T13:48:47","guid":{"rendered":"https:\/\/flamencogranada.com\/cookies-politik\/"},"modified":"2026-03-25T23:17:05","modified_gmt":"2026-03-25T22:17:05","slug":"cookies-politik","status":"publish","type":"page","link":"https:\/\/flamencogranada.com\/de\/cookies-politik\/","title":{"rendered":"Cookies Politik"},"content":{"rendered":"\t\t<div data-elementor-type=\"wp-page\" data-elementor-id=\"28251\" class=\"elementor elementor-28251 elementor-76\" data-elementor-post-type=\"page\">\n\t\t\t\t<div class=\"elementor-element elementor-element-683722c1 e-flex e-con-boxed e-con e-parent\" data-id=\"683722c1\" data-element_type=\"container\" data-e-type=\"container\">\n\t\t\t\t\t<div class=\"e-con-inner\">\n\t\t\t\t<div class=\"elementor-element elementor-element-0db6f3b elementor-widget elementor-widget-heading\" data-id=\"0db6f3b\" data-element_type=\"widget\" data-e-type=\"widget\" data-widget_type=\"heading.default\">\n\t\t\t\t<div class=\"elementor-widget-container\">\n\t\t\t\t\t<h1 class=\"elementor-heading-title elementor-size-default\">Cookie-Richtlinie<\/h1>\t\t\t\t<\/div>\n\t\t\t\t<\/div>\n\t\t\t\t<div class=\"elementor-element elementor-element-399af63d elementor-widget elementor-widget-text-editor\" data-id=\"399af63d\" data-element_type=\"widget\" data-e-type=\"widget\" data-widget_type=\"text-editor.default\">\n\t\t\t\t<div class=\"elementor-widget-container\">\n\t\t\t\t\t\t\t\t\t\n<p>Ein Cookie ist eine kleine Textdatei, die in Ihrem Browser gespeichert wird, wenn Sie eine beliebige Website besuchen. Es ist n\u00fctzlich f\u00fcr die Website, um sich an Ihren Besuch zu erinnern, wenn Sie zu dieser Seite zur\u00fcckkehren. Cookies speichern in der Regel Informationen technischer Art, pers\u00f6nliche Pr\u00e4ferenzen, die Personalisierung von Inhalten, Nutzungsstatistiken, Links zu sozialen Netzwerken, Zugang zu Benutzerkonten usw. Der Zweck des Cookies besteht darin, den Inhalt der Website an Ihr Profil und Ihre Bed\u00fcrfnisse anzupassen. Ohne Cookies w\u00e4ren die von einer Seite angebotenen Dienste erheblich eingeschr\u00e4nkt. F\u00fcr weitere Informationen dar\u00fcber, was Cookies sind, was sie speichern, wie Sie sie l\u00f6schen, deaktivieren usw., folgen Sie bitte <a href=\"https:\/\/support.google.com\/chrome\/answer\/95647?hl=es\" target=\"_blank\" rel=\"noreferrer noopener\">diesem Link<\/a>.<\/p>\n<script id=\"CookieDeclaration\" src=\"https:\/\/consent.cookiebot.com\/687f7cf5-3cc4-4b1a-bfff-d3663422aad9\/cd.js\" type=\"text\/javascript\" async><\/script>\t\t\t\t\t\t\t\t<\/div>\n\t\t\t\t<\/div>\n\t\t\t\t\t<\/div>\n\t\t\t\t<\/div>\n\t\t\t\t<\/div>\n\t\t","protected":false},"excerpt":{"rendered":"<p>Cookie-Richtlinie Ein Cookie ist eine kleine Textdatei, die in Ihrem Browser gespeichert wird, wenn Sie eine beliebige Website besuchen. Es ist n\u00fctzlich f\u00fcr die Website, um sich an Ihren Besuch zu erinnern, wenn Sie zu dieser Seite zur\u00fcckkehren. Cookies speichern in der Regel Informationen technischer Art, pers\u00f6nliche Pr\u00e4ferenzen, die Personalisierung von Inhalten, Nutzungsstatistiken, Links zu [&hellip;]<\/p>\n","protected":false},"author":8,"featured_media":0,"parent":0,"menu_order":0,"comment_status":"closed","ping_status":"closed","template":"","meta":{"_acf_changed":false,"footnotes":""},"class_list":["post-28251","page","type-page","status-publish","hentry"],"acf":[],"yoast_head":"<!-- This site is optimized with the Yoast SEO plugin v27.3 - https:\/\/yoast.com\/product\/yoast-seo-wordpress\/ -->\n<title>Cookies Politik | Jardines de Zoraya<\/title>\n<meta name=\"robots\" content=\"noindex, nofollow\" \/>\n<meta property=\"og:locale\" content=\"de_DE\" \/>\n<meta property=\"og:type\" content=\"article\" \/>\n<meta property=\"og:title\" content=\"Cookies Politik | Jardines de Zoraya\" \/>\n<meta property=\"og:description\" content=\"Cookie-Richtlinie Ein Cookie ist eine kleine Textdatei, die in Ihrem Browser gespeichert wird, wenn Sie eine beliebige Website besuchen. Es ist n\u00fctzlich f\u00fcr die Website, um sich an Ihren Besuch zu erinnern, wenn Sie zu dieser Seite zur\u00fcckkehren. Cookies speichern in der Regel Informationen technischer Art, pers\u00f6nliche Pr\u00e4ferenzen, die Personalisierung von Inhalten, Nutzungsstatistiken, Links zu [&hellip;]\" \/>\n<meta property=\"og:url\" content=\"https:\/\/flamencogranada.com\/de\/cookies-politik\/\" \/>\n<meta property=\"og:site_name\" content=\"Jardines de Zoraya\" \/>\n<meta property=\"article:publisher\" content=\"https:\/\/www.facebook.com\/RestauranteFlamencoGranada\/\" \/>\n<meta property=\"article:modified_time\" content=\"2026-03-25T22:17:05+00:00\" \/>\n<meta property=\"og:image\" content=\"https:\/\/flamencogranada.com\/wp-content\/uploads\/2024\/07\/Jardines_Zoraya_Show_granada_flamenco.webp?wsr\" \/>\n\t<meta property=\"og:image:width\" content=\"400\" \/>\n\t<meta property=\"og:image:height\" content=\"250\" \/>\n\t<meta property=\"og:image:type\" content=\"image\/webp\" \/>\n<meta name=\"twitter:card\" content=\"summary_large_image\" \/>\n<meta name=\"twitter:label1\" content=\"Gesch\u00e4tzte Lesezeit\" \/>\n\t<meta name=\"twitter:data1\" content=\"1\u00a0Minute\" \/>\n<!-- \/ Yoast SEO plugin. -->","yoast_head_json":{"title":"Cookies Politik | Jardines de Zoraya","robots":{"index":"noindex","follow":"nofollow"},"og_locale":"de_DE","og_type":"article","og_title":"Cookies Politik | Jardines de Zoraya","og_description":"Cookie-Richtlinie Ein Cookie ist eine kleine Textdatei, die in Ihrem Browser gespeichert wird, wenn Sie eine beliebige Website besuchen. Es ist n\u00fctzlich f\u00fcr die Website, um sich an Ihren Besuch zu erinnern, wenn Sie zu dieser Seite zur\u00fcckkehren. Cookies speichern in der Regel Informationen technischer Art, pers\u00f6nliche Pr\u00e4ferenzen, die Personalisierung von Inhalten, Nutzungsstatistiken, Links zu [&hellip;]","og_url":"https:\/\/flamencogranada.com\/de\/cookies-politik\/","og_site_name":"Jardines de Zoraya","article_publisher":"https:\/\/www.facebook.com\/RestauranteFlamencoGranada\/","article_modified_time":"2026-03-25T22:17:05+00:00","og_image":[{"width":400,"height":250,"url":"https:\/\/flamencogranada.com\/wp-content\/uploads\/2024\/07\/Jardines_Zoraya_Show_granada_flamenco.webp?wsr","type":"image\/webp"}],"twitter_card":"summary_large_image","twitter_misc":{"Gesch\u00e4tzte Lesezeit":"1\u00a0Minute"},"schema":{"@context":"https:\/\/schema.org","@graph":[{"@type":"WebPage","@id":"https:\/\/flamencogranada.com\/de\/cookies-politik\/","url":"https:\/\/flamencogranada.com\/de\/cookies-politik\/","name":"Cookies Politik | Jardines de Zoraya","isPartOf":{"@id":"https:\/\/flamencogranada.com\/de\/#website"},"datePublished":"2024-06-25T13:48:47+00:00","dateModified":"2026-03-25T22:17:05+00:00","breadcrumb":{"@id":"https:\/\/flamencogranada.com\/de\/cookies-politik\/#breadcrumb"},"inLanguage":"de","potentialAction":[{"@type":"ReadAction","target":["https:\/\/flamencogranada.com\/de\/cookies-politik\/"]}]},{"@type":"BreadcrumbList","@id":"https:\/\/flamencogranada.com\/de\/cookies-politik\/#breadcrumb","itemListElement":[{"@type":"ListItem","position":1,"name":"Startseite","item":"https:\/\/flamencogranada.com\/de\/"},{"@type":"ListItem","position":2,"name":"Cookies Politik"}]},{"@type":"WebSite","@id":"https:\/\/flamencogranada.com\/de\/#website","url":"https:\/\/flamencogranada.com\/de\/","name":"Jardines Zoraya","description":"Aut\u00e9ntico espect\u00e1culo flamenco en Granada para disfrutar del arte y el baile mientras degustas platos andaluces tradicionales en un tablao en el Albaic\u00edn.","publisher":{"@id":"https:\/\/flamencogranada.com\/de\/#organization"},"alternateName":"Flamenco en Granada","potentialAction":[{"@type":"SearchAction","target":{"@type":"EntryPoint","urlTemplate":"https:\/\/flamencogranada.com\/de\/?s={search_term_string}"},"query-input":{"@type":"PropertyValueSpecification","valueRequired":true,"valueName":"search_term_string"}}],"inLanguage":"de"},{"@type":"Organization","@id":"https:\/\/flamencogranada.com\/de\/#organization","name":"Jardines de Zoraya Flamenco Granada","alternateName":"Jardines de Zoraya","url":"https:\/\/flamencogranada.com\/de\/","logo":{"@type":"ImageObject","inLanguage":"de","@id":"https:\/\/flamencogranada.com\/de\/#\/schema\/logo\/image\/","url":"https:\/\/flamencogranada.com\/wp-content\/uploads\/2024\/06\/logo-invertido.png?wsr","contentUrl":"https:\/\/flamencogranada.com\/wp-content\/uploads\/2024\/06\/logo-invertido.png?wsr","width":208,"height":102,"caption":"Jardines de Zoraya Flamenco Granada"},"image":{"@id":"https:\/\/flamencogranada.com\/de\/#\/schema\/logo\/image\/"},"sameAs":["https:\/\/www.facebook.com\/RestauranteFlamencoGranada\/","https:\/\/www.instagram.com\/tablaojardinesdezoraya\/","https:\/\/www.tiktok.com\/@flamencogranada"]}]}},"_links":{"self":[{"href":"https:\/\/flamencogranada.com\/de\/wp-json\/wp\/v2\/pages\/28251","targetHints":{"allow":["GET"]}}],"collection":[{"href":"https:\/\/flamencogranada.com\/de\/wp-json\/wp\/v2\/pages"}],"about":[{"href":"https:\/\/flamencogranada.com\/de\/wp-json\/wp\/v2\/types\/page"}],"author":[{"embeddable":true,"href":"https:\/\/flamencogranada.com\/de\/wp-json\/wp\/v2\/users\/8"}],"replies":[{"embeddable":true,"href":"https:\/\/flamencogranada.com\/de\/wp-json\/wp\/v2\/comments?post=28251"}],"version-history":[{"count":1,"href":"https:\/\/flamencogranada.com\/de\/wp-json\/wp\/v2\/pages\/28251\/revisions"}],"predecessor-version":[{"id":37665,"href":"https:\/\/flamencogranada.com\/de\/wp-json\/wp\/v2\/pages\/28251\/revisions\/37665"}],"wp:attachment":[{"href":"https:\/\/flamencogranada.com\/de\/wp-json\/wp\/v2\/media?parent=28251"}],"curies":[{"name":"wp","href":"https:\/\/api.w.org\/{rel}","templated":true}]}}