{"id":28243,"date":"2024-06-25T15:49:16","date_gmt":"2024-06-25T15:49:16","guid":{"rendered":"https:\/\/flamencogranada.com\/bedingungen-fuer-kauf-und-buchung\/"},"modified":"2026-03-25T20:24:04","modified_gmt":"2026-03-25T19:24:04","slug":"bedingungen-fuer-kauf-und-buchung","status":"publish","type":"page","link":"https:\/\/flamencogranada.com\/de\/bedingungen-fuer-kauf-und-buchung\/","title":{"rendered":"Kauf- und Buchungsbedingungen"},"content":{"rendered":"\n<p>F\u00fcr den Fall, dass der Zugang zu einer der Websites nicht m\u00f6glich ist oder eine vertraglich vereinbarte Dienstleistung nicht erbracht werden kann, m\u00f6chten wir Ihnen versichern, dass Sie den Betrag im Verh\u00e4ltnis zu dem betroffenen Zugang oder der betroffenen Dienstleistung zur\u00fcckerstattet bekommen. Es ist wichtig f\u00fcr Sie zu wissen, dass wir uns im Rahmen <strong>unseres Engagements f\u00fcr Ihre Zufriedenheit<\/strong> bem\u00fchen, alle Ihre Erwartungen zu erf\u00fcllen, und wir m\u00f6chten Ihnen versichern, dass wir im Falle eines Falles schnell und effizient handeln werden, um alle Unannehmlichkeiten zu beseitigen, die auftreten k\u00f6nnen. <\/p>\n\n<p>Wir m\u00f6chten, dass Sie sich bei der Wahl unserer Dienstleistungen sicher f\u00fchlen. Wenn Sie Ihre Buchung aus irgendeinem Grund stornieren m\u00f6chten, m\u00fcssen Sie dies nur <strong>24 Stunden im Voraus<\/strong> tun. In diesem Fall wird der entsprechende Betrag auf demselben Weg zur\u00fcckerstattet, der f\u00fcr die Zahlung verwendet wurde (Bargeld, Karte, usw.). <\/p>\n\n<p>Kurz gesagt, in unserem Unternehmen sind wir bestrebt, <strong>Ihnen die bestm\u00f6gliche Aufmerksamkeit und den bestm\u00f6glichen Service zu bieten<\/strong>, mit der Verpflichtung, jede Situation zu l\u00f6sen, die <strong>Ihre Erfahrung mit uns beeinflussen k\u00f6nnte<\/strong>.<\/p>\n\n<p>Wir danken Ihnen f\u00fcr Ihr Vertrauen in unsere Dienstleistungen und hoffen, Sie bald wieder begr\u00fc\u00dfen zu d\u00fcrfen!<\/p>\n","protected":false},"excerpt":{"rendered":"<p>F\u00fcr den Fall, dass der Zugang zu einer der Websites nicht m\u00f6glich ist oder eine vertraglich vereinbarte Dienstleistung nicht erbracht werden kann, m\u00f6chten wir Ihnen versichern, dass Sie den Betrag im Verh\u00e4ltnis zu dem betroffenen Zugang oder der betroffenen Dienstleistung zur\u00fcckerstattet bekommen. Es ist wichtig f\u00fcr Sie zu wissen, dass wir uns im Rahmen unseres [&hellip;]<\/p>\n","protected":false},"author":8,"featured_media":0,"parent":0,"menu_order":0,"comment_status":"closed","ping_status":"closed","template":"","meta":{"_acf_changed":false,"footnotes":""},"class_list":["post-28243","page","type-page","status-publish","hentry"],"acf":[],"yoast_head":"<!-- This site is optimized with the Yoast SEO plugin v27.3 - https:\/\/yoast.com\/product\/yoast-seo-wordpress\/ -->\n<title>Kauf- und Buchungsbedingungen | Jardines de Zoraya<\/title>\n<meta name=\"robots\" content=\"noindex, nofollow\" \/>\n<meta property=\"og:locale\" content=\"de_DE\" \/>\n<meta property=\"og:type\" content=\"article\" \/>\n<meta property=\"og:title\" content=\"Kauf- und Buchungsbedingungen | Jardines de Zoraya\" \/>\n<meta property=\"og:description\" content=\"F\u00fcr den Fall, dass der Zugang zu einer der Websites nicht m\u00f6glich ist oder eine vertraglich vereinbarte Dienstleistung nicht erbracht werden kann, m\u00f6chten wir Ihnen versichern, dass Sie den Betrag im Verh\u00e4ltnis zu dem betroffenen Zugang oder der betroffenen Dienstleistung zur\u00fcckerstattet bekommen. Es ist wichtig f\u00fcr Sie zu wissen, dass wir uns im Rahmen unseres [&hellip;]\" \/>\n<meta property=\"og:url\" content=\"https:\/\/flamencogranada.com\/de\/bedingungen-fuer-kauf-und-buchung\/\" \/>\n<meta property=\"og:site_name\" content=\"Jardines de Zoraya\" \/>\n<meta property=\"article:publisher\" content=\"https:\/\/www.facebook.com\/RestauranteFlamencoGranada\/\" \/>\n<meta property=\"article:modified_time\" content=\"2026-03-25T19:24:04+00:00\" \/>\n<meta property=\"og:image\" content=\"https:\/\/flamencogranada.com\/wp-content\/uploads\/2024\/07\/Jardines_Zoraya_Show_granada_flamenco.webp?wsr\" \/>\n\t<meta property=\"og:image:width\" content=\"400\" \/>\n\t<meta property=\"og:image:height\" content=\"250\" \/>\n\t<meta property=\"og:image:type\" content=\"image\/webp\" \/>\n<meta name=\"twitter:card\" content=\"summary_large_image\" \/>\n<meta name=\"twitter:label1\" content=\"Gesch\u00e4tzte Lesezeit\" \/>\n\t<meta name=\"twitter:data1\" content=\"1\u00a0Minute\" \/>\n<!-- \/ Yoast SEO plugin. -->","yoast_head_json":{"title":"Kauf- und Buchungsbedingungen | Jardines de Zoraya","robots":{"index":"noindex","follow":"nofollow"},"og_locale":"de_DE","og_type":"article","og_title":"Kauf- und Buchungsbedingungen | Jardines de Zoraya","og_description":"F\u00fcr den Fall, dass der Zugang zu einer der Websites nicht m\u00f6glich ist oder eine vertraglich vereinbarte Dienstleistung nicht erbracht werden kann, m\u00f6chten wir Ihnen versichern, dass Sie den Betrag im Verh\u00e4ltnis zu dem betroffenen Zugang oder der betroffenen Dienstleistung zur\u00fcckerstattet bekommen. Es ist wichtig f\u00fcr Sie zu wissen, dass wir uns im Rahmen unseres [&hellip;]","og_url":"https:\/\/flamencogranada.com\/de\/bedingungen-fuer-kauf-und-buchung\/","og_site_name":"Jardines de Zoraya","article_publisher":"https:\/\/www.facebook.com\/RestauranteFlamencoGranada\/","article_modified_time":"2026-03-25T19:24:04+00:00","og_image":[{"width":400,"height":250,"url":"https:\/\/flamencogranada.com\/wp-content\/uploads\/2024\/07\/Jardines_Zoraya_Show_granada_flamenco.webp?wsr","type":"image\/webp"}],"twitter_card":"summary_large_image","twitter_misc":{"Gesch\u00e4tzte Lesezeit":"1\u00a0Minute"},"schema":{"@context":"https:\/\/schema.org","@graph":[{"@type":"WebPage","@id":"https:\/\/flamencogranada.com\/de\/bedingungen-fuer-kauf-und-buchung\/","url":"https:\/\/flamencogranada.com\/de\/bedingungen-fuer-kauf-und-buchung\/","name":"Kauf- und Buchungsbedingungen | Jardines de Zoraya","isPartOf":{"@id":"https:\/\/flamencogranada.com\/de\/#website"},"datePublished":"2024-06-25T15:49:16+00:00","dateModified":"2026-03-25T19:24:04+00:00","breadcrumb":{"@id":"https:\/\/flamencogranada.com\/de\/bedingungen-fuer-kauf-und-buchung\/#breadcrumb"},"inLanguage":"de","potentialAction":[{"@type":"ReadAction","target":["https:\/\/flamencogranada.com\/de\/bedingungen-fuer-kauf-und-buchung\/"]}]},{"@type":"BreadcrumbList","@id":"https:\/\/flamencogranada.com\/de\/bedingungen-fuer-kauf-und-buchung\/#breadcrumb","itemListElement":[{"@type":"ListItem","position":1,"name":"Startseite","item":"https:\/\/flamencogranada.com\/de\/"},{"@type":"ListItem","position":2,"name":"Kauf- und Buchungsbedingungen"}]},{"@type":"WebSite","@id":"https:\/\/flamencogranada.com\/de\/#website","url":"https:\/\/flamencogranada.com\/de\/","name":"Jardines Zoraya","description":"Aut\u00e9ntico espect\u00e1culo flamenco en Granada para disfrutar del arte y el baile mientras degustas platos andaluces tradicionales en un tablao en el Albaic\u00edn.","publisher":{"@id":"https:\/\/flamencogranada.com\/de\/#organization"},"alternateName":"Flamenco en Granada","potentialAction":[{"@type":"SearchAction","target":{"@type":"EntryPoint","urlTemplate":"https:\/\/flamencogranada.com\/de\/?s={search_term_string}"},"query-input":{"@type":"PropertyValueSpecification","valueRequired":true,"valueName":"search_term_string"}}],"inLanguage":"de"},{"@type":"Organization","@id":"https:\/\/flamencogranada.com\/de\/#organization","name":"Jardines de Zoraya Flamenco Granada","alternateName":"Jardines de Zoraya","url":"https:\/\/flamencogranada.com\/de\/","logo":{"@type":"ImageObject","inLanguage":"de","@id":"https:\/\/flamencogranada.com\/de\/#\/schema\/logo\/image\/","url":"https:\/\/flamencogranada.com\/wp-content\/uploads\/2024\/06\/logo-invertido.png?wsr","contentUrl":"https:\/\/flamencogranada.com\/wp-content\/uploads\/2024\/06\/logo-invertido.png?wsr","width":208,"height":102,"caption":"Jardines de Zoraya Flamenco Granada"},"image":{"@id":"https:\/\/flamencogranada.com\/de\/#\/schema\/logo\/image\/"},"sameAs":["https:\/\/www.facebook.com\/RestauranteFlamencoGranada\/","https:\/\/www.instagram.com\/tablaojardinesdezoraya\/","https:\/\/www.tiktok.com\/@flamencogranada"]}]}},"_links":{"self":[{"href":"https:\/\/flamencogranada.com\/de\/wp-json\/wp\/v2\/pages\/28243","targetHints":{"allow":["GET"]}}],"collection":[{"href":"https:\/\/flamencogranada.com\/de\/wp-json\/wp\/v2\/pages"}],"about":[{"href":"https:\/\/flamencogranada.com\/de\/wp-json\/wp\/v2\/types\/page"}],"author":[{"embeddable":true,"href":"https:\/\/flamencogranada.com\/de\/wp-json\/wp\/v2\/users\/8"}],"replies":[{"embeddable":true,"href":"https:\/\/flamencogranada.com\/de\/wp-json\/wp\/v2\/comments?post=28243"}],"version-history":[{"count":1,"href":"https:\/\/flamencogranada.com\/de\/wp-json\/wp\/v2\/pages\/28243\/revisions"}],"predecessor-version":[{"id":37644,"href":"https:\/\/flamencogranada.com\/de\/wp-json\/wp\/v2\/pages\/28243\/revisions\/37644"}],"wp:attachment":[{"href":"https:\/\/flamencogranada.com\/de\/wp-json\/wp\/v2\/media?parent=28243"}],"curies":[{"name":"wp","href":"https:\/\/api.w.org\/{rel}","templated":true}]}}